{"id":21613,"date":"2024-03-23T20:50:47","date_gmt":"2024-03-23T19:50:47","guid":{"rendered":"https:\/\/pawz.rs\/?post_type=product&#038;p=21613"},"modified":"2024-11-30T14:36:47","modified_gmt":"2024-11-30T13:36:47","slug":"ferplast-krevet-sa-jastukom-dandy-65","status":"publish","type":"product","link":"https:\/\/pawz.rs\/en\/ferplast-krevet-sa-jastukom-dandy-65\/","title":{"rendered":"Ferplast Krevet Sa Jastukom Dandy 65"},"content":{"rendered":"<p><strong>Ferplast Krevet Sa Jastukom Dandy 65<\/strong><\/p>\n<p>Dimenzije kreveti\u0107a: 64 x 17 x 45 cm<\/p>\n<p>Proizvo\u0111a\u010d: Ferplast<br \/>\nZemlja porekla: Italija<\/p>\n\n    <div class=\"xs_social_share_widget xs_share_url after_content \t\tmain_content  wslu-style-1 wslu-share-box-shaped wslu-fill-colored wslu-none wslu-share-horizontal wslu-theme-font-no wslu-main_content\">\n\n\t\t\n        <ul>\n\t\t\t        <\/ul>\n    <\/div>","protected":false},"excerpt":{"rendered":"<p>Ferplast Krevet Sa Jastukom Dandy 65 Dimenzije kreveti\u0107a: 64 x 17 x 45 cm Proizvo\u0111a\u010d: Ferplast Zemlja porekla: Italija<\/p>","protected":false},"featured_media":21614,"comment_status":"open","ping_status":"closed","template":"","meta":{"_acf_changed":false},"pwb-brand":[505],"product_cat":[47,23,765,769,202,763],"product_tag":[],"class_list":{"0":"post-21613","1":"product","2":"type-product","3":"status-publish","4":"has-post-thumbnail","6":"pwb-brand-ferribiella","7":"product_cat-psi","8":"product_cat-macke","9":"product_cat-oprema-za-macke","10":"product_cat-krevetici-i-transporteri-macke","11":"product_cat-oprema-za-pse","12":"product_cat-krevetici-i-transporteri","14":"first","15":"instock","16":"taxable","17":"shipping-taxable","18":"purchasable","19":"product-type-simple"},"acf":[],"brands":[{"id":505,"name":"Ferribiella","slug":"ferribiella"}],"_links":{"self":[{"href":"https:\/\/pawz.rs\/en\/wp-json\/wp\/v2\/product\/21613","targetHints":{"allow":["GET"]}}],"collection":[{"href":"https:\/\/pawz.rs\/en\/wp-json\/wp\/v2\/product"}],"about":[{"href":"https:\/\/pawz.rs\/en\/wp-json\/wp\/v2\/types\/product"}],"replies":[{"embeddable":true,"href":"https:\/\/pawz.rs\/en\/wp-json\/wp\/v2\/comments?post=21613"}],"wp:featuredmedia":[{"embeddable":true,"href":"https:\/\/pawz.rs\/en\/wp-json\/wp\/v2\/media\/21614"}],"wp:attachment":[{"href":"https:\/\/pawz.rs\/en\/wp-json\/wp\/v2\/media?parent=21613"}],"wp:term":[{"taxonomy":"pwb-brand","embeddable":true,"href":"https:\/\/pawz.rs\/en\/wp-json\/wp\/v2\/pwb-brand?post=21613"},{"taxonomy":"product_cat","embeddable":true,"href":"https:\/\/pawz.rs\/en\/wp-json\/wp\/v2\/product_cat?post=21613"},{"taxonomy":"product_tag","embeddable":true,"href":"https:\/\/pawz.rs\/en\/wp-json\/wp\/v2\/product_tag?post=21613"}],"curies":[{"name":"wp","href":"https:\/\/api.w.org\/{rel}","templated":true}]}}