{"id":21623,"date":"2024-03-23T20:50:42","date_gmt":"2024-03-23T19:50:42","guid":{"rendered":"https:\/\/pawz.rs\/?post_type=product&#038;p=21623"},"modified":"2024-10-28T09:47:13","modified_gmt":"2024-10-28T08:47:13","slug":"trixie-krevet-loki-roze","status":"publish","type":"product","link":"https:\/\/pawz.rs\/en\/trixie-krevet-loki-roze\/","title":{"rendered":"Trixie Krevet Loki Roze"},"content":{"rendered":"<p><strong>Trixie Krevet Loki Roze<\/strong><\/p>\n<ul>\n<li class=\"tw-data-text tw-text-small tw-ta\" dir=\"ltr\">Ortopedska posteljina za maksimalnu udobnost spavanja<\/li>\n<li class=\"tw-data-text tw-text-small tw-ta\" dir=\"ltr\">Odr\u017eiv zahvaljujuc\u0301i recikliranim materijalima (min. 88%)<\/li>\n<li class=\"tw-data-text tw-text-small tw-ta\" dir=\"ltr\">Strukturirani meki pli\u0161<\/li>\n<li class=\"tw-data-text tw-text-small tw-ta\" dir=\"ltr\">Pokriva\u010d od poliestera<\/li>\n<li class=\"tw-data-text tw-text-small tw-ta\" dir=\"ltr\">Viskoelasti\u010dna pena-pahuljica punjenje (memorijski efekat)<\/li>\n<li class=\"tw-data-text tw-text-small tw-ta\" dir=\"ltr\">Sa \u010dvrsto pri\u010dvr\u0161c\u0301enim jastukom<\/li>\n<li class=\"tw-data-text tw-text-small tw-ta\" dir=\"ltr\">Neklizajuc\u0301e dno<\/li>\n<\/ul>\n<p>Dimenzije kreveta: 50 x 35 cm<\/p>\n<p>Proizvo\u0111a\u010d: Trixie<br \/>\nCountry of origin: Germany<\/p>\n\n    <div class=\"xs_social_share_widget xs_share_url after_content \t\tmain_content  wslu-style-1 wslu-share-box-shaped wslu-fill-colored wslu-none wslu-share-horizontal wslu-theme-font-no wslu-main_content\">\n\n\t\t\n        <ul>\n\t\t\t        <\/ul>\n    <\/div>","protected":false},"excerpt":{"rendered":"<p>Trixie Krevet Loki Roze Ortopedska posteljina za maksimalnu udobnost spavanja Odr\u017eiv zahvaljujuc\u0301i recikliranim materijalima (min. 88%) Strukturirani meki pli\u0161 Pokriva\u010d od poliestera Viskoelasti\u010dna pena-pahuljica punjenje (memorijski efekat) Sa \u010dvrsto pri\u010dvr\u0161c\u0301enim jastukom Neklizajuc\u0301e dno Dimenzije kreveta: 50 x 35 cm Proizvo\u0111a\u010d: Trixie Zemlja porekla: Nema\u010dka<\/p>","protected":false},"featured_media":21624,"comment_status":"open","ping_status":"closed","template":"","meta":{"_acf_changed":false},"pwb-brand":[465],"product_cat":[47,23,765,769,202,763],"product_tag":[],"class_list":{"0":"post-21623","1":"product","2":"type-product","3":"status-publish","4":"has-post-thumbnail","6":"pwb-brand-trixie","7":"product_cat-psi","8":"product_cat-macke","9":"product_cat-oprema-za-macke","10":"product_cat-krevetici-i-transporteri-macke","11":"product_cat-oprema-za-pse","12":"product_cat-krevetici-i-transporteri","14":"first","15":"instock","16":"taxable","17":"shipping-taxable","18":"purchasable","19":"product-type-simple"},"acf":[],"brands":[{"id":465,"name":"Trixie","slug":"trixie"}],"_links":{"self":[{"href":"https:\/\/pawz.rs\/en\/wp-json\/wp\/v2\/product\/21623","targetHints":{"allow":["GET"]}}],"collection":[{"href":"https:\/\/pawz.rs\/en\/wp-json\/wp\/v2\/product"}],"about":[{"href":"https:\/\/pawz.rs\/en\/wp-json\/wp\/v2\/types\/product"}],"replies":[{"embeddable":true,"href":"https:\/\/pawz.rs\/en\/wp-json\/wp\/v2\/comments?post=21623"}],"wp:featuredmedia":[{"embeddable":true,"href":"https:\/\/pawz.rs\/en\/wp-json\/wp\/v2\/media\/21624"}],"wp:attachment":[{"href":"https:\/\/pawz.rs\/en\/wp-json\/wp\/v2\/media?parent=21623"}],"wp:term":[{"taxonomy":"pwb-brand","embeddable":true,"href":"https:\/\/pawz.rs\/en\/wp-json\/wp\/v2\/pwb-brand?post=21623"},{"taxonomy":"product_cat","embeddable":true,"href":"https:\/\/pawz.rs\/en\/wp-json\/wp\/v2\/product_cat?post=21623"},{"taxonomy":"product_tag","embeddable":true,"href":"https:\/\/pawz.rs\/en\/wp-json\/wp\/v2\/product_tag?post=21623"}],"curies":[{"name":"wp","href":"https:\/\/api.w.org\/{rel}","templated":true}]}}