{"id":21625,"date":"2024-03-23T20:50:41","date_gmt":"2024-03-23T19:50:41","guid":{"rendered":"https:\/\/pawz.rs\/?post_type=product&#038;p=21625"},"modified":"2025-11-18T17:23:01","modified_gmt":"2025-11-18T16:23:01","slug":"trixie-krevet-lian-37cm","status":"publish","type":"product","link":"https:\/\/pawz.rs\/en\/trixie-krevet-lian-37cm\/","title":{"rendered":"Trixie Krevet Lian 37cm"},"content":{"rendered":"<p><strong>Trixie Krevet Lian 37cm<\/strong><\/p>\n<ul>\n<li class=\"tw-data-text tw-text-small tw-ta\" dir=\"ltr\">Filc (poliester)<\/li>\n<li class=\"tw-data-text tw-text-small tw-ta\" dir=\"ltr\">Stabilnog oblika zahvaljujuc\u0301i oja\u010danom obodu<\/li>\n<li class=\"tw-data-text tw-text-small tw-ta\" dir=\"ltr\">Jastuk sa pli\u0161anom navlakom (poliester) i punjenjem od poliesterskog flisa, pro\u0161iven sa ru\u010dkama<\/li>\n<\/ul>\n<p>Obim kreveta: 37 cm<\/p>\n<p>Proizvo\u0111a\u010d: Trixie<br \/>\nCountry of origin: Germany<\/p>\n\n    <div class=\"xs_social_share_widget xs_share_url after_content \t\tmain_content  wslu-style-1 wslu-share-box-shaped wslu-fill-colored wslu-none wslu-share-horizontal wslu-theme-font-no wslu-main_content\">\n\n\t\t\n        <ul>\n\t\t\t        <\/ul>\n    <\/div>","protected":false},"excerpt":{"rendered":"<p><strong>Trixie Krevet Lian 37cm<\/strong><\/p>","protected":false},"featured_media":21626,"comment_status":"open","ping_status":"closed","template":"","meta":{"_acf_changed":false},"pwb-brand":[465],"product_cat":[47,23,765,769,202,763],"product_tag":[],"class_list":{"0":"post-21625","1":"product","2":"type-product","3":"status-publish","4":"has-post-thumbnail","6":"pwb-brand-trixie","7":"product_cat-psi","8":"product_cat-macke","9":"product_cat-oprema-za-macke","10":"product_cat-krevetici-i-transporteri-macke","11":"product_cat-oprema-za-pse","12":"product_cat-krevetici-i-transporteri","14":"first","15":"instock","16":"taxable","17":"shipping-taxable","18":"purchasable","19":"product-type-simple"},"acf":[],"brands":[{"id":465,"name":"Trixie","slug":"trixie"}],"_links":{"self":[{"href":"https:\/\/pawz.rs\/en\/wp-json\/wp\/v2\/product\/21625","targetHints":{"allow":["GET"]}}],"collection":[{"href":"https:\/\/pawz.rs\/en\/wp-json\/wp\/v2\/product"}],"about":[{"href":"https:\/\/pawz.rs\/en\/wp-json\/wp\/v2\/types\/product"}],"replies":[{"embeddable":true,"href":"https:\/\/pawz.rs\/en\/wp-json\/wp\/v2\/comments?post=21625"}],"wp:featuredmedia":[{"embeddable":true,"href":"https:\/\/pawz.rs\/en\/wp-json\/wp\/v2\/media\/21626"}],"wp:attachment":[{"href":"https:\/\/pawz.rs\/en\/wp-json\/wp\/v2\/media?parent=21625"}],"wp:term":[{"taxonomy":"pwb-brand","embeddable":true,"href":"https:\/\/pawz.rs\/en\/wp-json\/wp\/v2\/pwb-brand?post=21625"},{"taxonomy":"product_cat","embeddable":true,"href":"https:\/\/pawz.rs\/en\/wp-json\/wp\/v2\/product_cat?post=21625"},{"taxonomy":"product_tag","embeddable":true,"href":"https:\/\/pawz.rs\/en\/wp-json\/wp\/v2\/product_tag?post=21625"}],"curies":[{"name":"wp","href":"https:\/\/api.w.org\/{rel}","templated":true}]}}