{"id":21630,"date":"2024-03-23T20:50:39","date_gmt":"2024-03-23T19:50:39","guid":{"rendered":"https:\/\/pawz.rs\/?post_type=product&#038;p=21630"},"modified":"2025-06-27T17:14:25","modified_gmt":"2025-06-27T15:14:25","slug":"trixie-kucica-za-mace-minou-ljubicasta","status":"publish","type":"product","link":"https:\/\/pawz.rs\/en\/trixie-kucica-za-mace-minou-ljubicasta\/","title":{"rendered":"Trixie Ku\u0107ica Za Mace Minou Ljubi\u010dasta"},"content":{"rendered":"<p><strong>Trixie Ku\u0107ica Za Mace Minou Ljubi\u010dasta<\/strong><\/p>\n<ul>\n<li class=\"tw-data-text tw-text-small tw-ta\" dir=\"ltr\">Meki pli\u0161<\/li>\n<li class=\"tw-data-text tw-text-small tw-ta\" dir=\"ltr\">Pokriva\u010d od poliestera<\/li>\n<li class=\"tw-data-text tw-text-small tw-ta\" dir=\"ltr\">Podloga od pene<\/li>\n<li class=\"tw-data-text tw-text-small tw-ta\" dir=\"ltr\">Jastuk sa punjenjem od flisa od poliestera, pro\u0161iven sa igra\u010dkom na kanapu<\/li>\n<li class=\"tw-data-text tw-text-small tw-ta\" dir=\"ltr\">Neklizajuc\u0301e dno<\/li>\n<\/ul>\n<p>Dimenzije kreveta: 35 x 26 x 41 cm<\/p>\n<p>Proizvo\u0111a\u010d: Trixie<br \/>\nCountry of origin: Germany<\/p>\n\n    <div class=\"xs_social_share_widget xs_share_url after_content \t\tmain_content  wslu-style-1 wslu-share-box-shaped wslu-fill-colored wslu-none wslu-share-horizontal wslu-theme-font-no wslu-main_content\">\n\n\t\t\n        <ul>\n\t\t\t        <\/ul>\n    <\/div>","protected":false},"excerpt":{"rendered":"<p>Trixie Ku\u0107ica Za Mace Minou Ljubi\u010dasta<\/p>","protected":false},"featured_media":21631,"comment_status":"open","ping_status":"closed","template":"","meta":{"_acf_changed":false},"pwb-brand":[465],"product_cat":[23,763,765,202,47,769],"product_tag":[],"class_list":{"0":"post-21630","1":"product","2":"type-product","3":"status-publish","4":"has-post-thumbnail","6":"pwb-brand-trixie","7":"product_cat-macke","8":"product_cat-krevetici-i-transporteri","9":"product_cat-oprema-za-macke","10":"product_cat-oprema-za-pse","11":"product_cat-psi","12":"product_cat-krevetici-i-transporteri-macke","14":"first","15":"instock","16":"taxable","17":"shipping-taxable","18":"purchasable","19":"product-type-simple"},"acf":[],"brands":[{"id":465,"name":"Trixie","slug":"trixie"}],"_links":{"self":[{"href":"https:\/\/pawz.rs\/en\/wp-json\/wp\/v2\/product\/21630","targetHints":{"allow":["GET"]}}],"collection":[{"href":"https:\/\/pawz.rs\/en\/wp-json\/wp\/v2\/product"}],"about":[{"href":"https:\/\/pawz.rs\/en\/wp-json\/wp\/v2\/types\/product"}],"replies":[{"embeddable":true,"href":"https:\/\/pawz.rs\/en\/wp-json\/wp\/v2\/comments?post=21630"}],"wp:featuredmedia":[{"embeddable":true,"href":"https:\/\/pawz.rs\/en\/wp-json\/wp\/v2\/media\/21631"}],"wp:attachment":[{"href":"https:\/\/pawz.rs\/en\/wp-json\/wp\/v2\/media?parent=21630"}],"wp:term":[{"taxonomy":"pwb-brand","embeddable":true,"href":"https:\/\/pawz.rs\/en\/wp-json\/wp\/v2\/pwb-brand?post=21630"},{"taxonomy":"product_cat","embeddable":true,"href":"https:\/\/pawz.rs\/en\/wp-json\/wp\/v2\/product_cat?post=21630"},{"taxonomy":"product_tag","embeddable":true,"href":"https:\/\/pawz.rs\/en\/wp-json\/wp\/v2\/product_tag?post=21630"}],"curies":[{"name":"wp","href":"https:\/\/api.w.org\/{rel}","templated":true}]}}