{"id":21632,"date":"2024-03-23T20:50:38","date_gmt":"2024-03-23T19:50:38","guid":{"rendered":"https:\/\/pawz.rs\/?post_type=product&#038;p=21632"},"modified":"2024-04-15T09:57:00","modified_gmt":"2024-04-15T07:57:00","slug":"trixie-kucica-za-mace-minou-roze","status":"publish","type":"product","link":"https:\/\/pawz.rs\/en\/trixie-kucica-za-mace-minou-roze\/","title":{"rendered":"Trixie Ku\u0107ica Za Mace Minou Roze"},"content":{"rendered":"<p><strong>Trixie Ku\u0107ica Za Mace Minou<\/strong><\/p>\n<ul>\n<li class=\"tw-data-text tw-text-small tw-ta\" dir=\"ltr\">Meki pli\u0161<\/li>\n<li class=\"tw-data-text tw-text-small tw-ta\" dir=\"ltr\">Pokriva\u010d od poliestera<\/li>\n<li class=\"tw-data-text tw-text-small tw-ta\" dir=\"ltr\">Podloga od pene<\/li>\n<li class=\"tw-data-text tw-text-small tw-ta\" dir=\"ltr\">Jastuk sa punjenjem od flisa od poliestera<\/li>\n<li class=\"tw-data-text tw-text-small tw-ta\" dir=\"ltr\">Neklizajuc\u0301e dno<\/li>\n<\/ul>\n<p>Dimenzije kreveta: 35 x 26 x 41 cm<\/p>\n<p>Proizvo\u0111a\u010d: Trixie<br \/>\nCountry of origin: Germany<\/p>\n\n    <div class=\"xs_social_share_widget xs_share_url after_content \t\tmain_content  wslu-style-1 wslu-share-box-shaped wslu-fill-colored wslu-none wslu-share-horizontal wslu-theme-font-no wslu-main_content\">\n\n\t\t\n        <ul>\n\t\t\t        <\/ul>\n    <\/div>","protected":false},"excerpt":{"rendered":"<p>Trixie Ku\u0107ica Za Mace Minou sa jastukom unutar ku\u0107ice i neklizaju\u0107im dnom, dimenzija 35 x 26 x 41 cm<\/p>","protected":false},"featured_media":21633,"comment_status":"open","ping_status":"closed","template":"","meta":{"_acf_changed":false},"pwb-brand":[465],"product_cat":[23,765,769,47,202,763],"product_tag":[],"class_list":{"0":"post-21632","1":"product","2":"type-product","3":"status-publish","4":"has-post-thumbnail","6":"pwb-brand-trixie","7":"product_cat-macke","8":"product_cat-oprema-za-macke","9":"product_cat-krevetici-i-transporteri-macke","10":"product_cat-psi","11":"product_cat-oprema-za-pse","12":"product_cat-krevetici-i-transporteri","14":"first","15":"instock","16":"taxable","17":"shipping-taxable","18":"purchasable","19":"product-type-simple"},"acf":[],"brands":[{"id":465,"name":"Trixie","slug":"trixie"}],"_links":{"self":[{"href":"https:\/\/pawz.rs\/en\/wp-json\/wp\/v2\/product\/21632","targetHints":{"allow":["GET"]}}],"collection":[{"href":"https:\/\/pawz.rs\/en\/wp-json\/wp\/v2\/product"}],"about":[{"href":"https:\/\/pawz.rs\/en\/wp-json\/wp\/v2\/types\/product"}],"replies":[{"embeddable":true,"href":"https:\/\/pawz.rs\/en\/wp-json\/wp\/v2\/comments?post=21632"}],"wp:featuredmedia":[{"embeddable":true,"href":"https:\/\/pawz.rs\/en\/wp-json\/wp\/v2\/media\/21633"}],"wp:attachment":[{"href":"https:\/\/pawz.rs\/en\/wp-json\/wp\/v2\/media?parent=21632"}],"wp:term":[{"taxonomy":"pwb-brand","embeddable":true,"href":"https:\/\/pawz.rs\/en\/wp-json\/wp\/v2\/pwb-brand?post=21632"},{"taxonomy":"product_cat","embeddable":true,"href":"https:\/\/pawz.rs\/en\/wp-json\/wp\/v2\/product_cat?post=21632"},{"taxonomy":"product_tag","embeddable":true,"href":"https:\/\/pawz.rs\/en\/wp-json\/wp\/v2\/product_tag?post=21632"}],"curies":[{"name":"wp","href":"https:\/\/api.w.org\/{rel}","templated":true}]}}