{"id":21725,"date":"2024-03-25T20:29:05","date_gmt":"2024-03-25T19:29:05","guid":{"rendered":"https:\/\/pawz.rs\/?post_type=product&#038;p=21725"},"modified":"2025-02-27T12:18:22","modified_gmt":"2025-02-27T11:18:22","slug":"trixie-cetka-za-rascesljavanje-velika-19-cm","status":"publish","type":"product","link":"https:\/\/pawz.rs\/en\/trixie-cetka-za-rascesljavanje-velika-19-cm\/","title":{"rendered":"Trixie \u010cetka Za Ra\u0161\u010de\u0161ljavanje (Velika) 19 cm"},"content":{"rendered":"<p><strong>Trixie \u010cetka Za Ra\u0161\u010de\u0161ljavanje (Velika) 19 cm<\/strong><\/p>\n<p>Proizvo\u0111a\u010d: Trixie Heimtierbedarf<br \/>\nCountry of origin: Germany<\/p>\n\n    <div class=\"xs_social_share_widget xs_share_url after_content \t\tmain_content  wslu-style-1 wslu-share-box-shaped wslu-fill-colored wslu-none wslu-share-horizontal wslu-theme-font-no wslu-main_content\">\n\n\t\t\n        <ul>\n\t\t\t        <\/ul>\n    <\/div>","protected":false},"excerpt":{"rendered":"<p>Trixie \u010cetka Za Ra\u0161\u010de\u0161ljavanje (Velika) 19 cm Proizvo\u0111a\u010d: Trixie Heimtierbedarf Zemlja porekla: Nema\u010dka<\/p>","protected":false},"featured_media":21726,"comment_status":"open","ping_status":"closed","template":"","meta":{"_acf_changed":false},"pwb-brand":[465],"product_cat":[765,770,47,202,771],"product_tag":[],"class_list":{"0":"post-21725","1":"product","2":"type-product","3":"status-publish","4":"has-post-thumbnail","6":"pwb-brand-trixie","7":"product_cat-oprema-za-macke","8":"product_cat-higijena-macaka","9":"product_cat-psi","10":"product_cat-oprema-za-pse","11":"product_cat-oprema-higijena-psi","13":"first","14":"instock","15":"taxable","16":"shipping-taxable","17":"purchasable","18":"product-type-simple"},"acf":[],"brands":[{"id":465,"name":"Trixie","slug":"trixie"}],"_links":{"self":[{"href":"https:\/\/pawz.rs\/en\/wp-json\/wp\/v2\/product\/21725","targetHints":{"allow":["GET"]}}],"collection":[{"href":"https:\/\/pawz.rs\/en\/wp-json\/wp\/v2\/product"}],"about":[{"href":"https:\/\/pawz.rs\/en\/wp-json\/wp\/v2\/types\/product"}],"replies":[{"embeddable":true,"href":"https:\/\/pawz.rs\/en\/wp-json\/wp\/v2\/comments?post=21725"}],"wp:featuredmedia":[{"embeddable":true,"href":"https:\/\/pawz.rs\/en\/wp-json\/wp\/v2\/media\/21726"}],"wp:attachment":[{"href":"https:\/\/pawz.rs\/en\/wp-json\/wp\/v2\/media?parent=21725"}],"wp:term":[{"taxonomy":"pwb-brand","embeddable":true,"href":"https:\/\/pawz.rs\/en\/wp-json\/wp\/v2\/pwb-brand?post=21725"},{"taxonomy":"product_cat","embeddable":true,"href":"https:\/\/pawz.rs\/en\/wp-json\/wp\/v2\/product_cat?post=21725"},{"taxonomy":"product_tag","embeddable":true,"href":"https:\/\/pawz.rs\/en\/wp-json\/wp\/v2\/product_tag?post=21725"}],"curies":[{"name":"wp","href":"https:\/\/api.w.org\/{rel}","templated":true}]}}