{"id":21727,"date":"2024-03-25T20:29:05","date_gmt":"2024-03-25T19:29:05","guid":{"rendered":"https:\/\/pawz.rs\/?post_type=product&#038;p=21727"},"modified":"2024-03-25T20:29:05","modified_gmt":"2024-03-25T19:29:05","slug":"trixie-klesta-za-nokte-mala","status":"publish","type":"product","link":"https:\/\/pawz.rs\/en\/trixie-klesta-za-nokte-mala\/","title":{"rendered":"Trixie Kle\u0161ta za Nokte Mala"},"content":{"rendered":"<p><strong>Trixie Kle\u0161ta za Nokte Mala<\/strong><\/p>\n<ul>\n<li>Pogodno za male kuce, ma\u010dke, male \u017eivotinje, ptice<\/li>\n<li>Sa sigurnosnim zaklju\u010davanjem<\/li>\n<li>Limiter spre\u010dava prekratko se\u010denje kand\u017ei<\/li>\n<li>Ner\u0111ajuc\u0301i \u010delik<\/li>\n<li>Plasti\u010dna ru\u010dka sa gumenim dr\u017ea\u010dem<\/li>\n<\/ul>\n<p>Proizvo\u0111a\u010d: Trixie Heimtierbedarf<br \/>\nCountry of origin: Germany<\/p>\n\n    <div class=\"xs_social_share_widget xs_share_url after_content \t\tmain_content  wslu-style-1 wslu-share-box-shaped wslu-fill-colored wslu-none wslu-share-horizontal wslu-theme-font-no wslu-main_content\">\n\n\t\t\n        <ul>\n\t\t\t        <\/ul>\n    <\/div>","protected":false},"excerpt":{"rendered":"<p>Trixie Kle\u0161ta za Nokte Mala Pogodno za male kuce, ma\u010dke, male \u017eivotinje, ptice Sa sigurnosnim zaklju\u010davanjem Limiter spre\u010dava prekratko se\u010denje kand\u017ei Ner\u0111ajuc\u0301i \u010delik Plasti\u010dna ru\u010dka sa gumenim dr\u017ea\u010dem Proizvo\u0111a\u010d: Trixie Heimtierbedarf Zemlja porekla: Nema\u010dka<\/p>","protected":false},"featured_media":21730,"comment_status":"open","ping_status":"closed","template":"","meta":{"_acf_changed":false},"pwb-brand":[465],"product_cat":[770,23,771,765,202,47],"product_tag":[],"class_list":{"0":"post-21727","1":"product","2":"type-product","3":"status-publish","4":"has-post-thumbnail","6":"pwb-brand-trixie","7":"product_cat-higijena-macaka","8":"product_cat-macke","9":"product_cat-oprema-higijena-psi","10":"product_cat-oprema-za-macke","11":"product_cat-oprema-za-pse","12":"product_cat-psi","14":"first","15":"instock","16":"taxable","17":"shipping-taxable","18":"purchasable","19":"product-type-simple"},"acf":[],"brands":[{"id":465,"name":"Trixie","slug":"trixie"}],"_links":{"self":[{"href":"https:\/\/pawz.rs\/en\/wp-json\/wp\/v2\/product\/21727","targetHints":{"allow":["GET"]}}],"collection":[{"href":"https:\/\/pawz.rs\/en\/wp-json\/wp\/v2\/product"}],"about":[{"href":"https:\/\/pawz.rs\/en\/wp-json\/wp\/v2\/types\/product"}],"replies":[{"embeddable":true,"href":"https:\/\/pawz.rs\/en\/wp-json\/wp\/v2\/comments?post=21727"}],"wp:featuredmedia":[{"embeddable":true,"href":"https:\/\/pawz.rs\/en\/wp-json\/wp\/v2\/media\/21730"}],"wp:attachment":[{"href":"https:\/\/pawz.rs\/en\/wp-json\/wp\/v2\/media?parent=21727"}],"wp:term":[{"taxonomy":"pwb-brand","embeddable":true,"href":"https:\/\/pawz.rs\/en\/wp-json\/wp\/v2\/pwb-brand?post=21727"},{"taxonomy":"product_cat","embeddable":true,"href":"https:\/\/pawz.rs\/en\/wp-json\/wp\/v2\/product_cat?post=21727"},{"taxonomy":"product_tag","embeddable":true,"href":"https:\/\/pawz.rs\/en\/wp-json\/wp\/v2\/product_tag?post=21727"}],"curies":[{"name":"wp","href":"https:\/\/api.w.org\/{rel}","templated":true}]}}