{"id":21731,"date":"2024-03-25T20:29:04","date_gmt":"2024-03-25T19:29:04","guid":{"rendered":"https:\/\/pawz.rs\/?post_type=product&#038;p=21731"},"modified":"2024-03-25T20:29:05","modified_gmt":"2024-03-25T19:29:05","slug":"trixie-klesta-za-nokte-velika","status":"publish","type":"product","link":"https:\/\/pawz.rs\/en\/trixie-klesta-za-nokte-velika\/","title":{"rendered":"Trixie Kle\u0161ta za Nokte Velika"},"content":{"rendered":"<p><strong>Trixie Kle\u0161ta za Nokte Velika<\/strong><\/p>\n<ul>\n<li>Za pse<\/li>\n<li>Sa sigurnosnim zaklju\u010davanjem<\/li>\n<li>Limiter spre\u010dava prekratko se\u010denje kand\u017ei<\/li>\n<li>Ner\u0111ajuc\u0301i \u010delik<\/li>\n<li>Plasti\u010dna ru\u010dka sa gumenim dr\u017ea\u010dem<\/li>\n<\/ul>\n<p>Proizvo\u0111a\u010d: Trixie Heimtierbedarf<br \/>\nCountry of origin: Germany<\/p>\n\n    <div class=\"xs_social_share_widget xs_share_url after_content \t\tmain_content  wslu-style-1 wslu-share-box-shaped wslu-fill-colored wslu-none wslu-share-horizontal wslu-theme-font-no wslu-main_content\">\n\n\t\t\n        <ul>\n\t\t\t        <\/ul>\n    <\/div>","protected":false},"excerpt":{"rendered":"<p>Trixie Kle\u0161ta za Nokte Velika Za pse Sa sigurnosnim zaklju\u010davanjem Limiter spre\u010dava prekratko se\u010denje kand\u017ei Ner\u0111ajuc\u0301i \u010delik Plasti\u010dna ru\u010dka sa gumenim dr\u017ea\u010dem Proizvo\u0111a\u010d: Trixie Heimtierbedarf Zemlja porekla: Nema\u010dka<\/p>","protected":false},"featured_media":21729,"comment_status":"open","ping_status":"closed","template":"","meta":{"_acf_changed":false,"_aa_vp_cena":"","_aa_online_cena":""},"pwb-brand":[465],"product_cat":[771,202,47],"product_tag":[],"class_list":{"0":"post-21731","1":"product","2":"type-product","3":"status-publish","4":"has-post-thumbnail","6":"pwb-brand-trixie","7":"product_cat-oprema-higijena-psi","8":"product_cat-oprema-za-pse","9":"product_cat-psi","11":"first","12":"instock","13":"taxable","14":"shipping-taxable","15":"purchasable","16":"product-type-simple"},"acf":[],"brands":[{"id":465,"name":"Trixie","slug":"trixie"}],"_links":{"self":[{"href":"https:\/\/pawz.rs\/en\/wp-json\/wp\/v2\/product\/21731","targetHints":{"allow":["GET"]}}],"collection":[{"href":"https:\/\/pawz.rs\/en\/wp-json\/wp\/v2\/product"}],"about":[{"href":"https:\/\/pawz.rs\/en\/wp-json\/wp\/v2\/types\/product"}],"replies":[{"embeddable":true,"href":"https:\/\/pawz.rs\/en\/wp-json\/wp\/v2\/comments?post=21731"}],"wp:featuredmedia":[{"embeddable":true,"href":"https:\/\/pawz.rs\/en\/wp-json\/wp\/v2\/media\/21729"}],"wp:attachment":[{"href":"https:\/\/pawz.rs\/en\/wp-json\/wp\/v2\/media?parent=21731"}],"wp:term":[{"taxonomy":"pwb-brand","embeddable":true,"href":"https:\/\/pawz.rs\/en\/wp-json\/wp\/v2\/pwb-brand?post=21731"},{"taxonomy":"product_cat","embeddable":true,"href":"https:\/\/pawz.rs\/en\/wp-json\/wp\/v2\/product_cat?post=21731"},{"taxonomy":"product_tag","embeddable":true,"href":"https:\/\/pawz.rs\/en\/wp-json\/wp\/v2\/product_tag?post=21731"}],"curies":[{"name":"wp","href":"https:\/\/api.w.org\/{rel}","templated":true}]}}