{"id":21781,"date":"2024-03-26T16:16:54","date_gmt":"2024-03-26T15:16:54","guid":{"rendered":"https:\/\/pawz.rs\/?post_type=product&#038;p=21781"},"modified":"2024-03-26T16:16:55","modified_gmt":"2024-03-26T15:16:55","slug":"gizmo-toalet-sa-ramom-za-macke-krem-52-x-395-x-15-cm","status":"publish","type":"product","link":"https:\/\/pawz.rs\/en\/gizmo-toalet-sa-ramom-za-macke-krem-52-x-395-x-15-cm\/","title":{"rendered":"Gizmo Toalet Sa Ramom Za Ma\u010dke Krem 52 x 39,5 x 15 cm"},"content":{"rendered":"<p><strong>Gizmo Toalet Sa Ramom Za Ma\u010dke Krem 52 x 39,5 x 15 cm<\/strong><\/p>\n<p>Gizmo je moderan toalet za ma\u010dke sa ramom koji se skida.<\/p>\n<ul>\n<li>Rupice u ramu omogu\u0107avaju da posip ostane u toaletu prilikom izlaska ma\u010dke.<\/li>\n<li>Izdignuta zadnja stranica toaleta spre\u010dava prosipanje urina i izmeta izvan toaleta.<\/li>\n<li>Ni\u017ea prednja strana toaleta omogu\u0107ava ulazak i mla\u0111im, starijim i bolesnim ma\u010dkama.<\/li>\n<\/ul>\n<p>Proizvo\u0111a\u010d: Savic<br \/>\nZemlja porekla: Belgija<\/p>\n\n    <div class=\"xs_social_share_widget xs_share_url after_content \t\tmain_content  wslu-style-1 wslu-share-box-shaped wslu-fill-colored wslu-none wslu-share-horizontal wslu-theme-font-no wslu-main_content\">\n\n\t\t\n        <ul>\n\t\t\t        <\/ul>\n    <\/div>","protected":false},"excerpt":{"rendered":"<p>Gizmo Toalet Sa Ramom Za Ma\u010dke Krem 52 x 39,5 x 15 cm Gizmo je moderan toalet za ma\u010dke sa ramom koji se skida. Rupice u ramu omogu\u0107avaju da posip ostane u toaletu prilikom izlaska ma\u010dke. Izdignuta zadnja stranica toaleta spre\u010dava prosipanje urina i izmeta izvan toaleta. Ni\u017ea prednja strana toaleta omogu\u0107ava ulazak i mla\u0111im, [&hellip;]<\/p>\n","protected":false},"featured_media":21782,"comment_status":"open","ping_status":"closed","template":"","meta":{"_acf_changed":false},"pwb-brand":[799],"product_cat":[23,765,770],"product_tag":[],"class_list":{"0":"post-21781","1":"product","2":"type-product","3":"status-publish","4":"has-post-thumbnail","6":"pwb-brand-savic","7":"product_cat-macke","8":"product_cat-oprema-za-macke","9":"product_cat-higijena-macaka","11":"first","12":"instock","13":"taxable","14":"shipping-taxable","15":"purchasable","16":"product-type-simple"},"acf":[],"brands":[{"id":799,"name":"Savic","slug":"savic"}],"_links":{"self":[{"href":"https:\/\/pawz.rs\/en\/wp-json\/wp\/v2\/product\/21781","targetHints":{"allow":["GET"]}}],"collection":[{"href":"https:\/\/pawz.rs\/en\/wp-json\/wp\/v2\/product"}],"about":[{"href":"https:\/\/pawz.rs\/en\/wp-json\/wp\/v2\/types\/product"}],"replies":[{"embeddable":true,"href":"https:\/\/pawz.rs\/en\/wp-json\/wp\/v2\/comments?post=21781"}],"wp:featuredmedia":[{"embeddable":true,"href":"https:\/\/pawz.rs\/en\/wp-json\/wp\/v2\/media\/21782"}],"wp:attachment":[{"href":"https:\/\/pawz.rs\/en\/wp-json\/wp\/v2\/media?parent=21781"}],"wp:term":[{"taxonomy":"pwb-brand","embeddable":true,"href":"https:\/\/pawz.rs\/en\/wp-json\/wp\/v2\/pwb-brand?post=21781"},{"taxonomy":"product_cat","embeddable":true,"href":"https:\/\/pawz.rs\/en\/wp-json\/wp\/v2\/product_cat?post=21781"},{"taxonomy":"product_tag","embeddable":true,"href":"https:\/\/pawz.rs\/en\/wp-json\/wp\/v2\/product_tag?post=21781"}],"curies":[{"name":"wp","href":"https:\/\/api.w.org\/{rel}","templated":true}]}}