{"id":21789,"date":"2024-03-26T18:07:20","date_gmt":"2024-03-26T17:07:20","guid":{"rendered":"https:\/\/pawz.rs\/?post_type=product&#038;p=21789"},"modified":"2024-05-31T15:17:34","modified_gmt":"2024-05-31T13:17:34","slug":"ferribiella-erba-miao-macija-trava-130-g","status":"publish","type":"product","link":"https:\/\/pawz.rs\/en\/ferribiella-erba-miao-macija-trava-130-g\/","title":{"rendered":"Ferribiella Erba Miao Ma\u010dija Trava 130 g"},"content":{"rendered":"<p><strong>Ferribiella Erba Miao Ma\u010dija Trava 130 g<\/strong><\/p>\n<ul>\n<li>Ferribiella Erba Miao, me\u0161avina trava idealna za dopunu ishrane va\u0161e ma\u010dke.<\/li>\n<li>Koristi se za dobijanje folne kiseline koja je neophodna u proizvodnji hemoglobina.<\/li>\n<li>Pomozite ma\u010dki da izbaci krznene loptice koje su progutane tokom \u010di\u0161\u0107enja.<\/li>\n<li>Prirodno antiinflamatorno sredstvo protiv infekcija grla i creva.<\/li>\n<li>Prirodno i sigurno, jer je rezultat kontrolisanog organskog uzgoja.<\/li>\n<li>U kompletu sa semenom i zemljom.<\/li>\n<\/ul>\n<p>Proizvo\u0111a\u010d: Ferribiella S.p.a.<br \/>\nZemlja porekla: Italija<\/p>\n\n    <div class=\"xs_social_share_widget xs_share_url after_content \t\tmain_content  wslu-style-1 wslu-share-box-shaped wslu-fill-colored wslu-none wslu-share-horizontal wslu-theme-font-no wslu-main_content\">\n\n\t\t\n        <ul>\n\t\t\t        <\/ul>\n    <\/div>","protected":false},"excerpt":{"rendered":"<p>Ferribiella Erba Miao Ma\u010dija Trava 130 g Ferribiella Erba Miao, me\u0161avina trava idealna za dopunu ishrane va\u0161e ma\u010dke. Koristi se za dobijanje folne kiseline koja je neophodna u proizvodnji hemoglobina. Pomozite ma\u010dki da izbaci krznene loptice koje su progutane tokom \u010di\u0161\u0107enja. Prirodno antiinflamatorno sredstvo protiv infekcija grla i creva. Prirodno i sigurno, jer je rezultat [&hellip;]<\/p>\n","protected":false},"featured_media":21790,"comment_status":"open","ping_status":"closed","template":"","meta":{"_acf_changed":false},"pwb-brand":[505],"product_cat":[23,414],"product_tag":[],"class_list":{"0":"post-21789","1":"product","2":"type-product","3":"status-publish","4":"has-post-thumbnail","6":"pwb-brand-ferribiella","7":"product_cat-macke","8":"product_cat-vitamini-suplementi-i-preparati-za-macke","10":"first","11":"outofstock","12":"taxable","13":"shipping-taxable","14":"purchasable","15":"product-type-simple"},"acf":[],"brands":[{"id":505,"name":"Ferribiella","slug":"ferribiella"}],"_links":{"self":[{"href":"https:\/\/pawz.rs\/en\/wp-json\/wp\/v2\/product\/21789","targetHints":{"allow":["GET"]}}],"collection":[{"href":"https:\/\/pawz.rs\/en\/wp-json\/wp\/v2\/product"}],"about":[{"href":"https:\/\/pawz.rs\/en\/wp-json\/wp\/v2\/types\/product"}],"replies":[{"embeddable":true,"href":"https:\/\/pawz.rs\/en\/wp-json\/wp\/v2\/comments?post=21789"}],"wp:featuredmedia":[{"embeddable":true,"href":"https:\/\/pawz.rs\/en\/wp-json\/wp\/v2\/media\/21790"}],"wp:attachment":[{"href":"https:\/\/pawz.rs\/en\/wp-json\/wp\/v2\/media?parent=21789"}],"wp:term":[{"taxonomy":"pwb-brand","embeddable":true,"href":"https:\/\/pawz.rs\/en\/wp-json\/wp\/v2\/pwb-brand?post=21789"},{"taxonomy":"product_cat","embeddable":true,"href":"https:\/\/pawz.rs\/en\/wp-json\/wp\/v2\/product_cat?post=21789"},{"taxonomy":"product_tag","embeddable":true,"href":"https:\/\/pawz.rs\/en\/wp-json\/wp\/v2\/product_tag?post=21789"}],"curies":[{"name":"wp","href":"https:\/\/api.w.org\/{rel}","templated":true}]}}