{"id":21791,"date":"2024-03-26T18:07:19","date_gmt":"2024-03-26T17:07:19","guid":{"rendered":"https:\/\/pawz.rs\/?post_type=product&#038;p=21791"},"modified":"2024-03-26T18:53:43","modified_gmt":"2024-03-26T17:53:43","slug":"muzo-catherbe-macija-trava-u-kutiji-220-g","status":"publish","type":"product","link":"https:\/\/pawz.rs\/en\/muzo-catherbe-macija-trava-u-kutiji-220-g\/","title":{"rendered":"Muzo Catherbe Ma\u010dija Trava U Kutiji 220 g"},"content":{"rendered":"<p><strong>Muzo Catherbe Ma\u010dija Trava U Kutiji 220 g<\/strong><\/p>\n<ul>\n<li>Ma\u010dke bi prirodno trebalo da jedu travu.<\/li>\n<li>Ma\u010dke u zatvorenom prostoru nemaju uvek na raspolaganju travu, a onda mogu da jedu sobne biljke.<\/li>\n<li>Me\u0111utim, ovo nije uvek dobro za ma\u010dku, a nesrec\u0301no je i za biljke.<\/li>\n<li>Stoga svojoj ma\u010dki mo\u017eete dati najbolju ma\u010dju travu za ma\u010dke.<\/li>\n<li>Ma\u010dja trava sadr\u017ei folnu kiselinu, vitamin B6 koji proizvodi hemoglobin u crvenim krvnim zrncima. Hemaglobin obezbe\u0111uje transport kiseonika kroz telo.<\/li>\n<li>Pored toga, jedenje trave izaziva povrac\u0301anje dlaka.<\/li>\n<li>Kuglice dlake se formiraju kada se ma\u010dka kupa.<\/li>\n<li>Dlake se zalizuju prema unutra, zbog \u010dega se formiraju loptice.<\/li>\n<li>Jedenjem trave se povrac\u0301aju loptice dlake, \u0161to spre\u010dava blokade u va\u0161oj ma\u010dki.<\/li>\n<li>Folna kiselina obezbe\u0111uje proizvodnju hemoglobina<\/li>\n<li>Povrac\u0301aju se loptice<\/li>\n<li>Ma\u010dka jede ma\u010dju travu umesto sobnih biljaka<\/li>\n<\/ul>\n<p>Proizvo\u0111a\u010d: Agro Biothers<br \/>\nZemlja porekla: Francuska<\/p>\n\n    <div class=\"xs_social_share_widget xs_share_url after_content \t\tmain_content  wslu-style-1 wslu-share-box-shaped wslu-fill-colored wslu-none wslu-share-horizontal wslu-theme-font-no wslu-main_content\">\n\n\t\t\n        <ul>\n\t\t\t        <\/ul>\n    <\/div>","protected":false},"excerpt":{"rendered":"<p>Muzo Catherbe Ma\u010dija Trava U Kutiji 220 g Ma\u010dke bi prirodno trebalo da jedu travu. Ma\u010dke u zatvorenom prostoru nemaju uvek na raspolaganju travu, a onda mogu da jedu sobne biljke. Me\u0111utim, ovo nije uvek dobro za ma\u010dku, a nesrec\u0301no je i za biljke. Stoga svojoj ma\u010dki mo\u017eete dati najbolju ma\u010dju travu za ma\u010dke. Ma\u010dja [&hellip;]<\/p>\n","protected":false},"featured_media":21792,"comment_status":"open","ping_status":"closed","template":"","meta":{"_acf_changed":false},"pwb-brand":[505],"product_cat":[23,414],"product_tag":[],"class_list":{"0":"post-21791","1":"product","2":"type-product","3":"status-publish","4":"has-post-thumbnail","6":"pwb-brand-ferribiella","7":"product_cat-macke","8":"product_cat-vitamini-suplementi-i-preparati-za-macke","10":"first","11":"instock","12":"taxable","13":"shipping-taxable","14":"purchasable","15":"product-type-simple"},"acf":[],"brands":[{"id":505,"name":"Ferribiella","slug":"ferribiella"}],"_links":{"self":[{"href":"https:\/\/pawz.rs\/en\/wp-json\/wp\/v2\/product\/21791","targetHints":{"allow":["GET"]}}],"collection":[{"href":"https:\/\/pawz.rs\/en\/wp-json\/wp\/v2\/product"}],"about":[{"href":"https:\/\/pawz.rs\/en\/wp-json\/wp\/v2\/types\/product"}],"replies":[{"embeddable":true,"href":"https:\/\/pawz.rs\/en\/wp-json\/wp\/v2\/comments?post=21791"}],"wp:featuredmedia":[{"embeddable":true,"href":"https:\/\/pawz.rs\/en\/wp-json\/wp\/v2\/media\/21792"}],"wp:attachment":[{"href":"https:\/\/pawz.rs\/en\/wp-json\/wp\/v2\/media?parent=21791"}],"wp:term":[{"taxonomy":"pwb-brand","embeddable":true,"href":"https:\/\/pawz.rs\/en\/wp-json\/wp\/v2\/pwb-brand?post=21791"},{"taxonomy":"product_cat","embeddable":true,"href":"https:\/\/pawz.rs\/en\/wp-json\/wp\/v2\/product_cat?post=21791"},{"taxonomy":"product_tag","embeddable":true,"href":"https:\/\/pawz.rs\/en\/wp-json\/wp\/v2\/product_tag?post=21791"}],"curies":[{"name":"wp","href":"https:\/\/api.w.org\/{rel}","templated":true}]}}