{"id":21835,"date":"2024-03-26T18:53:39","date_gmt":"2024-03-26T17:53:39","guid":{"rendered":"https:\/\/pawz.rs\/?post_type=product&#038;p=21835"},"modified":"2024-03-26T18:53:39","modified_gmt":"2024-03-26T17:53:39","slug":"trixie-junior-lopta-od-kanapa-9-cm","status":"publish","type":"product","link":"https:\/\/pawz.rs\/en\/trixie-junior-lopta-od-kanapa-9-cm\/","title":{"rendered":"Trixie Junior Lopta Od Kanapa 9 cm"},"content":{"rendered":"<p><strong>Trixie Junior Lopta Od Kanapa 9 cm<\/strong><\/p>\n<p>Proizvo\u0111a\u010d: Trixie Heimtierbedarf<br \/>\nCountry of origin: Germany<\/p>\n\n    <div class=\"xs_social_share_widget xs_share_url after_content \t\tmain_content  wslu-style-1 wslu-share-box-shaped wslu-fill-colored wslu-none wslu-share-horizontal wslu-theme-font-no wslu-main_content\">\n\n\t\t\n        <ul>\n\t\t\t        <\/ul>\n    <\/div>","protected":false},"excerpt":{"rendered":"<p>Trixie Junior Lopta Od Kanapa 9 cm Proizvo\u0111a\u010d: Trixie Heimtierbedarf Zemlja porekla: Nema\u010dka<\/p>","protected":false},"featured_media":21837,"comment_status":"open","ping_status":"closed","template":"","meta":{"_acf_changed":false,"_aa_vp_cena":"","_aa_online_cena":""},"pwb-brand":[465],"product_cat":[764,202,47],"product_tag":[],"class_list":{"0":"post-21835","1":"product","2":"type-product","3":"status-publish","4":"has-post-thumbnail","6":"pwb-brand-trixie","7":"product_cat-igracke-za-pse","8":"product_cat-oprema-za-pse","9":"product_cat-psi","11":"first","12":"instock","13":"taxable","14":"shipping-taxable","15":"purchasable","16":"product-type-simple"},"acf":[],"brands":[{"id":465,"name":"Trixie","slug":"trixie"}],"_links":{"self":[{"href":"https:\/\/pawz.rs\/en\/wp-json\/wp\/v2\/product\/21835","targetHints":{"allow":["GET"]}}],"collection":[{"href":"https:\/\/pawz.rs\/en\/wp-json\/wp\/v2\/product"}],"about":[{"href":"https:\/\/pawz.rs\/en\/wp-json\/wp\/v2\/types\/product"}],"replies":[{"embeddable":true,"href":"https:\/\/pawz.rs\/en\/wp-json\/wp\/v2\/comments?post=21835"}],"wp:featuredmedia":[{"embeddable":true,"href":"https:\/\/pawz.rs\/en\/wp-json\/wp\/v2\/media\/21837"}],"wp:attachment":[{"href":"https:\/\/pawz.rs\/en\/wp-json\/wp\/v2\/media?parent=21835"}],"wp:term":[{"taxonomy":"pwb-brand","embeddable":true,"href":"https:\/\/pawz.rs\/en\/wp-json\/wp\/v2\/pwb-brand?post=21835"},{"taxonomy":"product_cat","embeddable":true,"href":"https:\/\/pawz.rs\/en\/wp-json\/wp\/v2\/product_cat?post=21835"},{"taxonomy":"product_tag","embeddable":true,"href":"https:\/\/pawz.rs\/en\/wp-json\/wp\/v2\/product_tag?post=21835"}],"curies":[{"name":"wp","href":"https:\/\/api.w.org\/{rel}","templated":true}]}}