{"id":21866,"date":"2024-03-30T08:44:20","date_gmt":"2024-03-30T07:44:20","guid":{"rendered":"https:\/\/pawz.rs\/?post_type=product&#038;p=21866"},"modified":"2024-03-30T08:44:20","modified_gmt":"2024-03-30T07:44:20","slug":"ferribiella-igracka-obruc-s-crni-12-cm-sa-ukusom-govedine","status":"publish","type":"product","link":"https:\/\/pawz.rs\/en\/ferribiella-igracka-obruc-s-crni-12-cm-sa-ukusom-govedine\/","title":{"rendered":"Ferribiella Igra\u010dka Obru\u010d S Crni 12 cm Sa Ukusom Govedine"},"content":{"rendered":"<p><strong>Ferribiella Igra\u010dka Obru\u010d S Crni 12 cm Sa Ukusom Govedine<\/strong><\/p>\n<p>Proizvo\u0111a\u010d: Ferribiella S.p.a.<br \/>\nZemlja porekla: Italija<\/p>\n\n    <div class=\"xs_social_share_widget xs_share_url after_content \t\tmain_content  wslu-style-1 wslu-share-box-shaped wslu-fill-colored wslu-none wslu-share-horizontal wslu-theme-font-no wslu-main_content\">\n\n\t\t\n        <ul>\n\t\t\t        <\/ul>\n    <\/div>","protected":false},"excerpt":{"rendered":"<p>Ferribiella Igra\u010dka Obru\u010d S Crni 12 cm Sa Ukusom Govedine Proizvo\u0111a\u010d: Ferribiella S.p.a. Zemlja porekla: Italija<\/p>","protected":false},"featured_media":21867,"comment_status":"open","ping_status":"closed","template":"","meta":{"_acf_changed":false,"_aa_vp_cena":"","_aa_online_cena":""},"pwb-brand":[505],"product_cat":[764,202,47],"product_tag":[],"class_list":{"0":"post-21866","1":"product","2":"type-product","3":"status-publish","4":"has-post-thumbnail","6":"pwb-brand-ferribiella","7":"product_cat-igracke-za-pse","8":"product_cat-oprema-za-pse","9":"product_cat-psi","11":"first","12":"instock","13":"taxable","14":"shipping-taxable","15":"purchasable","16":"product-type-simple"},"acf":[],"brands":[{"id":505,"name":"Ferribiella","slug":"ferribiella"}],"_links":{"self":[{"href":"https:\/\/pawz.rs\/en\/wp-json\/wp\/v2\/product\/21866","targetHints":{"allow":["GET"]}}],"collection":[{"href":"https:\/\/pawz.rs\/en\/wp-json\/wp\/v2\/product"}],"about":[{"href":"https:\/\/pawz.rs\/en\/wp-json\/wp\/v2\/types\/product"}],"replies":[{"embeddable":true,"href":"https:\/\/pawz.rs\/en\/wp-json\/wp\/v2\/comments?post=21866"}],"wp:featuredmedia":[{"embeddable":true,"href":"https:\/\/pawz.rs\/en\/wp-json\/wp\/v2\/media\/21867"}],"wp:attachment":[{"href":"https:\/\/pawz.rs\/en\/wp-json\/wp\/v2\/media?parent=21866"}],"wp:term":[{"taxonomy":"pwb-brand","embeddable":true,"href":"https:\/\/pawz.rs\/en\/wp-json\/wp\/v2\/pwb-brand?post=21866"},{"taxonomy":"product_cat","embeddable":true,"href":"https:\/\/pawz.rs\/en\/wp-json\/wp\/v2\/product_cat?post=21866"},{"taxonomy":"product_tag","embeddable":true,"href":"https:\/\/pawz.rs\/en\/wp-json\/wp\/v2\/product_tag?post=21866"}],"curies":[{"name":"wp","href":"https:\/\/api.w.org\/{rel}","templated":true}]}}