{"id":21888,"date":"2024-03-30T08:43:52","date_gmt":"2024-03-30T07:43:52","guid":{"rendered":"https:\/\/pawz.rs\/?post_type=product&#038;p=21888"},"modified":"2025-04-27T11:46:43","modified_gmt":"2025-04-27T09:46:43","slug":"nylabone-igracka-za-zvakanje-ukus-piletine-s-set-od-3-kosti","status":"publish","type":"product","link":"https:\/\/pawz.rs\/en\/nylabone-igracka-za-zvakanje-ukus-piletine-s-set-od-3-kosti\/","title":{"rendered":"Nylabone Igra\u010dka Za \u017dvakanje Ukus Piletine S  Set Od 3 Kosti"},"content":{"rendered":"<p><strong>Nylabone Igra\u010dka Za \u017dvakanje Ukus Piletine S Set Od 3 Kosti<\/strong><\/p>\n<p>Proizvo\u0111a\u010d: Nylabone<br \/>\nZemlja porekla: SAD<\/p>\n\n    <div class=\"xs_social_share_widget xs_share_url after_content \t\tmain_content  wslu-style-1 wslu-share-box-shaped wslu-fill-colored wslu-none wslu-share-horizontal wslu-theme-font-no wslu-main_content\">\n\n\t\t\n        <ul>\n\t\t\t        <\/ul>\n    <\/div>","protected":false},"excerpt":{"rendered":"<p>Nylabone Igra\u010dka Za \u017dvakanje Ukus Piletine S Set Od 3 Kosti Proizvo\u0111a\u010d: Nylabone Zemlja porekla: SAD<\/p>","protected":false},"featured_media":21889,"comment_status":"open","ping_status":"closed","template":"","meta":{"_acf_changed":false,"_aa_vp_cena":"","_aa_online_cena":""},"pwb-brand":[814],"product_cat":[764,202,47],"product_tag":[],"class_list":{"0":"post-21888","1":"product","2":"type-product","3":"status-publish","4":"has-post-thumbnail","6":"pwb-brand-nylabone","7":"product_cat-igracke-za-pse","8":"product_cat-oprema-za-pse","9":"product_cat-psi","11":"first","12":"outofstock","13":"taxable","14":"shipping-taxable","15":"purchasable","16":"product-type-simple"},"acf":[],"brands":[{"id":814,"name":"Nylabone","slug":"nylabone"}],"_links":{"self":[{"href":"https:\/\/pawz.rs\/en\/wp-json\/wp\/v2\/product\/21888","targetHints":{"allow":["GET"]}}],"collection":[{"href":"https:\/\/pawz.rs\/en\/wp-json\/wp\/v2\/product"}],"about":[{"href":"https:\/\/pawz.rs\/en\/wp-json\/wp\/v2\/types\/product"}],"replies":[{"embeddable":true,"href":"https:\/\/pawz.rs\/en\/wp-json\/wp\/v2\/comments?post=21888"}],"wp:featuredmedia":[{"embeddable":true,"href":"https:\/\/pawz.rs\/en\/wp-json\/wp\/v2\/media\/21889"}],"wp:attachment":[{"href":"https:\/\/pawz.rs\/en\/wp-json\/wp\/v2\/media?parent=21888"}],"wp:term":[{"taxonomy":"pwb-brand","embeddable":true,"href":"https:\/\/pawz.rs\/en\/wp-json\/wp\/v2\/pwb-brand?post=21888"},{"taxonomy":"product_cat","embeddable":true,"href":"https:\/\/pawz.rs\/en\/wp-json\/wp\/v2\/product_cat?post=21888"},{"taxonomy":"product_tag","embeddable":true,"href":"https:\/\/pawz.rs\/en\/wp-json\/wp\/v2\/product_tag?post=21888"}],"curies":[{"name":"wp","href":"https:\/\/api.w.org\/{rel}","templated":true}]}}