{"id":21924,"date":"2024-03-30T08:43:42","date_gmt":"2024-03-30T07:43:42","guid":{"rendered":"https:\/\/pawz.rs\/?post_type=product&#038;p=21924"},"modified":"2024-03-30T08:43:42","modified_gmt":"2024-03-30T07:43:42","slug":"savic-cinija-plasticna-delice-0-6-l","status":"publish","type":"product","link":"https:\/\/pawz.rs\/en\/savic-cinija-plasticna-delice-0-6-l\/","title":{"rendered":"Savic \u010cinija Plasti\u010dna Delice 0.6 l"},"content":{"rendered":"<p><strong>Savic \u010cinija Plasti\u010dna Delice 0.6 l<\/strong><\/p>\n<p>Proizvo\u0111a\u010d: Savic<br \/>\nZemlja porekla: Belgija<\/p>\n\n    <div class=\"xs_social_share_widget xs_share_url after_content \t\tmain_content  wslu-style-1 wslu-share-box-shaped wslu-fill-colored wslu-none wslu-share-horizontal wslu-theme-font-no wslu-main_content\">\n\n\t\t\n        <ul>\n\t\t\t        <\/ul>\n    <\/div>","protected":false},"excerpt":{"rendered":"<p>Savic \u010cinija Plasti\u010dna Delice 0.6 l Proizvo\u0111a\u010d: Savic Zemlja porekla: Belgija<\/p>","protected":false},"featured_media":21919,"comment_status":"open","ping_status":"closed","template":"","meta":{"_acf_changed":false},"pwb-brand":[799],"product_cat":[47,202,762],"product_tag":[],"class_list":{"0":"post-21924","1":"product","2":"type-product","3":"status-publish","4":"has-post-thumbnail","6":"pwb-brand-savic","7":"product_cat-psi","8":"product_cat-oprema-za-pse","9":"product_cat-oprema-za-ishranu","11":"first","12":"instock","13":"taxable","14":"shipping-taxable","15":"purchasable","16":"product-type-variable","17":"has-default-attributes"},"acf":[],"brands":[{"id":799,"name":"Savic","slug":"savic"}],"_links":{"self":[{"href":"https:\/\/pawz.rs\/en\/wp-json\/wp\/v2\/product\/21924","targetHints":{"allow":["GET"]}}],"collection":[{"href":"https:\/\/pawz.rs\/en\/wp-json\/wp\/v2\/product"}],"about":[{"href":"https:\/\/pawz.rs\/en\/wp-json\/wp\/v2\/types\/product"}],"replies":[{"embeddable":true,"href":"https:\/\/pawz.rs\/en\/wp-json\/wp\/v2\/comments?post=21924"}],"wp:featuredmedia":[{"embeddable":true,"href":"https:\/\/pawz.rs\/en\/wp-json\/wp\/v2\/media\/21919"}],"wp:attachment":[{"href":"https:\/\/pawz.rs\/en\/wp-json\/wp\/v2\/media?parent=21924"}],"wp:term":[{"taxonomy":"pwb-brand","embeddable":true,"href":"https:\/\/pawz.rs\/en\/wp-json\/wp\/v2\/pwb-brand?post=21924"},{"taxonomy":"product_cat","embeddable":true,"href":"https:\/\/pawz.rs\/en\/wp-json\/wp\/v2\/product_cat?post=21924"},{"taxonomy":"product_tag","embeddable":true,"href":"https:\/\/pawz.rs\/en\/wp-json\/wp\/v2\/product_tag?post=21924"}],"curies":[{"name":"wp","href":"https:\/\/api.w.org\/{rel}","templated":true}]}}