{"id":21937,"date":"2024-03-30T08:43:22","date_gmt":"2024-03-30T07:43:22","guid":{"rendered":"https:\/\/pawz.rs\/?post_type=product&#038;p=21937"},"modified":"2024-03-30T08:43:23","modified_gmt":"2024-03-30T07:43:23","slug":"ferribiella-plasticna-posuda-za-vodu-za-put-750-ml","status":"publish","type":"product","link":"https:\/\/pawz.rs\/en\/ferribiella-plasticna-posuda-za-vodu-za-put-750-ml\/","title":{"rendered":"Ferribiella Plasti\u010dna Posuda Za Vodu Za Put 750 ml"},"content":{"rendered":"<p><strong>Ferribiella Plasti\u010dna Posuda Za Vodu Za Put 750 ml<\/strong><\/p>\n<p>Proizvo\u0111a\u010d: Ferribiella S.p.a.<br \/>\nZemlja porekla: Italija<\/p>\n\n    <div class=\"xs_social_share_widget xs_share_url after_content \t\tmain_content  wslu-style-1 wslu-share-box-shaped wslu-fill-colored wslu-none wslu-share-horizontal wslu-theme-font-no wslu-main_content\">\n\n\t\t\n        <ul>\n\t\t\t        <\/ul>\n    <\/div>","protected":false},"excerpt":{"rendered":"<p>Ferribiella Plasti\u010dna Posuda Za Vodu Za Put 750 ml Proizvo\u0111a\u010d: Ferribiella S.p.a. Zemlja porekla: Italija<\/p>","protected":false},"featured_media":21938,"comment_status":"open","ping_status":"closed","template":"","meta":{"_acf_changed":false},"pwb-brand":[505],"product_cat":[47,202,203],"product_tag":[],"class_list":{"0":"post-21937","1":"product","2":"type-product","3":"status-publish","4":"has-post-thumbnail","6":"pwb-brand-ferribiella","7":"product_cat-psi","8":"product_cat-oprema-za-pse","9":"product_cat-oprema-za-setnju","11":"first","12":"instock","13":"taxable","14":"shipping-taxable","15":"purchasable","16":"product-type-simple"},"acf":[],"brands":[{"id":505,"name":"Ferribiella","slug":"ferribiella"}],"_links":{"self":[{"href":"https:\/\/pawz.rs\/en\/wp-json\/wp\/v2\/product\/21937","targetHints":{"allow":["GET"]}}],"collection":[{"href":"https:\/\/pawz.rs\/en\/wp-json\/wp\/v2\/product"}],"about":[{"href":"https:\/\/pawz.rs\/en\/wp-json\/wp\/v2\/types\/product"}],"replies":[{"embeddable":true,"href":"https:\/\/pawz.rs\/en\/wp-json\/wp\/v2\/comments?post=21937"}],"wp:featuredmedia":[{"embeddable":true,"href":"https:\/\/pawz.rs\/en\/wp-json\/wp\/v2\/media\/21938"}],"wp:attachment":[{"href":"https:\/\/pawz.rs\/en\/wp-json\/wp\/v2\/media?parent=21937"}],"wp:term":[{"taxonomy":"pwb-brand","embeddable":true,"href":"https:\/\/pawz.rs\/en\/wp-json\/wp\/v2\/pwb-brand?post=21937"},{"taxonomy":"product_cat","embeddable":true,"href":"https:\/\/pawz.rs\/en\/wp-json\/wp\/v2\/product_cat?post=21937"},{"taxonomy":"product_tag","embeddable":true,"href":"https:\/\/pawz.rs\/en\/wp-json\/wp\/v2\/product_tag?post=21937"}],"curies":[{"name":"wp","href":"https:\/\/api.w.org\/{rel}","templated":true}]}}