{"id":21956,"date":"2024-03-30T08:43:17","date_gmt":"2024-03-30T07:43:17","guid":{"rendered":"https:\/\/pawz.rs\/?post_type=product&#038;p=21956"},"modified":"2024-03-30T08:43:18","modified_gmt":"2024-03-30T07:43:18","slug":"mpets-dupla-plasticna-cinija-za-pse-2-x-400-ml","status":"publish","type":"product","link":"https:\/\/pawz.rs\/en\/mpets-dupla-plasticna-cinija-za-pse-2-x-400-ml\/","title":{"rendered":"Mpets Dupla Plasti\u010dna \u010cinija Za Pse 2 x 400 ml"},"content":{"rendered":"<p><strong>Mpets Dupla Plasti\u010dna \u010cinija Za Pse 2 x 400 ml<\/strong><\/p>\n<p>Proizvo\u0111a\u010d: M-PETS Luchthavenlaan 27<br \/>\nZemlja porekla: Belgija<\/p>\n\n    <div class=\"xs_social_share_widget xs_share_url after_content \t\tmain_content  wslu-style-1 wslu-share-box-shaped wslu-fill-colored wslu-none wslu-share-horizontal wslu-theme-font-no wslu-main_content\">\n\n\t\t\n        <ul>\n\t\t\t        <\/ul>\n    <\/div>","protected":false},"excerpt":{"rendered":"<p>Mpets Dupla Plasti\u010dna \u010cinija Za Pse 2 x 400 ml Proizvo\u0111a\u010d: M-PETS Luchthavenlaan 27 Zemlja porekla: Belgija<\/p>","protected":false},"featured_media":21953,"comment_status":"open","ping_status":"closed","template":"","meta":{"_acf_changed":false},"pwb-brand":[826],"product_cat":[762,202,47],"product_tag":[],"class_list":{"0":"post-21956","1":"product","2":"type-product","3":"status-publish","4":"has-post-thumbnail","6":"pwb-brand-m-pets","7":"product_cat-oprema-za-ishranu","8":"product_cat-oprema-za-pse","9":"product_cat-psi","11":"first","12":"instock","13":"taxable","14":"shipping-taxable","15":"purchasable","16":"product-type-variable","17":"has-default-attributes"},"acf":[],"brands":[{"id":826,"name":"M-Pets","slug":"m-pets"}],"_links":{"self":[{"href":"https:\/\/pawz.rs\/en\/wp-json\/wp\/v2\/product\/21956","targetHints":{"allow":["GET"]}}],"collection":[{"href":"https:\/\/pawz.rs\/en\/wp-json\/wp\/v2\/product"}],"about":[{"href":"https:\/\/pawz.rs\/en\/wp-json\/wp\/v2\/types\/product"}],"replies":[{"embeddable":true,"href":"https:\/\/pawz.rs\/en\/wp-json\/wp\/v2\/comments?post=21956"}],"wp:featuredmedia":[{"embeddable":true,"href":"https:\/\/pawz.rs\/en\/wp-json\/wp\/v2\/media\/21953"}],"wp:attachment":[{"href":"https:\/\/pawz.rs\/en\/wp-json\/wp\/v2\/media?parent=21956"}],"wp:term":[{"taxonomy":"pwb-brand","embeddable":true,"href":"https:\/\/pawz.rs\/en\/wp-json\/wp\/v2\/pwb-brand?post=21956"},{"taxonomy":"product_cat","embeddable":true,"href":"https:\/\/pawz.rs\/en\/wp-json\/wp\/v2\/product_cat?post=21956"},{"taxonomy":"product_tag","embeddable":true,"href":"https:\/\/pawz.rs\/en\/wp-json\/wp\/v2\/product_tag?post=21956"}],"curies":[{"name":"wp","href":"https:\/\/api.w.org\/{rel}","templated":true}]}}