{"id":21960,"date":"2024-03-30T08:43:16","date_gmt":"2024-03-30T07:43:16","guid":{"rendered":"https:\/\/pawz.rs\/?post_type=product&#038;p=21960"},"modified":"2024-03-30T08:43:16","modified_gmt":"2024-03-30T07:43:16","slug":"pawise-cinija-za-halapljive-pse-1-l","status":"publish","type":"product","link":"https:\/\/pawz.rs\/en\/pawise-cinija-za-halapljive-pse-1-l\/","title":{"rendered":"Pawise \u010cinija Za Halapljive Pse 1 l"},"content":{"rendered":"<p><strong>Pawise \u010cinija Za Halapljive Pse 1 l<\/strong><\/p>\n<p>Proizvo\u0111a\u010d: Fortunate PTE. LTD<br \/>\nZemlja porekla: Kina<\/p>\n\n    <div class=\"xs_social_share_widget xs_share_url after_content \t\tmain_content  wslu-style-1 wslu-share-box-shaped wslu-fill-colored wslu-none wslu-share-horizontal wslu-theme-font-no wslu-main_content\">\n\n\t\t\n        <ul>\n\t\t\t        <\/ul>\n    <\/div>","protected":false},"excerpt":{"rendered":"<p>Pawise \u010cinija Za Halapljive Pse 1 l Proizvo\u0111a\u010d: Fortunate PTE. LTD Zemlja porekla: Kina<\/p>","protected":false},"featured_media":21961,"comment_status":"open","ping_status":"closed","template":"","meta":{"_acf_changed":false},"pwb-brand":[829],"product_cat":[762,202,47],"product_tag":[],"class_list":{"0":"post-21960","1":"product","2":"type-product","3":"status-publish","4":"has-post-thumbnail","6":"pwb-brand-pawise","7":"product_cat-oprema-za-ishranu","8":"product_cat-oprema-za-pse","9":"product_cat-psi","11":"first","12":"instock","13":"taxable","14":"shipping-taxable","15":"purchasable","16":"product-type-simple"},"acf":[],"brands":[{"id":829,"name":"Pawise","slug":"pawise"}],"_links":{"self":[{"href":"https:\/\/pawz.rs\/en\/wp-json\/wp\/v2\/product\/21960","targetHints":{"allow":["GET"]}}],"collection":[{"href":"https:\/\/pawz.rs\/en\/wp-json\/wp\/v2\/product"}],"about":[{"href":"https:\/\/pawz.rs\/en\/wp-json\/wp\/v2\/types\/product"}],"replies":[{"embeddable":true,"href":"https:\/\/pawz.rs\/en\/wp-json\/wp\/v2\/comments?post=21960"}],"wp:featuredmedia":[{"embeddable":true,"href":"https:\/\/pawz.rs\/en\/wp-json\/wp\/v2\/media\/21961"}],"wp:attachment":[{"href":"https:\/\/pawz.rs\/en\/wp-json\/wp\/v2\/media?parent=21960"}],"wp:term":[{"taxonomy":"pwb-brand","embeddable":true,"href":"https:\/\/pawz.rs\/en\/wp-json\/wp\/v2\/pwb-brand?post=21960"},{"taxonomy":"product_cat","embeddable":true,"href":"https:\/\/pawz.rs\/en\/wp-json\/wp\/v2\/product_cat?post=21960"},{"taxonomy":"product_tag","embeddable":true,"href":"https:\/\/pawz.rs\/en\/wp-json\/wp\/v2\/product_tag?post=21960"}],"curies":[{"name":"wp","href":"https:\/\/api.w.org\/{rel}","templated":true}]}}