{"id":21966,"date":"2024-03-30T08:43:14","date_gmt":"2024-03-30T07:43:14","guid":{"rendered":"https:\/\/pawz.rs\/?post_type=product&#038;p=21966"},"modified":"2024-03-30T08:43:15","modified_gmt":"2024-03-30T07:43:15","slug":"trixie-silos-za-hranu-i-vodu-0-65-l","status":"publish","type":"product","link":"https:\/\/pawz.rs\/en\/trixie-silos-za-hranu-i-vodu-0-65-l\/","title":{"rendered":"Trixie Silos Za Hranu I Vodu 0.65 l"},"content":{"rendered":"<p><strong>Trixie Silos Za Hranu I Vodu 0.65 l<\/strong><\/p>\n<p>Proizvo\u0111a\u010d: Trixie Heimtierbedarf<br \/>\nZemlja porekla: Nmea\u010dka<\/p>\n\n    <div class=\"xs_social_share_widget xs_share_url after_content \t\tmain_content  wslu-style-1 wslu-share-box-shaped wslu-fill-colored wslu-none wslu-share-horizontal wslu-theme-font-no wslu-main_content\">\n\n\t\t\n        <ul>\n\t\t\t        <\/ul>\n    <\/div>","protected":false},"excerpt":{"rendered":"<p>Trixie Silos Za Hranu I Vodu 0.65 l Proizvo\u0111a\u010d: Trixie Heimtierbedarf Zemlja porekla: Nmea\u010dka<\/p>","protected":false},"featured_media":21955,"comment_status":"open","ping_status":"closed","template":"","meta":{"_acf_changed":false},"pwb-brand":[465],"product_cat":[23,765,766,47,202,762],"product_tag":[],"class_list":{"0":"post-21966","1":"product","2":"type-product","3":"status-publish","4":"has-post-thumbnail","6":"pwb-brand-trixie","7":"product_cat-macke","8":"product_cat-oprema-za-macke","9":"product_cat-oprema-za-ishranu-macke","10":"product_cat-psi","11":"product_cat-oprema-za-pse","12":"product_cat-oprema-za-ishranu","14":"first","15":"instock","16":"taxable","17":"shipping-taxable","18":"purchasable","19":"product-type-simple"},"acf":[],"brands":[{"id":465,"name":"Trixie","slug":"trixie"}],"_links":{"self":[{"href":"https:\/\/pawz.rs\/en\/wp-json\/wp\/v2\/product\/21966","targetHints":{"allow":["GET"]}}],"collection":[{"href":"https:\/\/pawz.rs\/en\/wp-json\/wp\/v2\/product"}],"about":[{"href":"https:\/\/pawz.rs\/en\/wp-json\/wp\/v2\/types\/product"}],"replies":[{"embeddable":true,"href":"https:\/\/pawz.rs\/en\/wp-json\/wp\/v2\/comments?post=21966"}],"wp:featuredmedia":[{"embeddable":true,"href":"https:\/\/pawz.rs\/en\/wp-json\/wp\/v2\/media\/21955"}],"wp:attachment":[{"href":"https:\/\/pawz.rs\/en\/wp-json\/wp\/v2\/media?parent=21966"}],"wp:term":[{"taxonomy":"pwb-brand","embeddable":true,"href":"https:\/\/pawz.rs\/en\/wp-json\/wp\/v2\/pwb-brand?post=21966"},{"taxonomy":"product_cat","embeddable":true,"href":"https:\/\/pawz.rs\/en\/wp-json\/wp\/v2\/product_cat?post=21966"},{"taxonomy":"product_tag","embeddable":true,"href":"https:\/\/pawz.rs\/en\/wp-json\/wp\/v2\/product_tag?post=21966"}],"curies":[{"name":"wp","href":"https:\/\/api.w.org\/{rel}","templated":true}]}}