{"id":22000,"date":"2024-03-30T08:42:31","date_gmt":"2024-03-30T07:42:31","guid":{"rendered":"https:\/\/pawz.rs\/?post_type=product&#038;p=22000"},"modified":"2024-05-04T11:12:43","modified_gmt":"2024-05-04T09:12:43","slug":"gizmo-dupla-cinija-od-nerdjajuceg-celika-sa-stalkom-2-x-1890-ml","status":"publish","type":"product","link":"https:\/\/pawz.rs\/en\/gizmo-dupla-cinija-od-nerdjajuceg-celika-sa-stalkom-2-x-1890-ml\/","title":{"rendered":"Gizmo Dupla \u010cinija Od Ner\u0111aju\u0107eg \u010celika Sa Stalkom 2 x 1890 ml"},"content":{"rendered":"<p><strong>Gizmo Dupla \u010cinija Od Ner\u0111aju\u0107eg \u010celika Sa Stalkom 2 x 1890 ml<\/strong><\/p>\n<p>Proizvo\u0111a\u010d: Gizmo<br \/>\nZemlja porekla: Indija<\/p>\n\n    <div class=\"xs_social_share_widget xs_share_url after_content \t\tmain_content  wslu-style-1 wslu-share-box-shaped wslu-fill-colored wslu-none wslu-share-horizontal wslu-theme-font-no wslu-main_content\">\n\n\t\t\n        <ul>\n\t\t\t        <\/ul>\n    <\/div>","protected":false},"excerpt":{"rendered":"<p>Gizmo Dupla \u010cinija Od Ner\u0111aju\u0107eg \u010celika Sa Stalkom 2 x 1890 ml Proizvo\u0111a\u010d: Gizmo Zemlja porekla: Indija<\/p>","protected":false},"featured_media":22001,"comment_status":"open","ping_status":"closed","template":"","meta":{"_acf_changed":false},"pwb-brand":[821],"product_cat":[762,202,47],"product_tag":[],"class_list":{"0":"post-22000","1":"product","2":"type-product","3":"status-publish","4":"has-post-thumbnail","6":"pwb-brand-gizmo","7":"product_cat-oprema-za-ishranu","8":"product_cat-oprema-za-pse","9":"product_cat-psi","11":"first","12":"outofstock","13":"taxable","14":"shipping-taxable","15":"purchasable","16":"product-type-simple"},"acf":[],"brands":[{"id":821,"name":"Gizmo","slug":"gizmo"}],"_links":{"self":[{"href":"https:\/\/pawz.rs\/en\/wp-json\/wp\/v2\/product\/22000","targetHints":{"allow":["GET"]}}],"collection":[{"href":"https:\/\/pawz.rs\/en\/wp-json\/wp\/v2\/product"}],"about":[{"href":"https:\/\/pawz.rs\/en\/wp-json\/wp\/v2\/types\/product"}],"replies":[{"embeddable":true,"href":"https:\/\/pawz.rs\/en\/wp-json\/wp\/v2\/comments?post=22000"}],"wp:featuredmedia":[{"embeddable":true,"href":"https:\/\/pawz.rs\/en\/wp-json\/wp\/v2\/media\/22001"}],"wp:attachment":[{"href":"https:\/\/pawz.rs\/en\/wp-json\/wp\/v2\/media?parent=22000"}],"wp:term":[{"taxonomy":"pwb-brand","embeddable":true,"href":"https:\/\/pawz.rs\/en\/wp-json\/wp\/v2\/pwb-brand?post=22000"},{"taxonomy":"product_cat","embeddable":true,"href":"https:\/\/pawz.rs\/en\/wp-json\/wp\/v2\/product_cat?post=22000"},{"taxonomy":"product_tag","embeddable":true,"href":"https:\/\/pawz.rs\/en\/wp-json\/wp\/v2\/product_tag?post=22000"}],"curies":[{"name":"wp","href":"https:\/\/api.w.org\/{rel}","templated":true}]}}