{"id":22004,"date":"2024-03-30T08:42:10","date_gmt":"2024-03-30T07:42:10","guid":{"rendered":"https:\/\/pawz.rs\/?post_type=product&#038;p=22004"},"modified":"2024-03-30T08:42:11","modified_gmt":"2024-03-30T07:42:11","slug":"camon-igracka-za-macke-pecaljka-plava","status":"publish","type":"product","link":"https:\/\/pawz.rs\/en\/camon-igracka-za-macke-pecaljka-plava\/","title":{"rendered":"Camon Igra\u010dka Za Ma\u010dke Pecaljka Plava"},"content":{"rendered":"<p><strong>Camon Igra\u010dka Za Ma\u010dke Pecaljka Plava<\/strong><\/p>\n<p>Proizvo\u0111a\u010d: Camon S.p.a.<br \/>\nZemlja porekla: Kina<\/p>\n\n    <div class=\"xs_social_share_widget xs_share_url after_content \t\tmain_content  wslu-style-1 wslu-share-box-shaped wslu-fill-colored wslu-none wslu-share-horizontal wslu-theme-font-no wslu-main_content\">\n\n\t\t\n        <ul>\n\t\t\t        <\/ul>\n    <\/div>","protected":false},"excerpt":{"rendered":"<p>Camon Igra\u010dka Za Ma\u010dke Pecaljka Plava Proizvo\u0111a\u010d: Camon S.p.a. Zemlja porekla: Kina<\/p>","protected":false},"featured_media":22005,"comment_status":"open","ping_status":"closed","template":"","meta":{"_acf_changed":false},"pwb-brand":[502],"product_cat":[767,23,765],"product_tag":[],"class_list":{"0":"post-22004","1":"product","2":"type-product","3":"status-publish","4":"has-post-thumbnail","6":"pwb-brand-camon","7":"product_cat-igracke-za-macke","8":"product_cat-macke","9":"product_cat-oprema-za-macke","11":"first","12":"instock","13":"taxable","14":"shipping-taxable","15":"purchasable","16":"product-type-simple"},"acf":[],"brands":[{"id":502,"name":"Camon","slug":"camon"}],"_links":{"self":[{"href":"https:\/\/pawz.rs\/en\/wp-json\/wp\/v2\/product\/22004","targetHints":{"allow":["GET"]}}],"collection":[{"href":"https:\/\/pawz.rs\/en\/wp-json\/wp\/v2\/product"}],"about":[{"href":"https:\/\/pawz.rs\/en\/wp-json\/wp\/v2\/types\/product"}],"replies":[{"embeddable":true,"href":"https:\/\/pawz.rs\/en\/wp-json\/wp\/v2\/comments?post=22004"}],"wp:featuredmedia":[{"embeddable":true,"href":"https:\/\/pawz.rs\/en\/wp-json\/wp\/v2\/media\/22005"}],"wp:attachment":[{"href":"https:\/\/pawz.rs\/en\/wp-json\/wp\/v2\/media?parent=22004"}],"wp:term":[{"taxonomy":"pwb-brand","embeddable":true,"href":"https:\/\/pawz.rs\/en\/wp-json\/wp\/v2\/pwb-brand?post=22004"},{"taxonomy":"product_cat","embeddable":true,"href":"https:\/\/pawz.rs\/en\/wp-json\/wp\/v2\/product_cat?post=22004"},{"taxonomy":"product_tag","embeddable":true,"href":"https:\/\/pawz.rs\/en\/wp-json\/wp\/v2\/product_tag?post=22004"}],"curies":[{"name":"wp","href":"https:\/\/api.w.org\/{rel}","templated":true}]}}