{"id":22020,"date":"2024-03-30T08:42:07","date_gmt":"2024-03-30T07:42:07","guid":{"rendered":"https:\/\/pawz.rs\/?post_type=product&#038;p=22020"},"modified":"2024-03-30T08:42:08","modified_gmt":"2024-03-30T07:42:08","slug":"trixie-repelent-spray-za-spoljasnju-unutrasnju-upotrebu-500-ml","status":"publish","type":"product","link":"https:\/\/pawz.rs\/en\/trixie-repelent-spray-za-spoljasnju-unutrasnju-upotrebu-500-ml\/","title":{"rendered":"Trixie Repelent Spray Za Spolja\u0161nju\/Unutra\u0161nju Upotrebu 500 ml"},"content":{"rendered":"<p><strong>Trixie Repelent Spray Za Spolja\u0161nju\/Unutra\u0161nju Upotrebu 500 ml<\/strong><\/p>\n<ul>\n<li>Dr\u017ei pse i ma\u010dke dalje od tretiranih podru\u010dja<\/li>\n<li>Za unutra\u0161nju i spolja\u0161nju upotrebu<\/li>\n<li>Kao za\u0161tita od prljanja, ogrebotina i tragova ugriza<\/li>\n<\/ul>\n<p>Proizvo\u0111a\u010d: Trixie Heimtierbedarf<br \/>\nCountry of origin: Germany<\/p>\n\n    <div class=\"xs_social_share_widget xs_share_url after_content \t\tmain_content  wslu-style-1 wslu-share-box-shaped wslu-fill-colored wslu-none wslu-share-horizontal wslu-theme-font-no wslu-main_content\">\n\n\t\t\n        <ul>\n\t\t\t        <\/ul>\n    <\/div>","protected":false},"excerpt":{"rendered":"<p>Trixie Repelent Spray Za Spolja\u0161nju\/Unutra\u0161nju Upotrebu 500 ml Dr\u017ei pse i ma\u010dke dalje od tretiranih podru\u010dja Za unutra\u0161nju i spolja\u0161nju upotrebu Kao za\u0161tita od prljanja, ogrebotina i tragova ugriza Proizvo\u0111a\u010d: Trixie Heimtierbedarf Zemlja porekla: Nema\u010dka<\/p>","protected":false},"featured_media":22022,"comment_status":"open","ping_status":"closed","template":"","meta":{"_acf_changed":false},"pwb-brand":[465],"product_cat":[47,104,389],"product_tag":[],"class_list":{"0":"post-22020","1":"product","2":"type-product","3":"status-publish","4":"has-post-thumbnail","6":"pwb-brand-trixie","7":"product_cat-psi","8":"product_cat-higijena-i-nega-pasa","9":"product_cat-higijenski-proizvodi-higijena-i-nega-pasa","11":"first","12":"instock","13":"taxable","14":"shipping-taxable","15":"purchasable","16":"product-type-simple"},"acf":[],"brands":[{"id":465,"name":"Trixie","slug":"trixie"}],"_links":{"self":[{"href":"https:\/\/pawz.rs\/en\/wp-json\/wp\/v2\/product\/22020","targetHints":{"allow":["GET"]}}],"collection":[{"href":"https:\/\/pawz.rs\/en\/wp-json\/wp\/v2\/product"}],"about":[{"href":"https:\/\/pawz.rs\/en\/wp-json\/wp\/v2\/types\/product"}],"replies":[{"embeddable":true,"href":"https:\/\/pawz.rs\/en\/wp-json\/wp\/v2\/comments?post=22020"}],"wp:featuredmedia":[{"embeddable":true,"href":"https:\/\/pawz.rs\/en\/wp-json\/wp\/v2\/media\/22022"}],"wp:attachment":[{"href":"https:\/\/pawz.rs\/en\/wp-json\/wp\/v2\/media?parent=22020"}],"wp:term":[{"taxonomy":"pwb-brand","embeddable":true,"href":"https:\/\/pawz.rs\/en\/wp-json\/wp\/v2\/pwb-brand?post=22020"},{"taxonomy":"product_cat","embeddable":true,"href":"https:\/\/pawz.rs\/en\/wp-json\/wp\/v2\/product_cat?post=22020"},{"taxonomy":"product_tag","embeddable":true,"href":"https:\/\/pawz.rs\/en\/wp-json\/wp\/v2\/product_tag?post=22020"}],"curies":[{"name":"wp","href":"https:\/\/api.w.org\/{rel}","templated":true}]}}