{"id":22087,"date":"2024-04-08T19:00:12","date_gmt":"2024-04-08T17:00:12","guid":{"rendered":"https:\/\/pawz.rs\/?post_type=product&#038;p=22087"},"modified":"2025-07-07T10:07:29","modified_gmt":"2025-07-07T08:07:29","slug":"purina-friskies-preliv-za-macke-meso-4-x-85-g","status":"publish","type":"product","link":"https:\/\/pawz.rs\/en\/purina-friskies-preliv-za-macke-meso-4-x-85-g\/","title":{"rendered":"Purina Friskies Preliv Za Ma\u010dke Meso 4 x 85 g"},"content":{"rendered":"<p><strong>Purina Friskies Preliv Za Ma\u010dke Meso 4 x 85 g<\/strong><\/p>\n<p>Potpuna hrana za ku\u0107ne ljubimce, odrasle ma\u010dke, pogodna i za sterilisane ma\u010dke.<\/p>\n<p><strong>Sastav:<\/strong><br \/>\nMeso i prera\u0111evine \u017eivotinjskog porekla (govedina 4 %), \u017eitarice, riba i riblje prera\u0111evine, minerali, razli\u010diti \u0161e\u0107eri<\/p>\n<p>Meso i prera\u0111evine \u017eivotinjskog porekla (piletina 4 %), \u017eitarice, riba i riblje prera\u0111evine, minerali, razli\u010diti \u0161e\u0107eri<\/p>\n<p>Meso i prera\u0111evine \u017eivotinjskog porekla (pa\u010detina 4 %), \u017eitarice, riba i riblje prera\u0111evine, minerali, razli\u010diti \u0161e\u0107eri<\/p>\n<p>Meso i prera\u0111evine \u017eivotinjskog porekla (jagnjetina 4 %), \u017eitarice, riba i riblje prera\u0111evine, minerali, razli\u010diti \u0161e\u0107eri<\/p>\n<p><strong>Nutritivni dodaci IJ\/kg:<\/strong><br \/>\nVitamin A: 580, Vitamin D3: 89 mg\/kg, Taurin 367, gvo\u017e\u0111e (II) sulfat monohidrat: 6,7, kalcijum jodat anhidrovani 0,16, bakar II sulfat pentahidrat 0,58, mangan II sulfat monohidrat: 1,3, cinksulfat monohidrat: 11,8, arome<\/p>\n<p><strong>Hemijski sastav:<\/strong><br \/>\nVlaga: 84 %, Proteini: 6,5 %, Masti: 2,5%, Sirovi pepeo: 2,1%, Sirova vlakna: 0,07%, Omega 6 masne kiseline: 0,3%,<\/p>\n<p><strong>Uputstvo za hranjenje:<\/strong><br \/>\nZa odraslu ma\u010dku (4 kg), hraniti sa 4 kesice dnevno, servirane u 2 obroka na sobnoj temperaturi.<\/p>\n<p>Individualne potrebe variraju i ishranu treba prilago\u0111avati potrebama kako biste Va\u0161u ma\u010dku odr\u017eali vitkom, zdrave telesne te\u017eine.<\/p>\n<p>Sve\u017ea, \u010dista voda treba da bude dostupna sve vreme.<\/p>\n<p>Proizvo\u0111a\u010d: Nestle Purina Manufacturing Operations Poland sp.z.o.o.<br \/>\nZemlja porekla: Poljska<\/p>\n\n    <div class=\"xs_social_share_widget xs_share_url after_content \t\tmain_content  wslu-style-1 wslu-share-box-shaped wslu-fill-colored wslu-none wslu-share-horizontal wslu-theme-font-no wslu-main_content\">\n\n\t\t\n        <ul>\n\t\t\t        <\/ul>\n    <\/div>","protected":false},"excerpt":{"rendered":"<p>Potpuna hrana sa mesom &#8211; multipak za ku\u0107ne ljubimce, odrasle ma\u010dke, pogodna i za sterilisane ma\u010dke.<\/p>","protected":false},"featured_media":22095,"comment_status":"open","ping_status":"closed","template":"","meta":{"_acf_changed":false},"pwb-brand":[641],"product_cat":[21,23,150],"product_tag":[],"class_list":{"0":"post-22087","1":"product","2":"type-product","3":"status-publish","4":"has-post-thumbnail","6":"pwb-brand-friskies-poslastice-za-pse","7":"product_cat-hrana-za-macke","8":"product_cat-macke","9":"product_cat-vlazna-hrana-za-macke","11":"first","12":"instock","13":"taxable","14":"shipping-taxable","15":"purchasable","16":"product-type-variable","17":"has-default-attributes"},"acf":[],"brands":[{"id":641,"name":"Friskies","slug":"friskies-poslastice-za-pse"}],"_links":{"self":[{"href":"https:\/\/pawz.rs\/en\/wp-json\/wp\/v2\/product\/22087","targetHints":{"allow":["GET"]}}],"collection":[{"href":"https:\/\/pawz.rs\/en\/wp-json\/wp\/v2\/product"}],"about":[{"href":"https:\/\/pawz.rs\/en\/wp-json\/wp\/v2\/types\/product"}],"replies":[{"embeddable":true,"href":"https:\/\/pawz.rs\/en\/wp-json\/wp\/v2\/comments?post=22087"}],"wp:featuredmedia":[{"embeddable":true,"href":"https:\/\/pawz.rs\/en\/wp-json\/wp\/v2\/media\/22095"}],"wp:attachment":[{"href":"https:\/\/pawz.rs\/en\/wp-json\/wp\/v2\/media?parent=22087"}],"wp:term":[{"taxonomy":"pwb-brand","embeddable":true,"href":"https:\/\/pawz.rs\/en\/wp-json\/wp\/v2\/pwb-brand?post=22087"},{"taxonomy":"product_cat","embeddable":true,"href":"https:\/\/pawz.rs\/en\/wp-json\/wp\/v2\/product_cat?post=22087"},{"taxonomy":"product_tag","embeddable":true,"href":"https:\/\/pawz.rs\/en\/wp-json\/wp\/v2\/product_tag?post=22087"}],"curies":[{"name":"wp","href":"https:\/\/api.w.org\/{rel}","templated":true}]}}