{"id":22102,"date":"2024-04-08T19:00:11","date_gmt":"2024-04-08T17:00:11","guid":{"rendered":"https:\/\/pawz.rs\/?post_type=product&#038;p=22102"},"modified":"2025-12-06T10:15:25","modified_gmt":"2025-12-06T09:15:25","slug":"friskies-granule-za-macke-meso","status":"publish","type":"product","link":"https:\/\/pawz.rs\/en\/friskies-granule-za-macke-meso\/","title":{"rendered":"Friskies Granule Za Ma\u010dke Meso"},"content":{"rendered":"<p><strong>Friskies Granule Za Ma\u010dke Meso<\/strong><\/p>\n<p>Potpuna hrana za ku\u0107ne ljubimce, za odrasle ma\u010dke.<\/p>\n<p><strong>Sastav:<\/strong><br \/>\n\u017ditarice, meso i prera\u0111evine \u017eivotinjskog porekla (2 % govedine i 2 % piletine u obliku diska i u obliku \u0161nicle*), ekstrakti biljnih proteina,ulja i masti, prera\u0111evine biljnog porekla, minerali, kvasci, povr\u0107e (0,6 % dehidrisanog povr\u0107a, \u0161to je jednako 4% rehidrisanog povr\u0107a u granulama trouglastog obilika**)<\/p>\n<p>*ukupna koli\u010dina u proizvodu: 1.5% govedine i 1.5% piletine<\/p>\n<p>**ukupna koli\u010dina u proizvodu: 1% rehidrisanog povr\u0107a<\/p>\n<p><strong>Nutritivni dodaci IJ\/kg:<\/strong><br \/>\nVitamin A: 12 500, Vitamin D3: 1000, Vitamin E: 85, Fe: 47 mg\/kg, Cu: 8,9 mg\/kg, Mn: 5,1 mg\/kg, Zn: 66 mg\/kg, Se: 0,1 mg\/kg, Taurin: 870, Antioksidansi<\/p>\n<p><strong>Hemijski sastav:<\/strong><br \/>\nProteini: 30%, Masti: 11%, Sirovi pepeo: 8%, Sirova vlakna: 3 %, Esencijalne masne kiseline: 1,8%<\/p>\n<p>\u010cuvati na hladnom i suvom mestu.<\/p>\n<p>Sve\u017ea voda uvek da bude dostupna.<br \/>\nFor your pet&#039;s health, consult a veterinarian regularly.<\/p>\n<p>Proizvo\u0111a\u010d: Nestle Purina Manufacturing Operations Poland sp.z.o.o.<br \/>\nZemlja porekla: Poljska<\/p>\n\n    <div class=\"xs_social_share_widget xs_share_url after_content \t\tmain_content  wslu-style-1 wslu-share-box-shaped wslu-fill-colored wslu-none wslu-share-horizontal wslu-theme-font-no wslu-main_content\">\n\n\t\t\n        <ul>\n\t\t\t        <\/ul>\n    <\/div>","protected":false},"excerpt":{"rendered":"<p>Potpuna hrana za ku\u0107ne ljubimce, za odrasle ma\u010dke, u kombinaciji dva ukusa, piletine i govedine<\/p>","protected":false},"featured_media":22106,"comment_status":"open","ping_status":"closed","template":"","meta":{"_acf_changed":false},"pwb-brand":[641],"product_cat":[23,21,149],"product_tag":[],"class_list":{"0":"post-22102","1":"product","2":"type-product","3":"status-publish","4":"has-post-thumbnail","6":"pwb-brand-friskies-poslastice-za-pse","7":"product_cat-macke","8":"product_cat-hrana-za-macke","9":"product_cat-granule-za-macke","11":"first","12":"instock","13":"taxable","14":"shipping-taxable","15":"purchasable","16":"product-type-variable","17":"has-default-attributes"},"acf":[],"brands":[{"id":641,"name":"Friskies","slug":"friskies-poslastice-za-pse"}],"_links":{"self":[{"href":"https:\/\/pawz.rs\/en\/wp-json\/wp\/v2\/product\/22102","targetHints":{"allow":["GET"]}}],"collection":[{"href":"https:\/\/pawz.rs\/en\/wp-json\/wp\/v2\/product"}],"about":[{"href":"https:\/\/pawz.rs\/en\/wp-json\/wp\/v2\/types\/product"}],"replies":[{"embeddable":true,"href":"https:\/\/pawz.rs\/en\/wp-json\/wp\/v2\/comments?post=22102"}],"wp:featuredmedia":[{"embeddable":true,"href":"https:\/\/pawz.rs\/en\/wp-json\/wp\/v2\/media\/22106"}],"wp:attachment":[{"href":"https:\/\/pawz.rs\/en\/wp-json\/wp\/v2\/media?parent=22102"}],"wp:term":[{"taxonomy":"pwb-brand","embeddable":true,"href":"https:\/\/pawz.rs\/en\/wp-json\/wp\/v2\/pwb-brand?post=22102"},{"taxonomy":"product_cat","embeddable":true,"href":"https:\/\/pawz.rs\/en\/wp-json\/wp\/v2\/product_cat?post=22102"},{"taxonomy":"product_tag","embeddable":true,"href":"https:\/\/pawz.rs\/en\/wp-json\/wp\/v2\/product_tag?post=22102"}],"curies":[{"name":"wp","href":"https:\/\/api.w.org\/{rel}","templated":true}]}}