{"id":22107,"date":"2024-04-08T19:00:10","date_gmt":"2024-04-08T17:00:10","guid":{"rendered":"https:\/\/pawz.rs\/?post_type=product&#038;p=22107"},"modified":"2025-12-06T10:58:37","modified_gmt":"2025-12-06T09:58:37","slug":"friskies-granule-za-macke-piletina-10-kg","status":"publish","type":"product","link":"https:\/\/pawz.rs\/en\/friskies-granule-za-macke-piletina-10-kg\/","title":{"rendered":"Friskies Granule Za Ma\u010dke Piletina 10 kg"},"content":{"rendered":"<p><strong>Friskies Granule Za Ma\u010dke Piletina 10 kg<\/strong><\/p>\n<p>Potpuna hrana za ku\u0107ne ljubimce, za odrasle ma\u010dke.<\/p>\n<p><strong>Sastav:<\/strong><br \/>\n\u017ditarice, meso i mesne prera\u0111evine (10%, jednako je 20% rehidrovanog mesa i \u017eivotinjskih derivata, svetlo braon, tamno braon i crvene granule: najmanje 4% mesa i piletine 4%), ekstrakti biljnih proteina, ulja i masti, prera\u0111evine biljnog porekla, minerali, kvasci i povr\u0107e (zelene, narand\u017easte i bele granule: 0,13% su\u0161enog povr\u0107a jednako je 1% povr\u0107a).<\/p>\n<p><strong>Nutritivni dodaci IJ\/kg:<\/strong><br \/>\nVitamin A 12.500 IJ, vitamin D3 1.000 IJ, vitamin E (alfa-tokoferol) 75mg, Fe (E1) 145mg, I (E2) 2,5mg, Cu (E4) 35mg, Mn (E5) 16mg, Zn (E6) 183mg, Se (E8) 0,25mg, taurin 870mg.<br \/>\n<strong>Boje:<\/strong> E102 i E110, Antioksidansi: E310, E320 i E321.<\/p>\n<p><strong>Hemijski sastav:<\/strong><br \/>\nSirovi proteini 30%, sirove masti 10%, sirovi pepeo 7,5%, sirova vlakna 2%.<\/p>\n<p>\u010cuvati na hladnom i suvom mestu.<\/p>\n<p>Sve\u017ea voda uvek da bude dostupna.<br \/>\nFor your pet&#039;s health, consult a veterinarian regularly.<\/p>\n<p>Proizvo\u0111a\u010d: Nestle Purina Manufacturing Operations Poland sp.z.o.o.<br \/>\nZemlja porekla: Poljska<\/p>\n\n    <div class=\"xs_social_share_widget xs_share_url after_content \t\tmain_content  wslu-style-1 wslu-share-box-shaped wslu-fill-colored wslu-none wslu-share-horizontal wslu-theme-font-no wslu-main_content\">\n\n\t\t\n        <ul>\n\t\t\t        <\/ul>\n    <\/div>","protected":false},"excerpt":{"rendered":"<p>Potpuna hrana za ku\u0107ne ljubimce, za odrasle ma\u010dke, sa ukusom piletine<\/p>","protected":false},"featured_media":22110,"comment_status":"open","ping_status":"closed","template":"","meta":{"_acf_changed":false},"pwb-brand":[641],"product_cat":[149,21,23],"product_tag":[],"class_list":{"0":"post-22107","1":"product","2":"type-product","3":"status-publish","4":"has-post-thumbnail","6":"pwb-brand-friskies-poslastice-za-pse","7":"product_cat-granule-za-macke","8":"product_cat-hrana-za-macke","9":"product_cat-macke","11":"first","12":"instock","13":"taxable","14":"shipping-taxable","15":"purchasable","16":"product-type-simple"},"acf":[],"brands":[{"id":641,"name":"Friskies","slug":"friskies-poslastice-za-pse"}],"_links":{"self":[{"href":"https:\/\/pawz.rs\/en\/wp-json\/wp\/v2\/product\/22107","targetHints":{"allow":["GET"]}}],"collection":[{"href":"https:\/\/pawz.rs\/en\/wp-json\/wp\/v2\/product"}],"about":[{"href":"https:\/\/pawz.rs\/en\/wp-json\/wp\/v2\/types\/product"}],"replies":[{"embeddable":true,"href":"https:\/\/pawz.rs\/en\/wp-json\/wp\/v2\/comments?post=22107"}],"wp:featuredmedia":[{"embeddable":true,"href":"https:\/\/pawz.rs\/en\/wp-json\/wp\/v2\/media\/22110"}],"wp:attachment":[{"href":"https:\/\/pawz.rs\/en\/wp-json\/wp\/v2\/media?parent=22107"}],"wp:term":[{"taxonomy":"pwb-brand","embeddable":true,"href":"https:\/\/pawz.rs\/en\/wp-json\/wp\/v2\/pwb-brand?post=22107"},{"taxonomy":"product_cat","embeddable":true,"href":"https:\/\/pawz.rs\/en\/wp-json\/wp\/v2\/product_cat?post=22107"},{"taxonomy":"product_tag","embeddable":true,"href":"https:\/\/pawz.rs\/en\/wp-json\/wp\/v2\/product_tag?post=22107"}],"curies":[{"name":"wp","href":"https:\/\/api.w.org\/{rel}","templated":true}]}}