{"id":22132,"date":"2024-04-08T19:00:07","date_gmt":"2024-04-08T17:00:07","guid":{"rendered":"https:\/\/pawz.rs\/?post_type=product&#038;p=22132"},"modified":"2025-07-09T15:06:05","modified_gmt":"2025-07-09T13:06:05","slug":"purina-felix-govedina-u-zeleu","status":"publish","type":"product","link":"https:\/\/pawz.rs\/en\/purina-felix-govedina-u-zeleu\/","title":{"rendered":"Purina Felix Govedina U \u017deleu"},"content":{"rendered":"<p><strong>Purina Felix Govedina U \u017deleu\u00a0<\/strong><\/p>\n<p>Potpuna hrana sa govedinom za ku\u0107ne ljubimce, za odrasle ma\u010dke, a tako\u0111e prikladna i za sterilisane ma\u010dke.<\/p>\n<p><strong>Sastav:<\/strong><br \/>\nMeso i prera\u0111evine \u017eivotinjskog porekla (14%, od \u010dega govedina 4 %), ekstrakti biljnih proteina, riba i riblje prera\u0111evine, minerali,razli\u010diti \u0161e\u0107eri<\/p>\n<p><strong>Nutritivni dodaci IJ\/kg:<\/strong><br \/>\nVitamin A: 655, Vitamin D3: 100 mg\/kg, Vitamin E: 15 mg\/kg, Fe: 7,6, I: 0,19, Cu: 0,66, Mn: 1,5, Zn: 13, arome<\/p>\n<p><strong>Hemijski sastav:<\/strong><br \/>\nVlaga: 82%, Proteini: 11,5%, Masti: 2,5%, Sirovi pepeo: 2,5%, Sirova vlakna: 0,05%, Omega 6 masne kiseline: 0,4%,<\/p>\n<p><strong>Uputstvo za hranjenje:<br \/>\n<\/strong>Za prose\u010dnu odraslu ma\u010dku od 4 kg hraniti sa 4 kesice dnevno, serivrane u dva odvojena obroka na sobnoj temperaturi<\/p>\n<p>Prose\u010dne koli\u010dine za odrasle ma\u010dke bazirane su na umereno aktivnim ma\u010dkama pri normalnim temperaturama \u017eivotne sredine.<\/p>\n<p>Individualne potrebe variraju i ishranu treba prilagoditi potrebama kako bi se Va\u0161u ma\u010dku odr\u017eali vitkom, zdrave telesne mase.<\/p>\n<p>Sve\u017ea, \u010dista voda treba da bude dostupna sve vreme.<\/p>\n<p>Proizvo\u0111a\u010d: Nestle Purina Manufacturing Operations Poland sp.z.o.o.<br \/>\nZemlja porekla: Poljska<\/p>\n\n    <div class=\"xs_social_share_widget xs_share_url after_content \t\tmain_content  wslu-style-1 wslu-share-box-shaped wslu-fill-colored wslu-none wslu-share-horizontal wslu-theme-font-no wslu-main_content\">\n\n\t\t\n        <ul>\n\t\t\t        <\/ul>\n    <\/div>","protected":false},"excerpt":{"rendered":"<p>Potpuna hrana sa govedinom za ku\u0107ne ljubimce, za odrasle ma\u010dke, a tako\u0111e prikladna i za sterilisane ma\u010dke.<\/p>","protected":false},"featured_media":22122,"comment_status":"open","ping_status":"closed","template":"","meta":{"_acf_changed":false,"_aa_vp_cena":"","_aa_online_cena":""},"pwb-brand":[847],"product_cat":[21,23,150],"product_tag":[],"class_list":{"0":"post-22132","1":"product","2":"type-product","3":"status-publish","4":"has-post-thumbnail","6":"pwb-brand-felix","7":"product_cat-hrana-za-macke","8":"product_cat-macke","9":"product_cat-vlazna-hrana-za-macke","11":"first","12":"instock","13":"taxable","14":"shipping-taxable","15":"purchasable","16":"product-type-variable","17":"has-default-attributes"},"acf":[],"brands":[{"id":847,"name":"Felix","slug":"felix"}],"_links":{"self":[{"href":"https:\/\/pawz.rs\/en\/wp-json\/wp\/v2\/product\/22132","targetHints":{"allow":["GET"]}}],"collection":[{"href":"https:\/\/pawz.rs\/en\/wp-json\/wp\/v2\/product"}],"about":[{"href":"https:\/\/pawz.rs\/en\/wp-json\/wp\/v2\/types\/product"}],"replies":[{"embeddable":true,"href":"https:\/\/pawz.rs\/en\/wp-json\/wp\/v2\/comments?post=22132"}],"wp:featuredmedia":[{"embeddable":true,"href":"https:\/\/pawz.rs\/en\/wp-json\/wp\/v2\/media\/22122"}],"wp:attachment":[{"href":"https:\/\/pawz.rs\/en\/wp-json\/wp\/v2\/media?parent=22132"}],"wp:term":[{"taxonomy":"pwb-brand","embeddable":true,"href":"https:\/\/pawz.rs\/en\/wp-json\/wp\/v2\/pwb-brand?post=22132"},{"taxonomy":"product_cat","embeddable":true,"href":"https:\/\/pawz.rs\/en\/wp-json\/wp\/v2\/product_cat?post=22132"},{"taxonomy":"product_tag","embeddable":true,"href":"https:\/\/pawz.rs\/en\/wp-json\/wp\/v2\/product_tag?post=22132"}],"curies":[{"name":"wp","href":"https:\/\/api.w.org\/{rel}","templated":true}]}}