{"id":22239,"date":"2024-04-08T18:59:18","date_gmt":"2024-04-08T16:59:18","guid":{"rendered":"https:\/\/pawz.rs\/?post_type=product&#038;p=22239"},"modified":"2025-11-28T10:50:09","modified_gmt":"2025-11-28T09:50:09","slug":"purina-felix-sensation-losos-u-zeleu-sa-ukusom-skampa","status":"publish","type":"product","link":"https:\/\/pawz.rs\/en\/purina-felix-sensation-losos-u-zeleu-sa-ukusom-skampa\/","title":{"rendered":"Purina Felix Sensation Losos U \u017deleu Sa Ukusom \u0160kampa"},"content":{"rendered":"<p><strong>Purina Felix Sensation Losos U \u017deleu Sa Ukusom \u0160kampa<\/strong><\/p>\n<p>Potpuna (vla\u017ena) hrana za odrasle ma\u010dke.<\/p>\n<p>Neodoljiv obrok sa ne\u017enim komadi\u0107ima lososa u \u017eeleu sa ukusom \u0161kampa, izvor je esencijalnih omega-6 masnih kiselina sa pravom kombinacijom uravnote\u017eenih minerala i vitamina A, D i E kako bi zadovoljio 100% dnevne potrebe ma\u010dke.<\/p>\n<p><strong>Uputstvo za hranjenje:<br \/>\n<\/strong>Za prose\u010dnu odraslu ma\u010dku od 4 kg hraniti sa 4 kesice dnevno, serivrane u dva odvojena obroka na sobnoj temperaturi<\/p>\n<p>Prose\u010dne koli\u010dine za odrasle ma\u010dke bazirane su na umereno aktivnim ma\u010dkama pri normalnim temperaturama \u017eivotne sredine.<\/p>\n<p>Individualne potrebe variraju i ishranu treba prilagoditi potrebama kako bi se Va\u0161u ma\u010dku odr\u017eali vitkom, zdrave telesne mase.<\/p>\n<p>Sve\u017ea, \u010dista voda treba da bude dostupna sve vreme.<\/p>\n<p>Proizvo\u0111a\u010d: Nestle Purina Manufacturing Operations Poland sp.z.o.o.<br \/>\nZemlja porekla: Poljska<\/p>\n\n    <div class=\"xs_social_share_widget xs_share_url after_content \t\tmain_content  wslu-style-1 wslu-share-box-shaped wslu-fill-colored wslu-none wslu-share-horizontal wslu-theme-font-no wslu-main_content\">\n\n\t\t\n        <ul>\n\t\t\t        <\/ul>\n    <\/div>","protected":false},"excerpt":{"rendered":"<p>Felix Sensation je potpuna vla\u017ena hrana za odrasle ma\u010dke, sa ukusom lososa i \u0161kampa u \u017eeleu<\/p>","protected":false},"featured_media":22242,"comment_status":"open","ping_status":"closed","template":"","meta":{"_acf_changed":false},"pwb-brand":[847],"product_cat":[23,21,150],"product_tag":[],"class_list":{"0":"post-22239","1":"product","2":"type-product","3":"status-publish","4":"has-post-thumbnail","6":"pwb-brand-felix","7":"product_cat-macke","8":"product_cat-hrana-za-macke","9":"product_cat-vlazna-hrana-za-macke","11":"first","12":"instock","13":"taxable","14":"shipping-taxable","15":"purchasable","16":"product-type-variable","17":"has-default-attributes"},"acf":[],"brands":[{"id":847,"name":"Felix","slug":"felix"}],"_links":{"self":[{"href":"https:\/\/pawz.rs\/en\/wp-json\/wp\/v2\/product\/22239","targetHints":{"allow":["GET"]}}],"collection":[{"href":"https:\/\/pawz.rs\/en\/wp-json\/wp\/v2\/product"}],"about":[{"href":"https:\/\/pawz.rs\/en\/wp-json\/wp\/v2\/types\/product"}],"replies":[{"embeddable":true,"href":"https:\/\/pawz.rs\/en\/wp-json\/wp\/v2\/comments?post=22239"}],"wp:featuredmedia":[{"embeddable":true,"href":"https:\/\/pawz.rs\/en\/wp-json\/wp\/v2\/media\/22242"}],"wp:attachment":[{"href":"https:\/\/pawz.rs\/en\/wp-json\/wp\/v2\/media?parent=22239"}],"wp:term":[{"taxonomy":"pwb-brand","embeddable":true,"href":"https:\/\/pawz.rs\/en\/wp-json\/wp\/v2\/pwb-brand?post=22239"},{"taxonomy":"product_cat","embeddable":true,"href":"https:\/\/pawz.rs\/en\/wp-json\/wp\/v2\/product_cat?post=22239"},{"taxonomy":"product_tag","embeddable":true,"href":"https:\/\/pawz.rs\/en\/wp-json\/wp\/v2\/product_tag?post=22239"}],"curies":[{"name":"wp","href":"https:\/\/api.w.org\/{rel}","templated":true}]}}