{"id":22250,"date":"2024-04-08T18:59:17","date_gmt":"2024-04-08T16:59:17","guid":{"rendered":"https:\/\/pawz.rs\/?post_type=product&#038;p=22250"},"modified":"2025-07-07T13:05:02","modified_gmt":"2025-07-07T11:05:02","slug":"purina-felix-sensation-multipack-za-macke-meso-4-x-85-g","status":"publish","type":"product","link":"https:\/\/pawz.rs\/en\/purina-felix-sensation-multipack-za-macke-meso-4-x-85-g\/","title":{"rendered":"Purina Felix Sensation Multipack Za Ma\u010dke Meso 4 x 85 g"},"content":{"rendered":"<p><strong>Purina Felix Sensation Multipack Za Ma\u010dke Meso 4 x 85 g\u00a0<\/strong><\/p>\n<p>Potpuna (mokra) hrana za odrasle ma\u010dke, piletina i govedina u \u017eeleu.<\/p>\n<p><strong>Uputstvo za hranjenje:<br \/>\n<\/strong>Za prose\u010dnu odraslu ma\u010dku od 4 kg hraniti sa 4 kesice dnevno, serivrane u dva odvojena obroka na sobnoj temperaturi<\/p>\n<p>Prose\u010dne koli\u010dine za odrasle ma\u010dke bazirane su na umereno aktivnim ma\u010dkama pri normalnim temperaturama \u017eivotne sredine.<\/p>\n<p>Individualne potrebe variraju i ishranu treba prilagoditi potrebama kako bi se Va\u0161u ma\u010dku odr\u017eali vitkom, zdrave telesne mase.<\/p>\n<p>Sve\u017ea, \u010dista voda treba da bude dostupna sve vreme.<\/p>\n<p>Proizvo\u0111a\u010d: Nestle Purina Manufacturing Operations Poland sp.z.o.o.<br \/>\nZemlja porekla: Poljska<\/p>\n\n    <div class=\"xs_social_share_widget xs_share_url after_content \t\tmain_content  wslu-style-1 wslu-share-box-shaped wslu-fill-colored wslu-none wslu-share-horizontal wslu-theme-font-no wslu-main_content\">\n\n\t\t\n        <ul>\n\t\t\t        <\/ul>\n    <\/div>","protected":false},"excerpt":{"rendered":"<p>Potpuna (mokra) hrana za odrasle ma\u010dke, piletina i govedina u \u017eeleu.<\/p>","protected":false},"featured_media":22254,"comment_status":"open","ping_status":"closed","template":"","meta":{"_acf_changed":false,"_aa_vp_cena":"","_aa_online_cena":""},"pwb-brand":[847],"product_cat":[21,23,150],"product_tag":[],"class_list":{"0":"post-22250","1":"product","2":"type-product","3":"status-publish","4":"has-post-thumbnail","6":"pwb-brand-felix","7":"product_cat-hrana-za-macke","8":"product_cat-macke","9":"product_cat-vlazna-hrana-za-macke","11":"first","12":"instock","13":"taxable","14":"shipping-taxable","15":"purchasable","16":"product-type-variable","17":"has-default-attributes"},"acf":[],"brands":[{"id":847,"name":"Felix","slug":"felix"}],"_links":{"self":[{"href":"https:\/\/pawz.rs\/en\/wp-json\/wp\/v2\/product\/22250","targetHints":{"allow":["GET"]}}],"collection":[{"href":"https:\/\/pawz.rs\/en\/wp-json\/wp\/v2\/product"}],"about":[{"href":"https:\/\/pawz.rs\/en\/wp-json\/wp\/v2\/types\/product"}],"replies":[{"embeddable":true,"href":"https:\/\/pawz.rs\/en\/wp-json\/wp\/v2\/comments?post=22250"}],"wp:featuredmedia":[{"embeddable":true,"href":"https:\/\/pawz.rs\/en\/wp-json\/wp\/v2\/media\/22254"}],"wp:attachment":[{"href":"https:\/\/pawz.rs\/en\/wp-json\/wp\/v2\/media?parent=22250"}],"wp:term":[{"taxonomy":"pwb-brand","embeddable":true,"href":"https:\/\/pawz.rs\/en\/wp-json\/wp\/v2\/pwb-brand?post=22250"},{"taxonomy":"product_cat","embeddable":true,"href":"https:\/\/pawz.rs\/en\/wp-json\/wp\/v2\/product_cat?post=22250"},{"taxonomy":"product_tag","embeddable":true,"href":"https:\/\/pawz.rs\/en\/wp-json\/wp\/v2\/product_tag?post=22250"}],"curies":[{"name":"wp","href":"https:\/\/api.w.org\/{rel}","templated":true}]}}