{"id":22294,"date":"2024-04-08T18:58:32","date_gmt":"2024-04-08T16:58:32","guid":{"rendered":"https:\/\/pawz.rs\/?post_type=product&#038;p=22294"},"modified":"2024-04-08T18:58:33","modified_gmt":"2024-04-08T16:58:33","slug":"friskies-funtastix","status":"publish","type":"product","link":"https:\/\/pawz.rs\/en\/friskies-funtastix\/","title":{"rendered":"Friskies Funtastix"},"content":{"rendered":"<p><strong>Friskies Funtastix<\/strong><\/p>\n<p>Dodatna hrana za odrasle pse.<\/p>\n<p><strong>Sastav:<\/strong><br \/>\n\u017ditarice, ekstrakti biljnih proteina, razli\u010diti \u0161e\u0107eri, meso i mesne prera\u0111evine, ulja i masti, minerali, prera\u0111evine biljnog porekla, povr\u0107e, mleko i mle\u010dne prera\u0111evine (sir u prahu 1%).<\/p>\n<p><strong>Analytical composition:<\/strong><br \/>\nVlaga 25%, sirovi proteini 13%, sirove masti 4,5%, sirovi pepeo 3,5%, sirova vlakna 1%.<\/p>\n<p><strong>Nutritivni dodaci po kg:<\/strong><br \/>\nOmega-3 esencijalne masne kiseline 650 mg, omega-6 esencijalne masne kiseline 11.500 mg.<\/p>\n<p>Konzervansi i antioksidansi (dozvoljeni po EU).<\/p>\n<p><strong>Uputstvo za hranjenje:<\/strong><br \/>\nTe\u017eina psa (kg) = preporu\u010dena dnevna koli\u010dina (kom)<br \/>\n7 kg = 2 komada<br \/>\n15 kg = 3 komada<br \/>\n30 kg = 6 komada<\/p>\n<p>Poslu\u017eiti kao nagradu, uz uvek dostupnu \u010distu sve\u017eu vodu.<\/p>\n<p>Prilagodite glavni obrok potrebama psa<\/p>\n<p>Proizvod \u010duvati zatvoren na suvom, hladnom i mra\u010dnom mestu.<\/p>\n<p>Proizvo\u0111a\u010d: Nestle Purina Manufacturing Operations Poland sp.z.o.o.<br \/>\nZemlja porekla: Poljska<\/p>\n\n    <div class=\"xs_social_share_widget xs_share_url after_content \t\tmain_content  wslu-style-1 wslu-share-box-shaped wslu-fill-colored wslu-none wslu-share-horizontal wslu-theme-font-no wslu-main_content\">\n\n\t\t\n        <ul>\n\t\t\t        <\/ul>\n    <\/div>","protected":false},"excerpt":{"rendered":"<p>Dodatna hrana za odrasle pse.<\/p>","protected":false},"featured_media":22293,"comment_status":"open","ping_status":"closed","template":"","meta":{"_acf_changed":false},"pwb-brand":[641],"product_cat":[48,103,47],"product_tag":[],"class_list":{"0":"post-22294","1":"product","2":"type-product","3":"status-publish","4":"has-post-thumbnail","6":"pwb-brand-friskies-poslastice-za-pse","7":"product_cat-hrana-za-pse","8":"product_cat-poslastice-za-pse","9":"product_cat-psi","11":"first","12":"instock","13":"taxable","14":"shipping-taxable","15":"purchasable","16":"product-type-variable","17":"has-default-attributes"},"acf":[],"brands":[{"id":641,"name":"Friskies","slug":"friskies-poslastice-za-pse"}],"_links":{"self":[{"href":"https:\/\/pawz.rs\/en\/wp-json\/wp\/v2\/product\/22294","targetHints":{"allow":["GET"]}}],"collection":[{"href":"https:\/\/pawz.rs\/en\/wp-json\/wp\/v2\/product"}],"about":[{"href":"https:\/\/pawz.rs\/en\/wp-json\/wp\/v2\/types\/product"}],"replies":[{"embeddable":true,"href":"https:\/\/pawz.rs\/en\/wp-json\/wp\/v2\/comments?post=22294"}],"wp:featuredmedia":[{"embeddable":true,"href":"https:\/\/pawz.rs\/en\/wp-json\/wp\/v2\/media\/22293"}],"wp:attachment":[{"href":"https:\/\/pawz.rs\/en\/wp-json\/wp\/v2\/media?parent=22294"}],"wp:term":[{"taxonomy":"pwb-brand","embeddable":true,"href":"https:\/\/pawz.rs\/en\/wp-json\/wp\/v2\/pwb-brand?post=22294"},{"taxonomy":"product_cat","embeddable":true,"href":"https:\/\/pawz.rs\/en\/wp-json\/wp\/v2\/product_cat?post=22294"},{"taxonomy":"product_tag","embeddable":true,"href":"https:\/\/pawz.rs\/en\/wp-json\/wp\/v2\/product_tag?post=22294"}],"curies":[{"name":"wp","href":"https:\/\/api.w.org\/{rel}","templated":true}]}}