{"id":22306,"date":"2024-04-08T18:58:34","date_gmt":"2024-04-08T16:58:34","guid":{"rendered":"https:\/\/pawz.rs\/?post_type=product&#038;p=22306"},"modified":"2025-12-06T10:15:00","modified_gmt":"2025-12-06T09:15:00","slug":"friskies-dog-junior-piletina","status":"publish","type":"product","link":"https:\/\/pawz.rs\/en\/friskies-dog-junior-piletina\/","title":{"rendered":"Friskies Dog Junior Piletina"},"content":{"rendered":"<p><strong>Friskies Dog Junior Piletina<\/strong><\/p>\n<p>Potpuna hrana za \u0161tenad, starosti preko \u0161est nedelja<\/p>\n<p><strong>Sastav:<br \/>\n<\/strong>\u017ditarice (celo zrno 51%), meso i prera\u0111evine \u017eivotinjskog porekla (8%*), ekstrakti biljnih proteina, ulja i masti, prera\u0111evine biljnog porekla, razli\u010diti \u0161e\u0107eri, minerali, mleko i mle\u010dne prera\u0111evine (u granulama oblika kocke:0,7% obranog mleka u prahu, \u0161to je jednako 4% obranog mleka), povr\u0107e (u granulama oblika kocke:0,08% povr\u0107a u prahu, \u0161to je jednako 0,5% povr\u0107a).<br \/>\n*jednako je 16% rehidrisanog mesa i prera\u0111evina \u017eivotinjskog porekla, sa min. 4% piletine.<\/p>\n<p><strong>Analytical composition:<\/strong><br \/>\nSirovi protein 25%, sirove masti 12%, sirovi pepeo 7,5%, sirova vlakna 2,5%, omega-6 masna kiselina: Linolna kiselina 1,6 %, omega-3 masna kiselina: Linolenska kiselina 0,13 %.<\/p>\n<p><strong>Nutritivni dodaci po kg:<\/strong><br \/>\nVit. A:20000; Vit D3: 1160; Vit E: 95 mg\/kg: gvo\u017e\u0111e &#8211; (II) &#8211; sulfat monohidrat: 260; kalcijum jodat anhidrovani: 3,2; bakar &#8211; (II) &#8211; sulfat pentahidrat: 37; mangan &#8211; (II) &#8211; sulfat monohidrat: 20; cinksulfat monohidrat:410; natrijum selenit: 0,45; Vitamini B grupe: 79. Boje i antioksidansi: E 310, E 320, E 321.<\/p>\n<p><strong>Preporuka za hranjenje:<\/strong><br \/>\nZa \u0161tence mla\u0111e od 3 meseca, preporu\u010duju se 3-4 obroka dnevno.<\/p>\n<p>Brikete preliti toplom vodom za lak\u0161e \u017evakanje.<\/p>\n<p>\u0160tence starije od 3 meseca, hraniti 3 puta dnevno i postepeno smanjivati koli\u010dinu vode tj. vla\u017enost briketa.<\/p>\n<p>Od 6 do 18 meseci, dovoljna su dva obroka dnevno.<\/p>\n<p>Preporu\u010duje se da spremljen obrok ostavite psu da jede 10 do 15 minuta, a potom sklonite \u010diniju da se ne prejede.<\/p>\n<p>Uvodite Friskies postepeno tokom 7 dana.<\/p>\n<p>Preporu\u010dene dnevne koli\u010dine prilagoditi vremenskim uslovima, nivou aktivnosti, starosti i fizi\u010dkoj kondiciji.<\/p>\n<p>Hranu poslu\u017eiti u suvom obliku, uz dostupnu sve\u017eu vodu<br \/>\nProizvod \u010duvati zatvoren na suvom, hladnom i mra\u010dnom mestu.<br \/>\nFor your pet&#039;s health, consult a veterinarian regularly.<\/p>\n<p>Proizvo\u0111a\u010d: Nestle Purina Manufacturing Operations Poland sp.z.o.o.<br \/>\nZemlja porekla: Poljska<\/p>\n\n    <div class=\"xs_social_share_widget xs_share_url after_content \t\tmain_content  wslu-style-1 wslu-share-box-shaped wslu-fill-colored wslu-none wslu-share-horizontal wslu-theme-font-no wslu-main_content\">\n\n\t\t\n        <ul>\n\t\t\t        <\/ul>\n    <\/div>","protected":false},"excerpt":{"rendered":"<p>Potpuna hrana za \u0161tenad, starosti preko \u0161est nedelja<\/p>","protected":false},"featured_media":22305,"comment_status":"open","ping_status":"closed","template":"","meta":{"_acf_changed":false},"pwb-brand":[641],"product_cat":[47,48,49],"product_tag":[],"class_list":{"0":"post-22306","1":"product","2":"type-product","3":"status-publish","4":"has-post-thumbnail","6":"pwb-brand-friskies-poslastice-za-pse","7":"product_cat-psi","8":"product_cat-hrana-za-pse","9":"product_cat-granule-za-pse","11":"first","12":"instock","13":"taxable","14":"shipping-taxable","15":"purchasable","16":"product-type-variable","17":"has-default-attributes"},"acf":[],"brands":[{"id":641,"name":"Friskies","slug":"friskies-poslastice-za-pse"}],"_links":{"self":[{"href":"https:\/\/pawz.rs\/en\/wp-json\/wp\/v2\/product\/22306","targetHints":{"allow":["GET"]}}],"collection":[{"href":"https:\/\/pawz.rs\/en\/wp-json\/wp\/v2\/product"}],"about":[{"href":"https:\/\/pawz.rs\/en\/wp-json\/wp\/v2\/types\/product"}],"replies":[{"embeddable":true,"href":"https:\/\/pawz.rs\/en\/wp-json\/wp\/v2\/comments?post=22306"}],"wp:featuredmedia":[{"embeddable":true,"href":"https:\/\/pawz.rs\/en\/wp-json\/wp\/v2\/media\/22305"}],"wp:attachment":[{"href":"https:\/\/pawz.rs\/en\/wp-json\/wp\/v2\/media?parent=22306"}],"wp:term":[{"taxonomy":"pwb-brand","embeddable":true,"href":"https:\/\/pawz.rs\/en\/wp-json\/wp\/v2\/pwb-brand?post=22306"},{"taxonomy":"product_cat","embeddable":true,"href":"https:\/\/pawz.rs\/en\/wp-json\/wp\/v2\/product_cat?post=22306"},{"taxonomy":"product_tag","embeddable":true,"href":"https:\/\/pawz.rs\/en\/wp-json\/wp\/v2\/product_tag?post=22306"}],"curies":[{"name":"wp","href":"https:\/\/api.w.org\/{rel}","templated":true}]}}