{"id":22310,"date":"2024-04-08T18:58:34","date_gmt":"2024-04-08T16:58:34","guid":{"rendered":"https:\/\/pawz.rs\/?post_type=product&#038;p=22310"},"modified":"2025-12-06T10:15:25","modified_gmt":"2025-12-06T09:15:25","slug":"friskies-dog-balance-piletina","status":"publish","type":"product","link":"https:\/\/pawz.rs\/en\/friskies-dog-balance-piletina\/","title":{"rendered":"Friskies Dog Balance Piletina"},"content":{"rendered":"<p><strong>Friskies Dog Balance Piletina<\/strong><\/p>\n<p>Potpuna hrana za odrasle pse.<\/p>\n<p>Friskies Balance je balansiran obrok sa selektovanim, kvalitetni sastojcima koji obezbe\u0111uju 100% od svih osnovnih svojstava \u0161to je na\u010din da pas zra\u010di vitalno\u0161\u0107u, zdravljem i sre\u0107om.<\/p>\n<p><strong>Sastav:<br \/>\n<\/strong>\u017ditarice (celo zrno 58%), meso i prera\u0111evine \u017eivotinjskog porekla (8%*), prera\u0111evine biljnog porekla, ulja i masti, ekstrakti biljnih proteina, minerali, povr\u0107e (0,08% povr\u0107a u prahu jednako je 0,5% povr\u0107a).<br \/>\n*jednako je 16% rehidrisanog mesa i prera\u0111evina \u017eivotinjskog porekla, sa minimum 4% piletine.<\/p>\n<p><strong>Analytical composition:<\/strong><br \/>\nSirovi protein 20%, sirove masti 10%, sirovi pepeo 8%, sirova vlakna 3%, omega-6 masna kiselina: Linolna kiselina 1,70%, omega-3 masna kiselina: Linolenska kiselina 0,1%.<\/p>\n<p><strong>Nutritivni dodaci po kg:<\/strong><br \/>\nVit.A:19000; Vit D3: 1110; Vit E: 90 mg\/kg: gvo\u017e\u0111e &#8211; (II) &#8211; sulfat monohidrat: 250; kalcijumjodat anhidrovani: 3,1; bakar &#8211; (II) &#8211; sulfat pentahidrat: 35; mangan &#8211; (II) &#8211; sulfat monohidrat: 19; cinksulfat monohidrat: 390; natrijum selenit: 0,43; Vitamini B grupe: 75. Boje i antioksidansi: E310, E320, E321.<\/p>\n<p>Uvodite Friskies postepeno tokom 7 dana.<\/p>\n<p>Preporu\u010dene dnevne koli\u010dine prilagoditi vremenskim uslovima, nivou aktivnosti, starosti i fizi\u010dkoj kondiciji.<\/p>\n<p>Hranu poslu\u017eiti u suvom obliku, uz dostupnu sve\u017eu vodu<br \/>\nProizvod \u010duvati zatvoren na suvom, hladnom i mra\u010dnom mestu.<br \/>\nFor your pet&#039;s health, consult a veterinarian regularly.<\/p>\n<p>Proizvo\u0111a\u010d: Nestle Purina Manufacturing Operations Poland sp.z.o.o.<br \/>\nZemlja porekla: Poljska<\/p>\n\n    <div class=\"xs_social_share_widget xs_share_url after_content \t\tmain_content  wslu-style-1 wslu-share-box-shaped wslu-fill-colored wslu-none wslu-share-horizontal wslu-theme-font-no wslu-main_content\">\n\n\t\t\n        <ul>\n\t\t\t        <\/ul>\n    <\/div>","protected":false},"excerpt":{"rendered":"<p>Potpuna hrana za odrasle pse sa piletinom<\/p>","protected":false},"featured_media":22303,"comment_status":"open","ping_status":"closed","template":"","meta":{"_acf_changed":false},"pwb-brand":[641],"product_cat":[47,48,49],"product_tag":[],"class_list":{"0":"post-22310","1":"product","2":"type-product","3":"status-publish","4":"has-post-thumbnail","6":"pwb-brand-friskies-poslastice-za-pse","7":"product_cat-psi","8":"product_cat-hrana-za-pse","9":"product_cat-granule-za-pse","11":"first","12":"instock","13":"taxable","14":"shipping-taxable","15":"purchasable","16":"product-type-variable","17":"has-default-attributes"},"acf":[],"brands":[{"id":641,"name":"Friskies","slug":"friskies-poslastice-za-pse"}],"_links":{"self":[{"href":"https:\/\/pawz.rs\/en\/wp-json\/wp\/v2\/product\/22310","targetHints":{"allow":["GET"]}}],"collection":[{"href":"https:\/\/pawz.rs\/en\/wp-json\/wp\/v2\/product"}],"about":[{"href":"https:\/\/pawz.rs\/en\/wp-json\/wp\/v2\/types\/product"}],"replies":[{"embeddable":true,"href":"https:\/\/pawz.rs\/en\/wp-json\/wp\/v2\/comments?post=22310"}],"wp:featuredmedia":[{"embeddable":true,"href":"https:\/\/pawz.rs\/en\/wp-json\/wp\/v2\/media\/22303"}],"wp:attachment":[{"href":"https:\/\/pawz.rs\/en\/wp-json\/wp\/v2\/media?parent=22310"}],"wp:term":[{"taxonomy":"pwb-brand","embeddable":true,"href":"https:\/\/pawz.rs\/en\/wp-json\/wp\/v2\/pwb-brand?post=22310"},{"taxonomy":"product_cat","embeddable":true,"href":"https:\/\/pawz.rs\/en\/wp-json\/wp\/v2\/product_cat?post=22310"},{"taxonomy":"product_tag","embeddable":true,"href":"https:\/\/pawz.rs\/en\/wp-json\/wp\/v2\/product_tag?post=22310"}],"curies":[{"name":"wp","href":"https:\/\/api.w.org\/{rel}","templated":true}]}}