{"id":22368,"date":"2024-04-08T18:59:14","date_gmt":"2024-04-08T16:59:14","guid":{"rendered":"https:\/\/pawz.rs\/?post_type=product&#038;p=22368"},"modified":"2025-03-10T11:00:19","modified_gmt":"2025-03-10T10:00:19","slug":"gourmet-gold-pasteta-tuna","status":"publish","type":"product","link":"https:\/\/pawz.rs\/en\/gourmet-gold-pasteta-tuna\/","title":{"rendered":"Gourmet Gold Pa\u0161teta Tuna"},"content":{"rendered":"<p><strong>Gourmet Gold Pa\u0161teta Tuna<\/strong><\/p>\n<p>Potpuna vla\u017ena hrana za odrasle ma\u010dke &#8211; mus.<\/p>\n<p><strong>Sastav:<\/strong><br \/>\nMeso i \u017eivotinjski derivati, riba i derivati ribe (tune 4%), derivati biljnog porekla, minerali, razli\u010dite vrste \u0161e\u0107era<\/p>\n<p><strong>Analytical composition:<\/strong><br \/>\nVlaga 77,0%, sirovi proteini 11,0%, sirove masti 7,0%, sirovi pepeo 3,0%<\/p>\n<p><strong>Nutritivni dodaci:<\/strong><br \/>\nVitamin A 1.440 IJ; vitamin D3 220 IJ; Fe (E1) 10mg; I (E2) 0,2mg; Cu (E4) 0.9mg; Mn (E5) 1,9mg; Zn (E6) 10mg; tehnolo\u0161ki dodaci: E516 3100mg, E451i 4500mg.<\/p>\n<p><strong>Uputstvo za hranjenje:<\/strong><br \/>\nTe\u017eina prose\u010dne ma\u010dke = preporu\u010dene dnevne koli\u010dine (g)<br \/>\n4 kg = 3-4 kom (poslu\u017eiti u bar 2 obroka)<br \/>\nGravidnu ili ma\u010dku koja doji hraniti koliko \u017eeli.<br \/>\nPreporu\u010dene dnevne koli\u010dine prilagoditi vremenskim uslovima, nivou aktivnosti, starosti i fizi\u010dkoj kondiciji.<\/p>\n<p>Hranu poslu\u017eiti na sobnoj temperaturi uz dostupnu sve\u017eu vodu.<\/p>\n<p>Neotvorenu konzervu \u010duvati na hladnom i suvom mestu.<\/p>\n<p>Nakon otvaranja, konzervu poklopiti, dr\u017eati u fri\u017eideru i iskoristiti u roku od dva dana.<br \/>\nFor your pet&#039;s health, consult a veterinarian regularly.<\/p>\n<p>Proizvo\u0111a\u010d: Nestle Purina Manufacturing Operations Poland sp.z.o.o.<br \/>\nZemlja porekla: Poljska<\/p>\n\n    <div class=\"xs_social_share_widget xs_share_url after_content \t\tmain_content  wslu-style-1 wslu-share-box-shaped wslu-fill-colored wslu-none wslu-share-horizontal wslu-theme-font-no wslu-main_content\">\n\n\t\t\n        <ul>\n\t\t\t        <\/ul>\n    <\/div>","protected":false},"excerpt":{"rendered":"<p>Potpuna vla\u017ena hrana za odrasle ma\u010dke, pa\u0161teta sa ukusom tune<\/p>","protected":false},"featured_media":22366,"comment_status":"open","ping_status":"closed","template":"","meta":{"_acf_changed":false},"pwb-brand":[855],"product_cat":[21,23,150],"product_tag":[],"class_list":{"0":"post-22368","1":"product","2":"type-product","3":"status-publish","4":"has-post-thumbnail","6":"pwb-brand-gourmet","7":"product_cat-hrana-za-macke","8":"product_cat-macke","9":"product_cat-vlazna-hrana-za-macke","11":"first","12":"outofstock","13":"taxable","14":"shipping-taxable","15":"purchasable","16":"product-type-variable","17":"has-default-attributes"},"acf":[],"brands":[{"id":855,"name":"Gourmet","slug":"gourmet"}],"_links":{"self":[{"href":"https:\/\/pawz.rs\/en\/wp-json\/wp\/v2\/product\/22368","targetHints":{"allow":["GET"]}}],"collection":[{"href":"https:\/\/pawz.rs\/en\/wp-json\/wp\/v2\/product"}],"about":[{"href":"https:\/\/pawz.rs\/en\/wp-json\/wp\/v2\/types\/product"}],"replies":[{"embeddable":true,"href":"https:\/\/pawz.rs\/en\/wp-json\/wp\/v2\/comments?post=22368"}],"wp:featuredmedia":[{"embeddable":true,"href":"https:\/\/pawz.rs\/en\/wp-json\/wp\/v2\/media\/22366"}],"wp:attachment":[{"href":"https:\/\/pawz.rs\/en\/wp-json\/wp\/v2\/media?parent=22368"}],"wp:term":[{"taxonomy":"pwb-brand","embeddable":true,"href":"https:\/\/pawz.rs\/en\/wp-json\/wp\/v2\/pwb-brand?post=22368"},{"taxonomy":"product_cat","embeddable":true,"href":"https:\/\/pawz.rs\/en\/wp-json\/wp\/v2\/product_cat?post=22368"},{"taxonomy":"product_tag","embeddable":true,"href":"https:\/\/pawz.rs\/en\/wp-json\/wp\/v2\/product_tag?post=22368"}],"curies":[{"name":"wp","href":"https:\/\/api.w.org\/{rel}","templated":true}]}}