{"id":22447,"date":"2024-04-08T18:58:43","date_gmt":"2024-04-08T16:58:43","guid":{"rendered":"https:\/\/pawz.rs\/?post_type=product&#038;p=22447"},"modified":"2025-06-02T16:13:24","modified_gmt":"2025-06-02T14:13:24","slug":"gourmet-perle-mini-fileti-u-sosu-govedina","status":"publish","type":"product","link":"https:\/\/pawz.rs\/en\/gourmet-perle-mini-fileti-u-sosu-govedina\/","title":{"rendered":"Gourmet Perle Mini Fileti U Sosu Govedina"},"content":{"rendered":"<p><strong>Gourmet Perle Mini Fileti U Sosu Govedina<\/strong><\/p>\n<p>Kompletna hrana za odrasle ma\u010dke<\/p>\n<p><strong>Sastav:<\/strong><br \/>\nMeso i \u017eivotinjski nusproizvodi (od \u010dega govedine min. 4%), ekstrakti biljnih proteina, riba i riblje prera\u0111evine, povr\u0107e (\u0161argarepe min . 4%), minerali, razli\u010diti \u0161e\u0107eri.<\/p>\n<p><strong>Analytical composition:<\/strong><br \/>\nVlaga 79.0%, proteini 14.0%, sadr\u017eaj masti 2.5%, sirovi pepeo 2.2%, sirova vlakna 0.5%.<\/p>\n<p><strong>Nutritivni dodaci:<\/strong><br \/>\nVitamin A: 1490; vitamin D3: 230; mg \/ kg: Fe (E1): 10; I (E2): 0.3; Cu (E4): 0.9; Mn (E5): 2.0; Zn (E6): 10.<\/p>\n<p><strong>Uputstvo za hranjenje:<\/strong><br \/>\nTe\u017eina prose\u010dne ma\u010dke = preporu\u010dene dnevne koli\u010dine (g)<br \/>\n4 kg = 3-4 kom (poslu\u017eiti u bar 2 obroka)<br \/>\nGravidnu ili ma\u010dku koja doji hraniti koliko \u017eeli.<br \/>\nPreporu\u010dene dnevne koli\u010dine prilagoditi vremenskim uslovima, nivou aktivnosti, starosti i fizi\u010dkoj kondiciji.<\/p>\n<p>Hranu poslu\u017eiti na sobnoj temperaturi uz dostupnu sve\u017eu vodu.<\/p>\n<p>Neotvorenu konzervu \u010duvati na hladnom i suvom mestu.<\/p>\n<p>Nakon otvaranja, konzervu poklopiti, dr\u017eati u fri\u017eideru i iskoristiti u roku od dva dana.<br \/>\nFor your pet&#039;s health, consult a veterinarian regularly.<\/p>\n<p>Proizvo\u0111a\u010d: Nestle Purina Manufacturing Operations Poland sp.z.o.o.<br \/>\nZemlja porekla: Poljska<\/p>\n\n    <div class=\"xs_social_share_widget xs_share_url after_content \t\tmain_content  wslu-style-1 wslu-share-box-shaped wslu-fill-colored wslu-none wslu-share-horizontal wslu-theme-font-no wslu-main_content\">\n\n\t\t\n        <ul>\n\t\t\t        <\/ul>\n    <\/div>","protected":false},"excerpt":{"rendered":"<p>Kompletna hrana za odrasle ma\u010dke, fileti u sosu sa govedinom<\/p>","protected":false},"featured_media":22433,"comment_status":"open","ping_status":"closed","template":"","meta":{"_acf_changed":false},"pwb-brand":[855],"product_cat":[21,23,150],"product_tag":[],"class_list":{"0":"post-22447","1":"product","2":"type-product","3":"status-publish","4":"has-post-thumbnail","6":"pwb-brand-gourmet","7":"product_cat-hrana-za-macke","8":"product_cat-macke","9":"product_cat-vlazna-hrana-za-macke","11":"first","12":"outofstock","13":"taxable","14":"shipping-taxable","15":"purchasable","16":"product-type-variable","17":"has-default-attributes"},"acf":[],"brands":[{"id":855,"name":"Gourmet","slug":"gourmet"}],"_links":{"self":[{"href":"https:\/\/pawz.rs\/en\/wp-json\/wp\/v2\/product\/22447","targetHints":{"allow":["GET"]}}],"collection":[{"href":"https:\/\/pawz.rs\/en\/wp-json\/wp\/v2\/product"}],"about":[{"href":"https:\/\/pawz.rs\/en\/wp-json\/wp\/v2\/types\/product"}],"replies":[{"embeddable":true,"href":"https:\/\/pawz.rs\/en\/wp-json\/wp\/v2\/comments?post=22447"}],"wp:featuredmedia":[{"embeddable":true,"href":"https:\/\/pawz.rs\/en\/wp-json\/wp\/v2\/media\/22433"}],"wp:attachment":[{"href":"https:\/\/pawz.rs\/en\/wp-json\/wp\/v2\/media?parent=22447"}],"wp:term":[{"taxonomy":"pwb-brand","embeddable":true,"href":"https:\/\/pawz.rs\/en\/wp-json\/wp\/v2\/pwb-brand?post=22447"},{"taxonomy":"product_cat","embeddable":true,"href":"https:\/\/pawz.rs\/en\/wp-json\/wp\/v2\/product_cat?post=22447"},{"taxonomy":"product_tag","embeddable":true,"href":"https:\/\/pawz.rs\/en\/wp-json\/wp\/v2\/product_tag?post=22447"}],"curies":[{"name":"wp","href":"https:\/\/api.w.org\/{rel}","templated":true}]}}