{"id":22561,"date":"2024-04-12T15:09:04","date_gmt":"2024-04-12T13:09:04","guid":{"rendered":"https:\/\/pawz.rs\/?post_type=product&#038;p=22561"},"modified":"2024-05-13T12:36:03","modified_gmt":"2024-05-13T10:36:03","slug":"trainer-natural-sensitive-no-grain-medium-maxi-svinjetina-12-kg","status":"publish","type":"product","link":"https:\/\/pawz.rs\/en\/trainer-natural-sensitive-no-grain-medium-maxi-svinjetina-12-kg\/","title":{"rendered":"Trainer Natural Sensitive No Grain Medium\/Maxi Svinjetina 12 Kg"},"content":{"rendered":"<p><strong>Trainer Natural Sensitive No Grain Medium\/Maxi Svinjetina 12 Kg<\/strong><\/p>\n<div>\n<div>Kompletna, dehidrirana, potpuna balansirana hrana za odrasle pse srednjih i velikih rasa sa svinjetinom<\/div>\n<\/div>\n<p><strong>Sastav:<\/strong><br \/>\nDehidrirani svinjski proteini 19,5%, ceo kukuruz 19%, kukuruzno bra\u0161no &#8220;fioretto&#8221;, gra\u0161ak, pirin\u010dana srednja, pirina\u010d, mast \u017eivotinjskog porekla, svinjetina 4%, sme\u0111i pirina\u010d 4%, laneno seme* 3%, aroma bez \u017eivotinjskih proteina, minerala, kukuruznog ulja, suvog ekstrakta korena cikorije (izvor inulina)* 0,7%, lignoceluloza, ekstrakt su\u0161ene stabljike ananasa* 0,1%, morske alge (Schizochitrium spp.)* 0,08%, spirulina (Arthrospira platensis)* 0,02%<\/p>\n<p><strong>Analytical composition:<br \/>\n<\/strong>Sirovi proteini 24%, sirove masti 14%, sirova vlakna 2,5%, sirovi pepeo 7%, magnezijum 0,1%, omega 3 1%.<\/p>\n<p><strong>Nutritivni dodaci:<br \/>\n<\/strong>Vitamin A 26000 IU, vitamin D3 1350 IU, vitamin E 555 mg, bakar (II) sulfat pentahidrat 49,13 mg (bakar<br \/>\n12,5 mg), gvo\u017e\u0111e (II) karbonat 310,5 mg (gvo\u017e\u0111e 150 mg), oblo\u017eeni granulisani kalcijum jodat bezvodni 3,85 mg (jod 2,5 mg), natrijum selenit 0,44 mg (selen 0,2 mg), cink oksid 193,4 mg (cink 156 mg), mangan (II) oksid 45,1 mg (mangan 35 mg).<br \/>\nSenzorni aditivi: su\u0161eni ekstrakt Bosvellia serrata* 600 mg.<\/p>\n<p>Serve food in dry form with available fresh water.<br \/>\nFor your pet&#039;s health, consult a veterinarian regularly.<\/p>\n<p>Store the product in a dry, dark and cool place.<\/p>\n<p>Proizvo\u0111a\u010d: Novafoods<br \/>\nZemlja porekla: Italija<\/p>\n\n    <div class=\"xs_social_share_widget xs_share_url after_content \t\tmain_content  wslu-style-1 wslu-share-box-shaped wslu-fill-colored wslu-none wslu-share-horizontal wslu-theme-font-no wslu-main_content\">\n\n\t\t\n        <ul>\n\t\t\t        <\/ul>\n    <\/div>","protected":false},"excerpt":{"rendered":"<p>Natural Trainer predstavlja izbalansiranu hranu bez \u017eitarica, za odrasle pse srednjih i velikih rasa, sa ukusom svinjetine<\/p>","protected":false},"featured_media":22564,"comment_status":"open","ping_status":"closed","template":"","meta":{"_acf_changed":false},"pwb-brand":[604],"product_cat":[47,48,49],"product_tag":[208],"class_list":{"0":"post-22561","1":"product","2":"type-product","3":"status-publish","4":"has-post-thumbnail","6":"pwb-brand-natural-trainer","7":"product_cat-psi","8":"product_cat-hrana-za-pse","9":"product_cat-granule-za-pse","10":"product_tag-bez-zitarica","12":"first","13":"instock","14":"taxable","15":"shipping-taxable","16":"purchasable","17":"product-type-simple"},"acf":[],"brands":[{"id":604,"name":"Natural Trainer","slug":"natural-trainer"}],"_links":{"self":[{"href":"https:\/\/pawz.rs\/en\/wp-json\/wp\/v2\/product\/22561","targetHints":{"allow":["GET"]}}],"collection":[{"href":"https:\/\/pawz.rs\/en\/wp-json\/wp\/v2\/product"}],"about":[{"href":"https:\/\/pawz.rs\/en\/wp-json\/wp\/v2\/types\/product"}],"replies":[{"embeddable":true,"href":"https:\/\/pawz.rs\/en\/wp-json\/wp\/v2\/comments?post=22561"}],"wp:featuredmedia":[{"embeddable":true,"href":"https:\/\/pawz.rs\/en\/wp-json\/wp\/v2\/media\/22564"}],"wp:attachment":[{"href":"https:\/\/pawz.rs\/en\/wp-json\/wp\/v2\/media?parent=22561"}],"wp:term":[{"taxonomy":"pwb-brand","embeddable":true,"href":"https:\/\/pawz.rs\/en\/wp-json\/wp\/v2\/pwb-brand?post=22561"},{"taxonomy":"product_cat","embeddable":true,"href":"https:\/\/pawz.rs\/en\/wp-json\/wp\/v2\/product_cat?post=22561"},{"taxonomy":"product_tag","embeddable":true,"href":"https:\/\/pawz.rs\/en\/wp-json\/wp\/v2\/product_tag?post=22561"}],"curies":[{"name":"wp","href":"https:\/\/api.w.org\/{rel}","templated":true}]}}