{"id":22569,"date":"2024-04-12T16:20:06","date_gmt":"2024-04-12T14:20:06","guid":{"rendered":"https:\/\/pawz.rs\/?post_type=product&#038;p=22569"},"modified":"2024-05-13T12:35:17","modified_gmt":"2024-05-13T10:35:17","slug":"trainer-natural-sensitive-no-gluten-adult-medium-maxi-pork-12-kg","status":"publish","type":"product","link":"https:\/\/pawz.rs\/en\/trainer-natural-sensitive-no-gluten-adult-medium-maxi-pork-12-kg\/","title":{"rendered":"Trainer Natural Sensitive No Gluten Adult Medium\/Maxi Pork 12 Kg"},"content":{"rendered":"<p><strong>Trainer Natural Sensitive No Gluten Adult Medium\/Maxi Pork 12 Kg<\/strong><\/p>\n<div>Potpuna i izbalansirana hrana za odrasle pse srednih i velikih rasa<\/div>\n<p><strong>Sastav:<\/strong><br \/>\nDehidrirani jagnje\u0107i proteini 14,5%, celo zrno kukuruza 14%, kukuruzno bra\u0161no FIORETO, protein kukuruza, gra\u0161ak, ri\u017ea, salo \u017eivotinjskog porekla, jagnjetina 4%, braon ri\u017ea 4%, laneno seme, poja\u010diva\u010d ukusa bez animalnog proteina, kukuruzno ulje, minerali, deh.ekstrakt korena cikorije 0,7%, lignoceluloza, deh.ekstrakt stabljike ananasa 0,1%, morska trava 0,08%, spirulina 0,02%.<\/p>\n<p><strong>Analytical composition:<br \/>\n<\/strong>Sirovi proteini 24%, masti 14%, Sirova vlakna 2,5%, Pepeo 7%, magnezijum 0,1%, Omega 3 1%.<\/p>\n<p><strong>Nutritivni dodaci:<br \/>\n<\/strong>Vitamin A 26.000 UI, vitamin D3 1.350 UI, vitamin E 555 mg, bakar II sulfat pentahidrat (bakar 12,5mg) 49,13 mg, gvoz\u0111e II karbonat (gvo\u017e\u0111e 150 mg) 310,5 mg, kalcijum jodid bezvodni 3,85mg(jod 2,5mg), natrijum selenit (selen 0,2mg) 0.44 mg, cink oksid (cink 156mg) 193,4 mg, mangan II oksid (mangan 35mg) 45,1 mg. Senzorni aditivi: dehidrirani ekstrakt tamjana 600mg.<\/p>\n<p>Serve food in dry form with available fresh water.<br \/>\nFor your pet&#039;s health, consult a veterinarian regularly.<\/p>\n<p>Store the product in a dry, dark and cool place.<\/p>\n<p>Proizvo\u0111a\u010d: Novafoods<br \/>\nZemlja porekla: Italija<\/p>\n\n    <div class=\"xs_social_share_widget xs_share_url after_content \t\tmain_content  wslu-style-1 wslu-share-box-shaped wslu-fill-colored wslu-none wslu-share-horizontal wslu-theme-font-no wslu-main_content\">\n\n\t\t\n        <ul>\n\t\t\t        <\/ul>\n    <\/div>","protected":false},"excerpt":{"rendered":"<p>Natural Trainer predstavlja izbalansiranu hranu bez glutena za odrasle pse srednjih i velikih rasa, sa ukusom svinjetine<\/p>","protected":false},"featured_media":22570,"comment_status":"open","ping_status":"closed","template":"","meta":{"_acf_changed":false},"pwb-brand":[604],"product_cat":[47,48,49],"product_tag":[209],"class_list":{"0":"post-22569","1":"product","2":"type-product","3":"status-publish","4":"has-post-thumbnail","6":"pwb-brand-natural-trainer","7":"product_cat-psi","8":"product_cat-hrana-za-pse","9":"product_cat-granule-za-pse","10":"product_tag-bez-glutena","12":"first","13":"instock","14":"taxable","15":"shipping-taxable","16":"purchasable","17":"product-type-simple"},"acf":[],"brands":[{"id":604,"name":"Natural Trainer","slug":"natural-trainer"}],"_links":{"self":[{"href":"https:\/\/pawz.rs\/en\/wp-json\/wp\/v2\/product\/22569","targetHints":{"allow":["GET"]}}],"collection":[{"href":"https:\/\/pawz.rs\/en\/wp-json\/wp\/v2\/product"}],"about":[{"href":"https:\/\/pawz.rs\/en\/wp-json\/wp\/v2\/types\/product"}],"replies":[{"embeddable":true,"href":"https:\/\/pawz.rs\/en\/wp-json\/wp\/v2\/comments?post=22569"}],"wp:featuredmedia":[{"embeddable":true,"href":"https:\/\/pawz.rs\/en\/wp-json\/wp\/v2\/media\/22570"}],"wp:attachment":[{"href":"https:\/\/pawz.rs\/en\/wp-json\/wp\/v2\/media?parent=22569"}],"wp:term":[{"taxonomy":"pwb-brand","embeddable":true,"href":"https:\/\/pawz.rs\/en\/wp-json\/wp\/v2\/pwb-brand?post=22569"},{"taxonomy":"product_cat","embeddable":true,"href":"https:\/\/pawz.rs\/en\/wp-json\/wp\/v2\/product_cat?post=22569"},{"taxonomy":"product_tag","embeddable":true,"href":"https:\/\/pawz.rs\/en\/wp-json\/wp\/v2\/product_tag?post=22569"}],"curies":[{"name":"wp","href":"https:\/\/api.w.org\/{rel}","templated":true}]}}