{"id":22572,"date":"2024-04-19T12:03:00","date_gmt":"2024-04-19T10:03:00","guid":{"rendered":"https:\/\/pawz.rs\/?post_type=product&#038;p=22572"},"modified":"2024-05-13T12:26:11","modified_gmt":"2024-05-13T10:26:11","slug":"trainer-natural-sensitive-no-gluten-adult-mini-jaje","status":"publish","type":"product","link":"https:\/\/pawz.rs\/en\/trainer-natural-sensitive-no-gluten-adult-mini-jaje\/","title":{"rendered":"Trainer Natural Sensitive No Gluten Adult Mini-Jaje"},"content":{"rendered":"<p><strong>Trainer Natural Sensitive No Gluten Adult Mini-Jaje<\/strong><\/p>\n<div>\n<div>\n<p>Kompletna monoproteinska super premium hrana sa jajima za odrasle pse koji imaju predispoziciju za preosetljivost na hranu.<\/p>\n<p>Monoproteinska hrana, formulisana bez glutena, oboga\u0107ena funkcionalnim sastojcima koji favorizuju op\u0161te dobro stanje psa (sa jajima, ekstraktom ananasa, ekstrakt lista masline, lanenim semenom i spirulinom).<\/p>\n<p>Kori\u0161\u0107enje dehidriranih jaja 15% (\u0161to je ekvivalentno 41% sve\u017eih jaja) ,kao jedinog izvora animalnih proteina, kao i pirin\u010da kao jedinog izvora lako svarljivih ugljenih hidrata i biljnih ulja kao jedinstvenog izvora dodatih masti, \u010dine ovu hranu posebno pogodnom za pse koji imaju predispoziciju za preosetljivost na hranu.<\/p>\n<p>Spirulina, proteini, minerali i vitamini poma\u017eu u odr\u017eavanju vitalnosti psa.<\/p>\n<p>Poma\u017ee lak\u0161e varenje hrane &#8211; prilago\u0111ena formula koja sadr\u017ei integralne \u017eitarice, prebiotike i 100% prirodni ekstrakt ananasa poma\u017ee digestivnoj funkcionalnosti.<\/p>\n<p>Ova hrana obezbe\u0111uje podr\u0161ku zdravlju hrskavice i ima povoljan uticaj na zdravlje globova zahvaljuju\u0107i omega-3 kiselinama iz lanenog semena i algi (Bosvellia serrata) i magnezijumu.<\/p>\n<\/div>\n<\/div>\n<p><strong>Sastav:<\/strong><br \/>\nDehidrirana jaja (15%, \u0161to odgovara 41% sve\u017eih jaja), sme\u0111i kukuruz (14%), cvetovi kukuruza, dehidrirani gra\u0161ak, kukuruzni proteini, pirin\u010dana smesa, \u017eivotinjska mast, sme\u0111i pirina\u010d (4%), minerali, proteinsko pirin\u010dano bra\u0161no, \u017eivotinjsko aroma bez proteina, laneno seme* (2,7%), koncentrat su\u0161enog korena cikorije [izvor inulina]* (0,8%), kukuruzno ulje, koncentrat su\u0161ene stabljike ananasa* (0,1%), alge spiruline [Arthrospira platensis]* (0,1%) , alge [Schizochitrium spp.] * (0,08%).*specifi\u010dne komponente prirodnog porekla.<\/p>\n<p><strong>Analiti\u010dki sastav:<br \/>\n<\/strong>Sirovi proteini 24%, sirova ulja i masti 14%, sirova vlakna 2,5%, sirovi pepeo 7%, magnezijum 0,1%, omega 3 masne kiseline 0,95%<\/p>\n<p><strong>Nutritivni dodaci:<br \/>\n<\/strong>Vitamin A (26.000 IU\/kg), vitamin D3 (1.350 IU\/kg), vitamin E (555 mg\/kg), bakar II sulfat pentahidrat [bakar 12,5 mg\/kg] (49,13 mg\/kg), karbonat gvo\u017e\u0111a II [ gvo\u017e\u0111e 150 mg\/kg] (310,5 mg\/kg), kalcijum jodat bezvodni u oblo\u017eenim granulama [jod 2,5 mg\/kg] (3,85 mg\/kg), natrijum selenit [selen 0,2 mg\/kg] (0,44 mg\/kg), cink oksid [cink 156 mg\/kg] (193,4 mg\/kg), mangan II oksid [mangan 35 mg\/kg] (45,1 mg\/kg).<\/p>\n<p>Senzorni aditivi: suvi ekstrakt Bosvellia serrata* (600 mg\/kg).<\/p>\n<p>Poslu\u017eiti hranu u suvom obliku uz dostupnu sve\u017eu vodu.<br \/>\nZbog zdravlja Va\u0161eg ljubimca redovno konsultujte veterinara.<\/p>\n<p>Proizvod \u010duvati na suvom, tamnom i hladnom mestu.<\/p>\n<p>Proizvo\u0111a\u010d: Novafoods<br \/>\nZemlja porekla: Italija<\/p>\n\n    <div class=\"xs_social_share_widget xs_share_url after_content \t\tmain_content  wslu-style-1 wslu-share-box-shaped wslu-fill-colored wslu-none wslu-share-horizontal wslu-theme-font-no wslu-main_content\">\n\n\t\t\n        <ul>\n\t\t\t        <\/ul>\n    <\/div> \n","protected":false},"excerpt":{"rendered":"<p>Kompletna monoproteinska super premium hrana sa jajima za odrasle pse mini rase sa jajetom<\/p>","protected":false},"featured_media":22575,"comment_status":"open","ping_status":"closed","template":"","meta":{"_acf_changed":false,"_aa_vp_cena":"","_aa_online_cena":""},"pwb-brand":[604],"product_cat":[49,48,47],"product_tag":[209],"class_list":{"0":"post-22572","1":"product","2":"type-product","3":"status-publish","4":"has-post-thumbnail","6":"pwb-brand-natural-trainer","7":"product_cat-granule-za-pse","8":"product_cat-hrana-za-pse","9":"product_cat-psi","10":"product_tag-bez-glutena","12":"first","13":"instock","14":"taxable","15":"shipping-taxable","16":"purchasable","17":"product-type-variable","18":"has-default-attributes"},"acf":[],"brands":[{"id":604,"name":"Natural Trainer","slug":"natural-trainer"}],"_links":{"self":[{"href":"https:\/\/pawz.rs\/en\/wp-json\/wp\/v2\/product\/22572","targetHints":{"allow":["GET"]}}],"collection":[{"href":"https:\/\/pawz.rs\/en\/wp-json\/wp\/v2\/product"}],"about":[{"href":"https:\/\/pawz.rs\/en\/wp-json\/wp\/v2\/types\/product"}],"replies":[{"embeddable":true,"href":"https:\/\/pawz.rs\/en\/wp-json\/wp\/v2\/comments?post=22572"}],"wp:featuredmedia":[{"embeddable":true,"href":"https:\/\/pawz.rs\/en\/wp-json\/wp\/v2\/media\/22575"}],"wp:attachment":[{"href":"https:\/\/pawz.rs\/en\/wp-json\/wp\/v2\/media?parent=22572"}],"wp:term":[{"taxonomy":"pwb-brand","embeddable":true,"href":"https:\/\/pawz.rs\/en\/wp-json\/wp\/v2\/pwb-brand?post=22572"},{"taxonomy":"product_cat","embeddable":true,"href":"https:\/\/pawz.rs\/en\/wp-json\/wp\/v2\/product_cat?post=22572"},{"taxonomy":"product_tag","embeddable":true,"href":"https:\/\/pawz.rs\/en\/wp-json\/wp\/v2\/product_tag?post=22572"}],"curies":[{"name":"wp","href":"https:\/\/api.w.org\/{rel}","templated":true}]}}