{"id":22576,"date":"2024-04-19T12:03:02","date_gmt":"2024-04-19T10:03:02","guid":{"rendered":"https:\/\/pawz.rs\/?post_type=product&#038;p=22576"},"modified":"2024-05-13T12:21:48","modified_gmt":"2024-05-13T10:21:48","slug":"trainer-natural-sensitive-no-grain-adult-mini-pastrmka","status":"publish","type":"product","link":"https:\/\/pawz.rs\/en\/trainer-natural-sensitive-no-grain-adult-mini-pastrmka\/","title":{"rendered":"Trainer Natural Sensitive No Grain Adult Mini-Pastrmka"},"content":{"rendered":"<p><strong>Trainer Natural Sensitive No Grain Adult Mini-Pastrmka<\/strong><\/p>\n<div>\n<div>\n<p class=\"quickview-para\">Kompletna i izbalansirana hrana za kuc\u0301ne ljubimce,\u00a0odrasle pse malih rasa.<\/p>\n<ul>\n<li><strong>Poma\u017ee u smanjenju neprijatnih mirisa:\u00a0<\/strong>Zbog Iucca Schidigera i prebiotika koji poma\u017eu u smanjenju mirisa psec\u0301eg izmeta.<strong><br \/>\n<\/strong><\/li>\n<li><strong>Podr\u017eava vitalnost:\u00a0<\/strong>Zbog spirulina, proteina, minerala i vitamina koji poma\u017eu u odr\u017eavanju vitalnosti psa.<\/li>\n<li><strong>Poma\u017ee varenje:\u00a0<\/strong>Njegova prilago\u0111ena formula koja sadr\u017ei prebiotike i 100% prirodni ekstrakt ananasa poma\u017ee u funkciji varenja. Formulisan je sa jednim izvorom \u017eivotinjskih proteina.<\/li>\n<li><strong>Bez \u017eitarica:\u00a0<\/strong>Formulisan bez \u017eitarica i sa alternativnim izvorima ugljenih hidrata, kao \u0161to su krompir i gra\u0161ak.<\/li>\n<li><strong>Formula \u017eivotinjskog monoproteina:<\/strong>\u00a0Formulisan sa jednim izvorom \u017eivotinjskih proteina.<\/li>\n<\/ul>\n<\/div>\n<\/div>\n<p><strong>Sastav:<\/strong><br \/>\nSkrob od gra\u0161ka, dehidrirani gra\u0161ak 13%, pastrmka 10%, proteini gra\u0161ka, dehidrirani krompir 9%, mast \u017eivotinjskog porekla, dehidrirani proteini pastrmke, laneno seme, aroma bez \u017eivotinjskih proteina, minerali, kukuruzno ulje, su\u0161eni ekstrakt korena cikorije (izvor inulina ) 0,7% , lignoceluloza , spirulina (Arthrospira platensis) 0,1% , ekstrakt su\u0161ene stabljike ananasa 0,1% , su\u0161eni ekstrakt juke \u0161idigere 0,025%. , Specifi\u010dni sastojci prirodnog porekla.<\/p>\n<p><strong>Analytical composition:<br \/>\n<\/strong>Sirovi proteini 26%, sirove masti 14%, sirova vlakna 3%, sirovi pepeo 7%.<\/p>\n<p><strong>Nutritivni dodaci:<br \/>\n<\/strong>Vitamin A 26000 IU, vitamin D\u2083 1350 IU, vitamin E 555 mg, bakar(II) sulfat pentahidrat 49,13 mg (bakar 12,5 mg), gvo\u017e\u0111e(II) karbonat 310,5 mg (gvo\u017e\u0111e 150 mg i hidrat), oblo\u017eeni granuloda i hidrat 3,85 mg (jod 2,5 mg), natrijum selenit 0,44 mg (selen 0,2 mg), cink oksid 193,4 mg (cink 156 mg), mangan(II) oksid 45,1 mg (mangan 35 mg).<\/p>\n<p>Serve food in dry form with available fresh water.<br \/>\nFor your pet&#039;s health, consult a veterinarian regularly.<\/p>\n<p>Store the product in a dry, dark and cool place.<\/p>\n<p>Proizvo\u0111a\u010d: Novafoods<br \/>\nZemlja porekla: Italija<\/p>\n\n    <div class=\"xs_social_share_widget xs_share_url after_content \t\tmain_content  wslu-style-1 wslu-share-box-shaped wslu-fill-colored wslu-none wslu-share-horizontal wslu-theme-font-no wslu-main_content\">\n\n\t\t\n        <ul>\n\t\t\t        <\/ul>\n    <\/div>","protected":false},"excerpt":{"rendered":"<p>Kompletna i izbalansirana hrana za kuc\u0301ne ljubimce, odrasle pse malih rasa sa ukusom pastrmke<\/p>","protected":false},"featured_media":22579,"comment_status":"open","ping_status":"closed","template":"","meta":{"_acf_changed":false},"pwb-brand":[604],"product_cat":[47,48,49],"product_tag":[208],"class_list":{"0":"post-22576","1":"product","2":"type-product","3":"status-publish","4":"has-post-thumbnail","6":"pwb-brand-natural-trainer","7":"product_cat-psi","8":"product_cat-hrana-za-pse","9":"product_cat-granule-za-pse","10":"product_tag-bez-zitarica","12":"first","13":"instock","14":"taxable","15":"shipping-taxable","16":"purchasable","17":"product-type-variable","18":"has-default-attributes"},"acf":[],"brands":[{"id":604,"name":"Natural Trainer","slug":"natural-trainer"}],"_links":{"self":[{"href":"https:\/\/pawz.rs\/en\/wp-json\/wp\/v2\/product\/22576","targetHints":{"allow":["GET"]}}],"collection":[{"href":"https:\/\/pawz.rs\/en\/wp-json\/wp\/v2\/product"}],"about":[{"href":"https:\/\/pawz.rs\/en\/wp-json\/wp\/v2\/types\/product"}],"replies":[{"embeddable":true,"href":"https:\/\/pawz.rs\/en\/wp-json\/wp\/v2\/comments?post=22576"}],"wp:featuredmedia":[{"embeddable":true,"href":"https:\/\/pawz.rs\/en\/wp-json\/wp\/v2\/media\/22579"}],"wp:attachment":[{"href":"https:\/\/pawz.rs\/en\/wp-json\/wp\/v2\/media?parent=22576"}],"wp:term":[{"taxonomy":"pwb-brand","embeddable":true,"href":"https:\/\/pawz.rs\/en\/wp-json\/wp\/v2\/pwb-brand?post=22576"},{"taxonomy":"product_cat","embeddable":true,"href":"https:\/\/pawz.rs\/en\/wp-json\/wp\/v2\/product_cat?post=22576"},{"taxonomy":"product_tag","embeddable":true,"href":"https:\/\/pawz.rs\/en\/wp-json\/wp\/v2\/product_tag?post=22576"}],"curies":[{"name":"wp","href":"https:\/\/api.w.org\/{rel}","templated":true}]}}