{"id":22731,"date":"2024-04-18T18:08:57","date_gmt":"2024-04-18T16:08:57","guid":{"rendered":"https:\/\/pawz.rs\/?post_type=product&#038;p=22731"},"modified":"2026-02-12T21:03:15","modified_gmt":"2026-02-12T20:03:15","slug":"monge-natural-superpremium-dog-mini-puppy-and-junior-monoprotein-salmon-with-rice","status":"publish","type":"product","link":"https:\/\/pawz.rs\/en\/monge-natural-superpremium-dog-mini-puppy-and-junior-monoprotein-salmon-with-rice\/","title":{"rendered":"Monge Natural Superpremium  Dog Mini Puppy And Junior Monoprotein Salmon With Rice"},"content":{"rendered":"<p><strong>Monge Natural Superpremium Dog Mini Puppy And Junior Monoprotein Salmon With Rice<\/strong><\/p>\n<p>Kompletna hrana za \u0161tence malih rasa.<\/p>\n<p>Proizvod formulisan sa jednim izvorom \u017eivotinjskih proteina, lososom, a karakteri\u0161e ga njegova svarljivost i ukus zbog uklju\u010divanja sve\u017ee ribe.<\/p>\n<p>Recept je pobolj\u0161an sledec\u0301om generacijom KSOS (ksilo-oligosaharida), sme\u0111i pirina\u010d kao podr\u0161ka dobro zdravlje creva i semenke suncokreta, sastojci superhrane koji su prirodno bogati omega-6 i vitaminom E.<\/p>\n<p>Formulacija sadr\u017ei glukozamin i hondroitin sulfat koji podr\u017eavaju razvoj artikulacije i uravnote\u017een odnos kalcijuma\/fosfora za pravilan rast kostiju i zglobova \u0161teneta.<\/p>\n<p>Bez dodatih boja i ve\u0161ta\u010dkih konzervansa.<\/p>\n<p><strong>Sastav:<br \/>\n<\/strong>Losos (su\u0161eni 28%, sve\u017e 10%), sme\u0111i pirina\u010d (15%), kukuruz, \u017eivotinjska mast, proteini krompira, kukuruzni gluten, su\u0161ena pulpa cvekle, krompir, pivski kvasac, hidrolizovani \u017eivotinjski proteini (jetra), riblje ulje (lososovo ulje), suncokretovo seme (1%), minerali, proizvodi od kvasca (MOS 1%), ksilooligosaharidi (KSOS 0,3%), juka \u0161idigera (0,3%), bra\u0161no od algi (spirulina 0,3%), proizvodi prerade biljaka, su\u0161eni beli luk (0,2%), glukozamin (0,057%), hondroitin sulfat (0,04%).<\/p>\n<p><strong>Analytical composition:<br \/>\n<\/strong>Sirovi proteini: 30%, Sirova vlakna: 2%, Sirova mast: 18,5%, Sirovi pepeo: 4,8%, Kalcijum: 1,1%, Fosfor: 0,8%, Kalcijum\/fosfor = 1,3, n-3 masne kiseline: 0,7%, n -6 masnih kiselina: 4,8%.<\/p>\n<p><strong>Nutritivni dodaci:<br \/>\n<\/strong>Vitamin A 30.770 IU, vitamin D3 1.610 IU, vitamin E 172 mg, selen 0.08 mg, mangan 14 Cink 52,5 mg, Bakar 4,5 mg, Gvo\u017e\u0111e 37,5 mg, Jod 0,6 mg, L-karnitin: 150 mg, DL-metionin: 1.400 mg.,<\/p>\n<p><strong>Organolepti\u010dki dodaci:<\/strong> Prirodni ekstrakt kestena 20 mg, ekstrakt arti\u010doka 300 mg.<\/p>\n<p><strong>Uputstvo za upotrebu:<br \/>\n<\/strong>Preporu\u010deni dnevni unos hrane (vidi tabelu) mo\u017ee se podeliti na 2 dnevna obroka.<\/p>\n<div class=\"ccvoYb EjH7wc\">\n<div class=\"AxqVh\">\n<div class=\"OPPzxe\">\n<div class=\"QcsUad BDJ8fb BLojaf sMVRZe wneUed\">\n<div class=\"usGWQd\">\n<div class=\"KkbLmb\">\n<div class=\"VO9ucd\">\n<div class=\"aJIq1d\" data-language-code=\"sr\" data-language-name=\"srpski\" data-text=\"\u0412\u0438\u0442\u0430\u043c\u0438\u043d \u0410 (\u0440\u0435\u0442\u0438\u043d\u0438\u043b \u0430\u0446\u0435\u0442\u0430\u0442) 3000 \u0418\u0423, \u0432\u0438\u0442\u0430\u043c\u0438\u043d \u04143 150 \u0418\u0423, \u0432\u0438\u0442\u0430\u043c\u0438\u043d \u0415 (\u0430\u043b\u043b-\u0440\u0430\u0446-\u0430\u043b\u0444\u0430-\u0442\u043e\u043a\u043e\u0444\u0435\u0440\u0438\u043b \u0430\u0446\u0435\u0442\u0430\u0442) 6 \u043c\u0433, \u0442\u0430\u0443\u0440\u0438\u043d 500 \u043c\u0433.\" data-crosslingual-hint=\"\" data-location=\"2\" data-enable-toggle-playback-speed=\"true\" data-results-count=\"1\" data-result-index=\"1\">\n<div class=\"m0Qfkd\">\n<div class=\"VfPpkd-Bz112c-Jh9lGc\">\n<p>Pojedina\u010dne potrebe za ishranom mogu varirati u zavisnosti od veli\u010dine, starosti i nivoa aktivnosti \u017eivotinje.<\/p>\n<p>Kada ovaj proizvod zamenjuje drugu vrstu hrane i\/ili ishranu, savetuje se da se uvodi postepeno tokom perioda od najmanje jedne nedelje.<\/p>\n<p>Nije za ljudsku upotrebu.<\/p>\n<p>Poslu\u017eiti hranu uz dostupnu sve\u017eu vodu.<br \/>\nFor your pet&#039;s health, consult a veterinarian regularly.<\/p>\n<div class=\"ccvoYb EjH7wc\">\n<div class=\"AxqVh\">\n<div class=\"OPPzxe\">\n<div class=\"QcsUad BDJ8fb BLojaf sMVRZe wneUed\">\n<div class=\"usGWQd\">\n<div class=\"KkbLmb\">\n<div class=\"VO9ucd\">\n<div class=\"aJIq1d\" data-language-code=\"sr\" data-language-name=\"srpski\" data-text=\"\u0412\u0438\u0442\u0430\u043c\u0438\u043d \u0410 (\u0440\u0435\u0442\u0438\u043d\u0438\u043b \u0430\u0446\u0435\u0442\u0430\u0442) 3000 \u0418\u0423, \u0432\u0438\u0442\u0430\u043c\u0438\u043d \u04143 150 \u0418\u0423, \u0432\u0438\u0442\u0430\u043c\u0438\u043d \u0415 (\u0430\u043b\u043b-\u0440\u0430\u0446-\u0430\u043b\u0444\u0430-\u0442\u043e\u043a\u043e\u0444\u0435\u0440\u0438\u043b \u0430\u0446\u0435\u0442\u0430\u0442) 6 \u043c\u0433, \u0442\u0430\u0443\u0440\u0438\u043d 500 \u043c\u0433.\" data-crosslingual-hint=\"\" data-location=\"2\" data-enable-toggle-playback-speed=\"true\" data-results-count=\"1\" data-result-index=\"1\">\n<div class=\"m0Qfkd\">\n<div class=\"VfPpkd-Bz112c-Jh9lGc\">Proizvo\u0111a\u010d: Monge &amp; C. S.p.a. Via Savigliano, Italy<br \/>\nZemlja porekla: Italija (EU)<\/div>\n<\/div>\n<\/div>\n<\/div>\n<\/div>\n<\/div>\n<\/div>\n<\/div>\n<\/div>\n<\/div>\n<\/div>\n<\/div>\n<\/div>\n<\/div>\n<\/div>\n<\/div>\n<\/div>\n<\/div>\n<\/div>\n<\/div>\n\n    <div class=\"xs_social_share_widget xs_share_url after_content \t\tmain_content  wslu-style-1 wslu-share-box-shaped wslu-fill-colored wslu-none wslu-share-horizontal wslu-theme-font-no wslu-main_content\">\n\n\t\t\n        <ul>\n\t\t\t        <\/ul>\n    <\/div>","protected":false},"excerpt":{"rendered":"<p>Monge Natural Superpremium Dog Mini Puppy And Junior Monoprotein Salmon With Rice predstavlja kompletnu hranu za \u0161tence malih rasa, sa ukusom lososa<\/p>","protected":false},"featured_media":22734,"comment_status":"open","ping_status":"closed","template":"","meta":{"_acf_changed":false},"pwb-brand":[672,688],"product_cat":[49,48,47],"product_tag":[],"class_list":{"0":"post-22731","1":"product","2":"type-product","3":"status-publish","4":"has-post-thumbnail","6":"pwb-brand-monge","7":"pwb-brand-monge-hrana-za-pse","8":"product_cat-granule-za-pse","9":"product_cat-hrana-za-pse","10":"product_cat-psi","12":"first","13":"instock","14":"taxable","15":"shipping-taxable","16":"purchasable","17":"product-type-variable","18":"has-default-attributes"},"acf":[],"brands":[{"id":672,"name":"Monge","slug":"monge"},{"id":688,"name":"Monge Dog Food","slug":"monge-hrana-za-pse"}],"_links":{"self":[{"href":"https:\/\/pawz.rs\/en\/wp-json\/wp\/v2\/product\/22731","targetHints":{"allow":["GET"]}}],"collection":[{"href":"https:\/\/pawz.rs\/en\/wp-json\/wp\/v2\/product"}],"about":[{"href":"https:\/\/pawz.rs\/en\/wp-json\/wp\/v2\/types\/product"}],"replies":[{"embeddable":true,"href":"https:\/\/pawz.rs\/en\/wp-json\/wp\/v2\/comments?post=22731"}],"wp:featuredmedia":[{"embeddable":true,"href":"https:\/\/pawz.rs\/en\/wp-json\/wp\/v2\/media\/22734"}],"wp:attachment":[{"href":"https:\/\/pawz.rs\/en\/wp-json\/wp\/v2\/media?parent=22731"}],"wp:term":[{"taxonomy":"pwb-brand","embeddable":true,"href":"https:\/\/pawz.rs\/en\/wp-json\/wp\/v2\/pwb-brand?post=22731"},{"taxonomy":"product_cat","embeddable":true,"href":"https:\/\/pawz.rs\/en\/wp-json\/wp\/v2\/product_cat?post=22731"},{"taxonomy":"product_tag","embeddable":true,"href":"https:\/\/pawz.rs\/en\/wp-json\/wp\/v2\/product_tag?post=22731"}],"curies":[{"name":"wp","href":"https:\/\/api.w.org\/{rel}","templated":true}]}}