{"id":22735,"date":"2024-04-18T18:08:56","date_gmt":"2024-04-18T16:08:56","guid":{"rendered":"https:\/\/pawz.rs\/?post_type=product&#038;p=22735"},"modified":"2024-11-09T11:45:36","modified_gmt":"2024-11-09T10:45:36","slug":"monge-natural-superpremium-dog-all-breeds-puppy-and-junior-monoprotein-duck-with-rice-and-potatoes","status":"publish","type":"product","link":"https:\/\/pawz.rs\/en\/monge-natural-superpremium-dog-all-breeds-puppy-and-junior-monoprotein-duck-with-rice-and-potatoes\/","title":{"rendered":"Monge Natural Superpremium  Dog All Breeds Puppy And Junior Monoprotein Duck With Rice And Potatoes 12 kg"},"content":{"rendered":"<p><strong>Monge Natural Superpremium Dog All Breeds Puppy And Junior Monoprotein Duck With Rice And Potatoes 12 kg<\/strong><\/p>\n<p>Kompletna hrana za kuc\u0301ne ljubimce za \u0161tenad svih veli\u010dina.<\/p>\n<p>Proizvod formulisan sa jednim izvorom \u017eivotinjskih proteina, pa\u010detinom, karakteri\u0161e ga svarljivost i ukus zbog uklju\u010divanja sve\u017eeg mesa.<\/p>\n<p>Recept je pobolj\u0161an sa sledec\u0301om generacijom KSOS (ksilo-oligosaharida), sme\u0111im pirin\u010dem koji podr\u017eava zdravlje creva i semenkama suncokreta, sastojcima superhrane koji su prirodno bogati omega-6 i vitaminom E.<\/p>\n<p>Formulacija sadr\u017ei glukozamin i hondroitin sulfat za podr\u0161ku razvoju artikulacije i uravnote\u017een odnos kalcijum\/fosfor za pravilan rast kostiju i zglobova \u0161teneta.<\/p>\n<p>Bez dodatih boja i ve\u0161ta\u010dkih konzervansa.<\/p>\n<p><strong>Sastav:<br \/>\n<\/strong>Patka (su\u0161ena 32%, sve\u017ea 10%), sme\u0111i pirina\u010d (15%), \u017eivotinjska mast (pa\u010dja mast pre\u010di\u0161c\u0301ena na 99,5%), kukuruz, proteini krompira, krompir (4%), kukuruzni gluten, pivski kvasac, su\u0161ena pulpa cvekle, hidrolizovani \u017eivotinjski proteini (jetra), riblje ulje (lososovo ulje), semenke suncokreta (1%), minerali, proizvodi od kvasca (manano-oligosaharidi MOS 1%), ksilooligosaharidi (KSOS 0,3%), juka schidigera (0,3%), bra\u0161no od algi (spirulina \u2013Arthrospira platensis 0,3%), proizvodi prerade biljaka (koren Echinacea purpurea 0,2%, Origanum Vulgare 0,1%), su\u0161eni beli luk (0,2%), glukozamin (0,057%), hondroitin sulfat (0,04%)<\/p>\n<p><strong>Analytical composition:<br \/>\n<\/strong>Sirovi proteini: 31,5%, Sirova vlakna: 1,8%, Sirove masti: 18,5%, Sirovi pepeo: 6,8%, Kalcijum: 1,6%, Fosfor: 1,1%, Kalcijum\/fosfor = 1,4%,\u00a0 n-6 masne kiseline: 4,2%<\/p>\n<p><strong>Nutritivni dodaci:<br \/>\n<\/strong>Vitamin A (retinil acetat) 35.385 IU, Vitamin D3 1.850 IU, Vitamin E (all-rac-alfa-tokoferil acetat) 82 mg, selen (natrijum selenit 0.4 mg) (manganski sum, mangan) 0.2 mg monohidrat 90 mg) 29 mg, cink (cinkov oksid 170 mg) 136 mg, bakar (bakar (II) sulfat pentahidrat 45 mg) 11,7 mg, gvo\u017e\u0111e (gvo\u017e\u0111e (II) sulfat monohidrat 296 mg) 97,5 mg, jodat i hidrat 2,4 mg) 1,5 mg, L-karnitin: 135 mg, DL-metionin (tehni\u010dki \u010dist): 1370 mg.<\/p>\n<p><strong> Antioksidansi:<\/strong> Ekstrakti tokoferola iz biljnih ulja<\/p>\n<p><strong>Organolepti\u010dki dodaci:<\/strong> Prirodni ekstrakt kestena 20 mg, ekstrakt arti\u010doka 300 mg.<\/p>\n<p><strong>Uputstvo za upotrebu:<br \/>\n<\/strong>Preporu\u010deni dnevni unos hrane (vidi tabelu) mo\u017ee se podeliti na 3 dnevna obroka.<\/p>\n<div class=\"ccvoYb EjH7wc\">\n<div class=\"AxqVh\">\n<div class=\"OPPzxe\">\n<div class=\"QcsUad BDJ8fb BLojaf sMVRZe wneUed\">\n<div class=\"usGWQd\">\n<div class=\"KkbLmb\">\n<div class=\"VO9ucd\">\n<div class=\"aJIq1d\" data-language-code=\"sr\" data-language-name=\"srpski\" data-text=\"\u0412\u0438\u0442\u0430\u043c\u0438\u043d \u0410 (\u0440\u0435\u0442\u0438\u043d\u0438\u043b \u0430\u0446\u0435\u0442\u0430\u0442) 3000 \u0418\u0423, \u0432\u0438\u0442\u0430\u043c\u0438\u043d \u04143 150 \u0418\u0423, \u0432\u0438\u0442\u0430\u043c\u0438\u043d \u0415 (\u0430\u043b\u043b-\u0440\u0430\u0446-\u0430\u043b\u0444\u0430-\u0442\u043e\u043a\u043e\u0444\u0435\u0440\u0438\u043b \u0430\u0446\u0435\u0442\u0430\u0442) 6 \u043c\u0433, \u0442\u0430\u0443\u0440\u0438\u043d 500 \u043c\u0433.\" data-crosslingual-hint=\"\" data-location=\"2\" data-enable-toggle-playback-speed=\"true\" data-results-count=\"1\" data-result-index=\"1\">\n<div class=\"m0Qfkd\">\n<div class=\"VfPpkd-Bz112c-Jh9lGc\">\n<p>Pojedina\u010dne potrebe za ishranom mogu varirati u zavisnosti od veli\u010dine, starosti i nivoa aktivnosti \u017eivotinje.<\/p>\n<p>Kada ovaj proizvod zamenjuje drugu vrstu hrane i\/ili ishranu, savetuje se da se uvodi postepeno tokom perioda od najmanje jedne nedelje.<\/p>\n<p>Nije za ljudsku upotrebu.<\/p>\n<p>Poslu\u017eiti hranu uz dostupnu sve\u017eu vodu.<br \/>\nFor your pet&#039;s health, consult a veterinarian regularly.<\/p>\n<div class=\"ccvoYb EjH7wc\">\n<div class=\"AxqVh\">\n<div class=\"OPPzxe\">\n<div class=\"QcsUad BDJ8fb BLojaf sMVRZe wneUed\">\n<div class=\"usGWQd\">\n<div class=\"KkbLmb\">\n<div class=\"VO9ucd\">\n<div class=\"aJIq1d\" data-language-code=\"sr\" data-language-name=\"srpski\" data-text=\"\u0412\u0438\u0442\u0430\u043c\u0438\u043d \u0410 (\u0440\u0435\u0442\u0438\u043d\u0438\u043b \u0430\u0446\u0435\u0442\u0430\u0442) 3000 \u0418\u0423, \u0432\u0438\u0442\u0430\u043c\u0438\u043d \u04143 150 \u0418\u0423, \u0432\u0438\u0442\u0430\u043c\u0438\u043d \u0415 (\u0430\u043b\u043b-\u0440\u0430\u0446-\u0430\u043b\u0444\u0430-\u0442\u043e\u043a\u043e\u0444\u0435\u0440\u0438\u043b \u0430\u0446\u0435\u0442\u0430\u0442) 6 \u043c\u0433, \u0442\u0430\u0443\u0440\u0438\u043d 500 \u043c\u0433.\" data-crosslingual-hint=\"\" data-location=\"2\" data-enable-toggle-playback-speed=\"true\" data-results-count=\"1\" data-result-index=\"1\">\n<div class=\"m0Qfkd\">\n<div class=\"VfPpkd-Bz112c-Jh9lGc\">Proizvo\u0111a\u010d: Monge &amp; C. S.p.a. Via Savigliano, Italy<br \/>\nZemlja porekla: Italija (EU)<\/div>\n<\/div>\n<\/div>\n<\/div>\n<\/div>\n<\/div>\n<\/div>\n<\/div>\n<\/div>\n<\/div>\n<\/div>\n<\/div>\n<\/div>\n<\/div>\n<\/div>\n<\/div>\n<\/div>\n<\/div>\n<\/div>\n<\/div>\n\n    <div class=\"xs_social_share_widget xs_share_url after_content \t\tmain_content  wslu-style-1 wslu-share-box-shaped wslu-fill-colored wslu-none wslu-share-horizontal wslu-theme-font-no wslu-main_content\">\n\n\t\t\n        <ul>\n\t\t\t        <\/ul>\n    <\/div>","protected":false},"excerpt":{"rendered":"<p>Monge Natural Superpremium Dog All Breeds Puppy And Junior Monoprotein Duck With Rice And Potatoes predstavlja kompletnu hranu za \u0161tence pasa svih rasa, sa ukusom pa\u010detine<\/p>","protected":false},"featured_media":22739,"comment_status":"open","ping_status":"closed","template":"","meta":{"_acf_changed":false,"_aa_vp_cena":"6455.42","_aa_online_cena":"8133.83"},"pwb-brand":[672,688],"product_cat":[49,48,47],"product_tag":[],"class_list":{"0":"post-22735","1":"product","2":"type-product","3":"status-publish","4":"has-post-thumbnail","6":"pwb-brand-monge","7":"pwb-brand-monge-hrana-za-pse","8":"product_cat-granule-za-pse","9":"product_cat-hrana-za-pse","10":"product_cat-psi","12":"first","13":"instock","14":"taxable","15":"shipping-taxable","16":"purchasable","17":"product-type-simple"},"acf":[],"brands":[{"id":672,"name":"Monge","slug":"monge"},{"id":688,"name":"Monge Dog Food","slug":"monge-hrana-za-pse"}],"_links":{"self":[{"href":"https:\/\/pawz.rs\/en\/wp-json\/wp\/v2\/product\/22735","targetHints":{"allow":["GET"]}}],"collection":[{"href":"https:\/\/pawz.rs\/en\/wp-json\/wp\/v2\/product"}],"about":[{"href":"https:\/\/pawz.rs\/en\/wp-json\/wp\/v2\/types\/product"}],"replies":[{"embeddable":true,"href":"https:\/\/pawz.rs\/en\/wp-json\/wp\/v2\/comments?post=22735"}],"wp:featuredmedia":[{"embeddable":true,"href":"https:\/\/pawz.rs\/en\/wp-json\/wp\/v2\/media\/22739"}],"wp:attachment":[{"href":"https:\/\/pawz.rs\/en\/wp-json\/wp\/v2\/media?parent=22735"}],"wp:term":[{"taxonomy":"pwb-brand","embeddable":true,"href":"https:\/\/pawz.rs\/en\/wp-json\/wp\/v2\/pwb-brand?post=22735"},{"taxonomy":"product_cat","embeddable":true,"href":"https:\/\/pawz.rs\/en\/wp-json\/wp\/v2\/product_cat?post=22735"},{"taxonomy":"product_tag","embeddable":true,"href":"https:\/\/pawz.rs\/en\/wp-json\/wp\/v2\/product_tag?post=22735"}],"curies":[{"name":"wp","href":"https:\/\/api.w.org\/{rel}","templated":true}]}}