{"id":22827,"date":"2024-04-19T13:22:15","date_gmt":"2024-04-19T11:22:15","guid":{"rendered":"https:\/\/pawz.rs\/?post_type=product&#038;p=22827"},"modified":"2025-10-02T23:33:09","modified_gmt":"2025-10-02T21:33:09","slug":"taste-of-the-wild-prey-dog-angus-govedina","status":"publish","type":"product","link":"https:\/\/pawz.rs\/en\/taste-of-the-wild-prey-dog-angus-govedina\/","title":{"rendered":"Taste Of The Wild Prey Dog Angus Govedina"},"content":{"rendered":"<p><strong>Taste Of The Wild Prey Dog Angus Govedina<\/strong><\/p>\n<p>Pojednostavljena dijeta sa ograni\u010denim sastojcima li\u010di na dijetu koju je priroda namijenila va\u0161em ljubimcu, a nekim psima mo\u017ee biti lak\u0161a za probavu.<\/p>\n<p>PREY Angus gove\u0111a formula za pse sadr\u017ei Angus govedinu kao prvi od samo \u010detiri klju\u010dna sastojka.<\/p>\n<p>Uprkos tome \u0161to ima ograni\u010dene sastojke, va\u0161 pas nec\u0301e propustiti pravi ukus.<\/p>\n<p>Garantovani probiotici poma\u017eu u varenju, dok precizni nivoi vitamina i minerala, garantovani antioksidanti, omega masne kiseline i DHA poma\u017eu va\u0161em psu da dobije kompletnu ishranu koja mu je potrebna, a sve sa bogatim ukusom crvenog mesa govedine za kojima psi \u017eude.<\/p>\n<p><strong>Sastav:<br \/>\n<\/strong>Govedina, so\u010divo, paradajz pomaka, suncokretovo ulje, prirodni ukus, dikalcijum fosfat, ulje lososa (izvor DHA), sol, DL-metionin, holin hlorid, taurin, su\u0161eni proizvod fermentacije Lactobacillus plantarum, su\u0161eni proizvod fermentacije Bacillus subtilis, osu\u0161eni proizvod fermentacije Lactobacillus acidophilus, osu\u0161eni proizvod fermentacije Enterococcus faecium, su\u0161eni proizvod fermentacije Bifidobacterium animalis, dodatak vitamina E, protein gvo\u017e\u0111a, protein cinka, bakar proteinat, gvo\u017e\u0111e sulfat, cink sulfat, mangan sulfat, bakar sulfat, kalijum jodid, tiamin mononitrat, mangan proteinat, mangan oksid, askorbinska kiselina, dodatak vitamina A, biotin, niacin, kalcijum pantotenat, natrijum selenit, piridoksin hidrohlorid, dodatak vitamina B12, riboflavin, dodatak vitamina D3, folna kiselina.<\/p>\n<p><strong>Analytical composition:<br \/>\n<\/strong>Sirovi proteini minimalno 27,0% Sirova mast 15,0% Sirova vlakna 5,0% Vlaga 10,0%<strong><br \/>\n<\/strong><\/p>\n<p>Serve food in dry form with available fresh water.<br \/>\nFor your pet&#039;s health, consult a veterinarian regularly.<\/p>\n<p>Store the product in a dry, dark and cool place.<\/p>\n<p>Proizvo\u0111a\u010d: Diamond Pet Foods, Jefferson City, SAD<br \/>\nZemlja porekla: SAD<\/p>\n\n    <div class=\"xs_social_share_widget xs_share_url after_content \t\tmain_content  wslu-style-1 wslu-share-box-shaped wslu-fill-colored wslu-none wslu-share-horizontal wslu-theme-font-no wslu-main_content\">\n\n\t\t\n        <ul>\n\t\t\t        <\/ul>\n    <\/div>","protected":false},"excerpt":{"rendered":"<p>Taste Of The Wild Prey Dog Angus Govedina, kompletna suva hrana za pse, sa ukusom angus govedine<\/p>","protected":false},"featured_media":22830,"comment_status":"open","ping_status":"closed","template":"","meta":{"_acf_changed":false},"pwb-brand":[592,590],"product_cat":[47,48,49],"product_tag":[],"class_list":{"0":"post-22827","1":"product","2":"type-product","3":"status-publish","4":"has-post-thumbnail","6":"pwb-brand-tw-za-pse","7":"pwb-brand-taste-of-the-wild","8":"product_cat-psi","9":"product_cat-hrana-za-pse","10":"product_cat-granule-za-pse","12":"first","13":"instock","14":"taxable","15":"shipping-taxable","16":"purchasable","17":"product-type-variable","18":"has-default-attributes"},"acf":[],"brands":[{"id":590,"name":"Taste of the Wild","slug":"taste-of-the-wild"},{"id":592,"name":"Taste of the Wild Dog Food","slug":"tw-za-pse"}],"_links":{"self":[{"href":"https:\/\/pawz.rs\/en\/wp-json\/wp\/v2\/product\/22827","targetHints":{"allow":["GET"]}}],"collection":[{"href":"https:\/\/pawz.rs\/en\/wp-json\/wp\/v2\/product"}],"about":[{"href":"https:\/\/pawz.rs\/en\/wp-json\/wp\/v2\/types\/product"}],"replies":[{"embeddable":true,"href":"https:\/\/pawz.rs\/en\/wp-json\/wp\/v2\/comments?post=22827"}],"wp:featuredmedia":[{"embeddable":true,"href":"https:\/\/pawz.rs\/en\/wp-json\/wp\/v2\/media\/22830"}],"wp:attachment":[{"href":"https:\/\/pawz.rs\/en\/wp-json\/wp\/v2\/media?parent=22827"}],"wp:term":[{"taxonomy":"pwb-brand","embeddable":true,"href":"https:\/\/pawz.rs\/en\/wp-json\/wp\/v2\/pwb-brand?post=22827"},{"taxonomy":"product_cat","embeddable":true,"href":"https:\/\/pawz.rs\/en\/wp-json\/wp\/v2\/product_cat?post=22827"},{"taxonomy":"product_tag","embeddable":true,"href":"https:\/\/pawz.rs\/en\/wp-json\/wp\/v2\/product_tag?post=22827"}],"curies":[{"name":"wp","href":"https:\/\/api.w.org\/{rel}","templated":true}]}}