{"id":22839,"date":"2024-04-19T13:22:13","date_gmt":"2024-04-19T11:22:13","guid":{"rendered":"https:\/\/pawz.rs\/?post_type=product&#038;p=22839"},"modified":"2025-10-02T23:36:43","modified_gmt":"2025-10-02T21:36:43","slug":"taste-of-the-wild-prey-cat-angus-govedina","status":"publish","type":"product","link":"https:\/\/pawz.rs\/en\/taste-of-the-wild-prey-cat-angus-govedina\/","title":{"rendered":"Taste Of The Wild Prey Cat Angus Govedina"},"content":{"rendered":"<p><strong>Taste Of The Wild Prey Cat Angus Govedina<\/strong><\/p>\n<p>Bez obzira da li je va\u0161a ma\u010dka iskusila osetljivost na hranu ili jednostavno vi\u0161e volite da svom ljubimcu ponudite korisnu, jednostavnu ishranu, ma\u010dja hrana s ograni\u010denim sastojkom nudi mnoge prednosti.<\/p>\n<p>Ovaj pojednostavljeni recept pru\u017ea kompletnu ishranu sa samo tri klju\u010dna sastojka, pa\u017eljivo odabranim vitaminima i mineralima i garantovanim probioticima, koji tako\u0111e poma\u017eu u probavi.<\/p>\n<p>98% proteina u ovoj formuli poti\u010de od govedine Angus (55%) i so\u010diva (43%) uzgajane na pa\u0161njacima, dok suncokretovo ulje isporu\u010duje omega masne kiseline i poja\u010dava ukus.<\/p>\n<p>Na kraju, ova formula bez zrna ne sadr\u017ei GMO sastojke i ne sadr\u017ei dodane ve\u0161ta\u010dke boje, arome ili konzervanse.<\/p>\n<p><strong>Sastav:<br \/>\n<\/strong>Govedina, so\u010divo, suncokretovo ulje (konzervirano sa me\u0161anim tokoferolima), prirodni ukus, ulje lososa (izvor DHA), DL-metionin, sol, kalijum hlorid, holin hlorid, taurin, su\u0161eni proizvod fermentacije Lactobacillus plantarum, su\u0161eni proizvod ferme<\/p>\n<p>Serve food in dry form with available fresh water.<br \/>\nFor your pet&#039;s health, consult a veterinarian regularly.<\/p>\n<p>Store the product in a dry, dark and cool place.<\/p>\n<p>Proizvo\u0111a\u010d: Diamond Pet Foods, Jefferson City, SAD<br \/>\nZemlja porekla: SAD<\/p>\n\n    <div class=\"xs_social_share_widget xs_share_url after_content \t\tmain_content  wslu-style-1 wslu-share-box-shaped wslu-fill-colored wslu-none wslu-share-horizontal wslu-theme-font-no wslu-main_content\">\n\n\t\t\n        <ul>\n\t\t\t        <\/ul>\n    <\/div>","protected":false},"excerpt":{"rendered":"<p>Taste Of The Wild Prey Cat je kompletna suva hrana za odrasle ma\u010dke, sa ukusom govedine<\/p>","protected":false},"featured_media":22842,"comment_status":"open","ping_status":"closed","template":"","meta":{"_acf_changed":false},"pwb-brand":[591,590],"product_cat":[23,21,149],"product_tag":[],"class_list":{"0":"post-22839","1":"product","2":"type-product","3":"status-publish","4":"has-post-thumbnail","6":"pwb-brand-tw-za-macke","7":"pwb-brand-taste-of-the-wild","8":"product_cat-macke","9":"product_cat-hrana-za-macke","10":"product_cat-granule-za-macke","12":"first","13":"instock","14":"taxable","15":"shipping-taxable","16":"purchasable","17":"product-type-variable","18":"has-default-attributes"},"acf":[],"brands":[{"id":590,"name":"Taste of the Wild","slug":"taste-of-the-wild"},{"id":591,"name":"Taste of the Wild Cat Food","slug":"tw-za-macke"}],"_links":{"self":[{"href":"https:\/\/pawz.rs\/en\/wp-json\/wp\/v2\/product\/22839","targetHints":{"allow":["GET"]}}],"collection":[{"href":"https:\/\/pawz.rs\/en\/wp-json\/wp\/v2\/product"}],"about":[{"href":"https:\/\/pawz.rs\/en\/wp-json\/wp\/v2\/types\/product"}],"replies":[{"embeddable":true,"href":"https:\/\/pawz.rs\/en\/wp-json\/wp\/v2\/comments?post=22839"}],"wp:featuredmedia":[{"embeddable":true,"href":"https:\/\/pawz.rs\/en\/wp-json\/wp\/v2\/media\/22842"}],"wp:attachment":[{"href":"https:\/\/pawz.rs\/en\/wp-json\/wp\/v2\/media?parent=22839"}],"wp:term":[{"taxonomy":"pwb-brand","embeddable":true,"href":"https:\/\/pawz.rs\/en\/wp-json\/wp\/v2\/pwb-brand?post=22839"},{"taxonomy":"product_cat","embeddable":true,"href":"https:\/\/pawz.rs\/en\/wp-json\/wp\/v2\/product_cat?post=22839"},{"taxonomy":"product_tag","embeddable":true,"href":"https:\/\/pawz.rs\/en\/wp-json\/wp\/v2\/product_tag?post=22839"}],"curies":[{"name":"wp","href":"https:\/\/api.w.org\/{rel}","templated":true}]}}