{"id":22843,"date":"2024-04-19T13:22:14","date_gmt":"2024-04-19T11:22:14","guid":{"rendered":"https:\/\/pawz.rs\/?post_type=product&#038;p=22843"},"modified":"2025-10-02T23:35:28","modified_gmt":"2025-10-02T21:35:28","slug":"taste-of-the-wild-prey-cat-curetina","status":"publish","type":"product","link":"https:\/\/pawz.rs\/en\/taste-of-the-wild-prey-cat-curetina\/","title":{"rendered":"Taste Of The Wild Prey Cat \u0106uretina"},"content":{"rendered":"<p><strong>Taste Of The Wild Prey Cat \u0106uretina<\/strong><\/p>\n<p>Dijeta sa ograni\u010denim sastojcima predstavlja jednostavniji na\u010din ishrane i vi\u0161e podsec\u0301a na na\u010din ishrane koji je predvi\u0111en za va\u0161u ma\u010dku.<\/p>\n<p>Sada svojoj ma\u010dki mo\u017eete pru\u017eiti kompletnu ishranu koja joj je potrebna i ukus za kojim \u017eudi, bez lova.<\/p>\n<p><strong>Sastav:<br \/>\n<\/strong>C\u0301uretina, so\u010divo, suncokretovo ulje (konzervirano sa me\u0161anim tokoferolima), prirodni ukus, ulje lososa (izvor DHA), DL-metionin, dikalcijum fosfat, kalcijum karbonat, sol, holin hlorid, taurin, su\u0161eni proizvod za fermentaciju Lactobacillus planta<\/p>\n<p>Serve food in dry form with available fresh water.<br \/>\nFor your pet&#039;s health, consult a veterinarian regularly.<\/p>\n<p>Store the product in a dry, dark and cool place.<\/p>\n<p>Proizvo\u0111a\u010d: Diamond Pet Foods, Jefferson City, SAD<br \/>\nZemlja porekla: SAD<\/p>\n\n    <div class=\"xs_social_share_widget xs_share_url after_content \t\tmain_content  wslu-style-1 wslu-share-box-shaped wslu-fill-colored wslu-none wslu-share-horizontal wslu-theme-font-no wslu-main_content\">\n\n\t\t\n        <ul>\n\t\t\t        <\/ul>\n    <\/div>","protected":false},"excerpt":{"rendered":"<p>Taste Of The Wild Prey Cat je kompletna suva hrana za odrasle ma\u010dke, sa ukusom \u0107uretine<\/p>","protected":false},"featured_media":22846,"comment_status":"open","ping_status":"closed","template":"","meta":{"_acf_changed":false},"pwb-brand":[591,590],"product_cat":[23,21,149],"product_tag":[],"class_list":{"0":"post-22843","1":"product","2":"type-product","3":"status-publish","4":"has-post-thumbnail","6":"pwb-brand-tw-za-macke","7":"pwb-brand-taste-of-the-wild","8":"product_cat-macke","9":"product_cat-hrana-za-macke","10":"product_cat-granule-za-macke","12":"first","13":"instock","14":"taxable","15":"shipping-taxable","16":"purchasable","17":"product-type-variable","18":"has-default-attributes"},"acf":[],"brands":[{"id":590,"name":"Taste of the Wild","slug":"taste-of-the-wild"},{"id":591,"name":"Taste of the Wild Cat Food","slug":"tw-za-macke"}],"_links":{"self":[{"href":"https:\/\/pawz.rs\/en\/wp-json\/wp\/v2\/product\/22843","targetHints":{"allow":["GET"]}}],"collection":[{"href":"https:\/\/pawz.rs\/en\/wp-json\/wp\/v2\/product"}],"about":[{"href":"https:\/\/pawz.rs\/en\/wp-json\/wp\/v2\/types\/product"}],"replies":[{"embeddable":true,"href":"https:\/\/pawz.rs\/en\/wp-json\/wp\/v2\/comments?post=22843"}],"wp:featuredmedia":[{"embeddable":true,"href":"https:\/\/pawz.rs\/en\/wp-json\/wp\/v2\/media\/22846"}],"wp:attachment":[{"href":"https:\/\/pawz.rs\/en\/wp-json\/wp\/v2\/media?parent=22843"}],"wp:term":[{"taxonomy":"pwb-brand","embeddable":true,"href":"https:\/\/pawz.rs\/en\/wp-json\/wp\/v2\/pwb-brand?post=22843"},{"taxonomy":"product_cat","embeddable":true,"href":"https:\/\/pawz.rs\/en\/wp-json\/wp\/v2\/product_cat?post=22843"},{"taxonomy":"product_tag","embeddable":true,"href":"https:\/\/pawz.rs\/en\/wp-json\/wp\/v2\/product_tag?post=22843"}],"curies":[{"name":"wp","href":"https:\/\/api.w.org\/{rel}","templated":true}]}}