{"id":22847,"date":"2024-04-19T13:22:11","date_gmt":"2024-04-19T11:22:11","guid":{"rendered":"https:\/\/pawz.rs\/?post_type=product&#038;p=22847"},"modified":"2024-05-10T18:32:55","modified_gmt":"2024-05-10T16:32:55","slug":"taste-of-the-wild-lowland-creek-feline-recipe","status":"publish","type":"product","link":"https:\/\/pawz.rs\/en\/taste-of-the-wild-lowland-creek-feline-recipe\/","title":{"rendered":"Taste Of The Wild Lowland Creek Feline Recipe"},"content":{"rendered":"<p><strong>Taste Of The Wild Lowland Creek Feline Recipe<\/strong><\/p>\n<p>Prepelice i patka su veoma ukusne i svarljive, \u0161to ovaj recept \u010dini odli\u010dnom ishranom za ma\u010dke koje \u017eude za \u017eivinom.<\/p>\n<p>Hrana za ma\u010dke za sve \u017eivotne faze, Lowland Creek sadr\u017ei probiotike specifi\u010dne za vrstu za probavu i podr\u0161ku imuniteta, taurin za podr\u0161ku zdravom srcu i o\u010dima, i antioksidante iz povrc\u0301a, mahunarki i voc\u0301a za op\u0161te blagostanje.<\/p>\n<p><strong>Sastav:<br \/>\n<\/strong>Patka, pa\u010dje bra\u0161no, c\u0301urec\u0301e bra\u0161no, pilec\u0301i obrok, slatki krompir, so\u010divo, gra\u0161ak, pilec\u0301a mast (konzervisana sa me\u0161avinom tokoferola), pe\u010dena prepelica, pe\u010dena patka, prirodna aroma, lososovo ulje (izvor DHA), DL-metionin, so , kalijum hlorid, holin hlorid, taurin, borovnice, maline, paradajz, su\u0161eni koren cikorije, su\u0161eni proizvod fermentacije Lactobacillus plantarum, su\u0161eni proizvod fermentacije Bacillus subtilis, su\u0161eni proizvod fermentacije Lactobacillus acidophilus, proizvod fermentacije Enterobaccoferium facodriec proizvod fermentacije, cink proteinat, suplement vitamina E, niacin, mangan proteinat, bakar proteinat, cink sulfat, mangan sulfat, bakar sulfat, tiamin mononitrat, suplement vitamina A, biotin, kalijum jodid, kalcijum pantotenat, riboflavin, piridoksin hidrohlorid, vitamin B12 selenit suplement, sod suplement vitamina D3, folna kiselina.<\/p>\n<p>Serve food in dry form with available fresh water.<br \/>\nFor your pet&#039;s health, consult a veterinarian regularly.<\/p>\n<p>Store the product in a dry, dark and cool place.<\/p>\n<p>Proizvo\u0111a\u010d: Diamond Pet Foods, Jefferson City, SAD<br \/>\nZemlja porekla: SAD<\/p>\n\n    <div class=\"xs_social_share_widget xs_share_url after_content \t\tmain_content  wslu-style-1 wslu-share-box-shaped wslu-fill-colored wslu-none wslu-share-horizontal wslu-theme-font-no wslu-main_content\">\n\n\t\t\n        <ul>\n\t\t\t        <\/ul>\n    <\/div>","protected":false},"excerpt":{"rendered":"<p>Taste Of The Wild Lowland Creek Feline Recipe je suva hrana za ma\u010dke sa kombinacijom ukusa, pa\u010detine i prepelice<\/p>","protected":false},"featured_media":22852,"comment_status":"open","ping_status":"closed","template":"","meta":{"_acf_changed":false},"pwb-brand":[590,591],"product_cat":[23,21,149],"product_tag":[],"class_list":{"0":"post-22847","1":"product","2":"type-product","3":"status-publish","4":"has-post-thumbnail","6":"pwb-brand-taste-of-the-wild","7":"pwb-brand-tw-za-macke","8":"product_cat-macke","9":"product_cat-hrana-za-macke","10":"product_cat-granule-za-macke","12":"first","13":"instock","14":"taxable","15":"shipping-taxable","16":"purchasable","17":"product-type-variable","18":"has-default-attributes"},"acf":[],"brands":[{"id":590,"name":"Taste of the Wild","slug":"taste-of-the-wild"},{"id":591,"name":"Taste of the Wild Cat Food","slug":"tw-za-macke"}],"_links":{"self":[{"href":"https:\/\/pawz.rs\/en\/wp-json\/wp\/v2\/product\/22847","targetHints":{"allow":["GET"]}}],"collection":[{"href":"https:\/\/pawz.rs\/en\/wp-json\/wp\/v2\/product"}],"about":[{"href":"https:\/\/pawz.rs\/en\/wp-json\/wp\/v2\/types\/product"}],"replies":[{"embeddable":true,"href":"https:\/\/pawz.rs\/en\/wp-json\/wp\/v2\/comments?post=22847"}],"wp:featuredmedia":[{"embeddable":true,"href":"https:\/\/pawz.rs\/en\/wp-json\/wp\/v2\/media\/22852"}],"wp:attachment":[{"href":"https:\/\/pawz.rs\/en\/wp-json\/wp\/v2\/media?parent=22847"}],"wp:term":[{"taxonomy":"pwb-brand","embeddable":true,"href":"https:\/\/pawz.rs\/en\/wp-json\/wp\/v2\/pwb-brand?post=22847"},{"taxonomy":"product_cat","embeddable":true,"href":"https:\/\/pawz.rs\/en\/wp-json\/wp\/v2\/product_cat?post=22847"},{"taxonomy":"product_tag","embeddable":true,"href":"https:\/\/pawz.rs\/en\/wp-json\/wp\/v2\/product_tag?post=22847"}],"curies":[{"name":"wp","href":"https:\/\/api.w.org\/{rel}","templated":true}]}}