{"id":23004,"date":"2024-04-20T15:46:13","date_gmt":"2024-04-20T13:46:13","guid":{"rendered":"https:\/\/pawz.rs\/?post_type=product&#038;p=23004"},"modified":"2026-02-01T13:28:32","modified_gmt":"2026-02-01T12:28:32","slug":"sanicat-posip-za-macke-active-white","status":"publish","type":"product","link":"https:\/\/pawz.rs\/en\/sanicat-posip-za-macke-active-white\/","title":{"rendered":"Sanicat Posip Za Ma\u010dke Active White"},"content":{"rendered":"<p><strong>Sanicat Posip Za Ma\u010dke Active White<\/strong><\/p>\n<p>Ekstra grudvaju\u0107i posip napravljen od \u010distog belog betonita oboga\u0107en aktivnim kiseonikom zahvaljuju\u0107i kome na prirodan na\u010din elimini\u0161e neprijatne mirise.<\/p>\n<p>Osim prirodnog aktivnog kiseonika ne sadr\u017ei nikakve antibakterijske hemikalije \u0161to ga \u010dini ekstremno bezbednim za Va\u0161e ljubimce te \u0161titi njihovo zdravlje.<\/p>\n<p><strong>Sastav:<\/strong><br \/>\nNajfiniji 100% \u010dist i bez pra\u0161ine beli ultra grudvaju\u0107i bentonit<\/p>\n<p><strong>Uputstvo za upotrebu:<\/strong><br \/>\nSipajte 8-10cm posipa u posudu.<\/p>\n<p>Redovno uklanjajte nastale grudvice.<\/p>\n<p>Posip dounjujte na 2-3 dana a potpuno ga zamenite kada po\u010dnu da se ose\u0107aju neprijatni mirisi.<\/p>\n<p>Ne bacati u wc \u0161olju!<\/p>\n<p>Dostupan u pakovanjima od 6L i 10L<\/p>\n<p>Proizvo\u0111a\u010d: Tolsa, S.A.<br \/>\nCountry of origin: EU<\/p>\n\n    <div class=\"xs_social_share_widget xs_share_url after_content \t\tmain_content  wslu-style-1 wslu-share-box-shaped wslu-fill-colored wslu-none wslu-share-horizontal wslu-theme-font-no wslu-main_content\">\n\n\t\t\n        <ul>\n\t\t\t        <\/ul>\n    <\/div>","protected":false},"excerpt":{"rendered":"<p>Sanicat Posip Za Ma\u010dke Active White sa finim belim betonitom sa aktivnim kiseonikom<\/p>","protected":false},"featured_media":23007,"comment_status":"open","ping_status":"closed","template":"","meta":{"_acf_changed":false},"pwb-brand":[873],"product_cat":[388,23,765,770,80],"product_tag":[],"class_list":{"0":"post-23004","1":"product","2":"type-product","3":"status-publish","4":"has-post-thumbnail","6":"pwb-brand-sanicat","7":"product_cat-higijenski-proizvodi","8":"product_cat-macke","9":"product_cat-oprema-za-macke","10":"product_cat-higijena-macaka","11":"product_cat-higijena-nega-macaka","13":"first","14":"instock","15":"taxable","16":"shipping-taxable","17":"purchasable","18":"product-type-variable","19":"has-default-attributes"},"acf":[],"brands":[{"id":873,"name":"Sanicat","slug":"sanicat"}],"_links":{"self":[{"href":"https:\/\/pawz.rs\/en\/wp-json\/wp\/v2\/product\/23004","targetHints":{"allow":["GET"]}}],"collection":[{"href":"https:\/\/pawz.rs\/en\/wp-json\/wp\/v2\/product"}],"about":[{"href":"https:\/\/pawz.rs\/en\/wp-json\/wp\/v2\/types\/product"}],"replies":[{"embeddable":true,"href":"https:\/\/pawz.rs\/en\/wp-json\/wp\/v2\/comments?post=23004"}],"wp:featuredmedia":[{"embeddable":true,"href":"https:\/\/pawz.rs\/en\/wp-json\/wp\/v2\/media\/23007"}],"wp:attachment":[{"href":"https:\/\/pawz.rs\/en\/wp-json\/wp\/v2\/media?parent=23004"}],"wp:term":[{"taxonomy":"pwb-brand","embeddable":true,"href":"https:\/\/pawz.rs\/en\/wp-json\/wp\/v2\/pwb-brand?post=23004"},{"taxonomy":"product_cat","embeddable":true,"href":"https:\/\/pawz.rs\/en\/wp-json\/wp\/v2\/product_cat?post=23004"},{"taxonomy":"product_tag","embeddable":true,"href":"https:\/\/pawz.rs\/en\/wp-json\/wp\/v2\/product_tag?post=23004"}],"curies":[{"name":"wp","href":"https:\/\/api.w.org\/{rel}","templated":true}]}}