{"id":23008,"date":"2024-04-20T15:46:14","date_gmt":"2024-04-20T13:46:14","guid":{"rendered":"https:\/\/pawz.rs\/?post_type=product&#038;p=23008"},"modified":"2025-08-02T14:07:56","modified_gmt":"2025-08-02T12:07:56","slug":"sanicat-posip-za-macke-strong-clumps-6-l","status":"publish","type":"product","link":"https:\/\/pawz.rs\/en\/sanicat-posip-za-macke-strong-clumps-6-l\/","title":{"rendered":"Sanicat Posip Za Ma\u010dke Strong Clumps 6 L"},"content":{"rendered":"<p><strong>Sanicat Posip Za Ma\u010dke Strong Clumps 6 L<\/strong><\/p>\n<p>Ultra-grudvaju\u0107i posip napravljen od 100% belog betonita iz Vajominga oboga\u0107en aktivnim kiseonikom koji poma\u017ee u kontroli neprijatnih mirisa<\/p>\n<p>Ovaj posip karakteri\u0161e velika mo\u0107 upijanja i grudvanja kao i odli\u010dna kontrola neprijatnih mirisa.<\/p>\n<p>Grudvice se lako i brzo uklanjaju iz posude za posip.<\/p>\n<p>Time se efikasno odr\u017eava higijena posipa uz maksimalni komfor.<\/p>\n<p>Oboga\u0107en je aktivnim kiseonikom i ne stvara pra\u0161inu \u0161to zna\u010di da se ne lepi za \u0161ape ma\u010dke a prostor oko ma\u010dijeg toaleta ostaje \u010dist.<\/p>\n<p>Ima prijatan miris bebi pudera.<\/p>\n<p>Upakovan je u 100% ekolo\u0161ko pakovanje lako za recikla\u017eu.<\/p>\n<p>Dostupno u pakovanju od 6L<\/p>\n<p><strong>Uputstvo za upotrebu:<\/strong><br \/>\nSipajte 8-10cm posipa u posudu.<\/p>\n<p>Redovno uklanjajte nastale grudvice.<\/p>\n<p>Posip dounjujte na 2-3 dana a potpuno ga zamenite kada po\u010dnu da se ose\u0107aju neprijatni mirisi.<\/p>\n<p>Ne bacati u wc \u0161olju!<\/p>\n<p>Proizvo\u0111a\u010d: Tolsa, S.A.<br \/>\nCountry of origin: EU<\/p>\n\n    <div class=\"xs_social_share_widget xs_share_url after_content \t\tmain_content  wslu-style-1 wslu-share-box-shaped wslu-fill-colored wslu-none wslu-share-horizontal wslu-theme-font-no wslu-main_content\">\n\n\t\t\n        <ul>\n\t\t\t        <\/ul>\n    <\/div>","protected":false},"excerpt":{"rendered":"<p>Sanicat Posip Za Ma\u010dke Strong Clumps je ultragrudvaju\u0107i posip, sa Vajoming Bentonitom sa aktivnim kiseonikom<\/p>","protected":false},"featured_media":23011,"comment_status":"open","ping_status":"closed","template":"","meta":{"_acf_changed":false},"pwb-brand":[873],"product_cat":[388,23,765,770,80],"product_tag":[],"class_list":{"0":"post-23008","1":"product","2":"type-product","3":"status-publish","4":"has-post-thumbnail","6":"pwb-brand-sanicat","7":"product_cat-higijenski-proizvodi","8":"product_cat-macke","9":"product_cat-oprema-za-macke","10":"product_cat-higijena-macaka","11":"product_cat-higijena-nega-macaka","13":"first","14":"outofstock","15":"taxable","16":"shipping-taxable","17":"purchasable","18":"product-type-simple"},"acf":[],"brands":[{"id":873,"name":"Sanicat","slug":"sanicat"}],"_links":{"self":[{"href":"https:\/\/pawz.rs\/en\/wp-json\/wp\/v2\/product\/23008","targetHints":{"allow":["GET"]}}],"collection":[{"href":"https:\/\/pawz.rs\/en\/wp-json\/wp\/v2\/product"}],"about":[{"href":"https:\/\/pawz.rs\/en\/wp-json\/wp\/v2\/types\/product"}],"replies":[{"embeddable":true,"href":"https:\/\/pawz.rs\/en\/wp-json\/wp\/v2\/comments?post=23008"}],"wp:featuredmedia":[{"embeddable":true,"href":"https:\/\/pawz.rs\/en\/wp-json\/wp\/v2\/media\/23011"}],"wp:attachment":[{"href":"https:\/\/pawz.rs\/en\/wp-json\/wp\/v2\/media?parent=23008"}],"wp:term":[{"taxonomy":"pwb-brand","embeddable":true,"href":"https:\/\/pawz.rs\/en\/wp-json\/wp\/v2\/pwb-brand?post=23008"},{"taxonomy":"product_cat","embeddable":true,"href":"https:\/\/pawz.rs\/en\/wp-json\/wp\/v2\/product_cat?post=23008"},{"taxonomy":"product_tag","embeddable":true,"href":"https:\/\/pawz.rs\/en\/wp-json\/wp\/v2\/product_tag?post=23008"}],"curies":[{"name":"wp","href":"https:\/\/api.w.org\/{rel}","templated":true}]}}