{"id":23016,"date":"2024-04-20T15:46:15","date_gmt":"2024-04-20T13:46:15","guid":{"rendered":"https:\/\/pawz.rs\/?post_type=product&#038;p=23016"},"modified":"2026-02-01T13:28:32","modified_gmt":"2026-02-01T12:28:32","slug":"sanicat-posip-za-macke-active-white-lotus","status":"publish","type":"product","link":"https:\/\/pawz.rs\/en\/sanicat-posip-za-macke-active-white-lotus\/","title":{"rendered":"Sanicat Posip Za Ma\u010dke Active White Lotus"},"content":{"rendered":"<p><strong>Sanicat Posip Za Ma\u010dke Active White Lotus<\/strong><\/p>\n<p>Sanicat Active White Lotus je proizveden od 100% najfinijeg belog bentonita i oplemenjen opu\u0161taju\u0107om mirisnom notom cveta lotosa<\/p>\n<p>Sanicat Active White Lotus je svakako jedan od najboljih higijenskih posipa za ma\u010dke na tr\u017ei\u0161tu i spada u na\u0161u premium kategoriju proizvoda.<\/p>\n<p>Ovaj elitni posip proizveden je od 100% najfinijeg belog bentonita koga karakteri\u0161u maksimalna efikasnost u neutralizaciji neprijatnih mirisa fiziolo\u0161kih izlu\u010devina ma\u010daka i \u010dak 200% ve\u0107a mo\u0107 upijanja.<\/p>\n<p>Oplemenjen je opu\u0161taju\u0107om mirisnom notom cveta lotosa koji ma\u010dke prosto obo\u017eavaju, a ima i relaksiraju\u0107i efekat na njih.<\/p>\n<p>Na zaprljanim mestima momentalno nastaju veoma male kompaktne grudve lake za izbacivanje.<\/p>\n<p>Nema pra\u0161ine, ne lepi se za \u0161apice, ne pravi blato.<\/p>\n<p>Sanicat Active White Lotus\u00a0je stvarno jedinstven proizvod najvi\u0161e kategorije kvaliteta.<\/p>\n<p>Ma\u010dke ga obo\u017eavaju.<\/p>\n<p><strong>Sastav:<\/strong><br \/>\n100% najfiniji beli bentonit sa mirisom lotosovog cveta.<\/p>\n<p><strong>Uputstvo za upotrebu:<\/strong><br \/>\nU posudu za ma\u010diji toalet sipati 5 do 7 cm debeo sloj Sanicat Active White Lotus\u00a0posipa.<\/p>\n<p>Male, tvrde i kompaktne grudve koje nastanu na upotrebljenom delu posipa treba uklanjati redovno.<\/p>\n<p>Dopuniti posudu svaka 2 do 3 dana.<\/p>\n<p>Promeniti kompletan posip kad izgubi svoju mo\u0107 (na 2 do 5 nedelja u zavisnosti od kvaliteta minerala razli\u010ditih SANICAT posipa).<\/p>\n<p>Pre sipanja novog posipa neophodno je oprati posudu za toalet toplom vodom i osu\u0161iti je.<\/p>\n<p>Ne koristite agresivne dezinficijense.<\/p>\n<p>Grudvice nastale posle upotrebe NE BACATI u WC \u0161olju i kanalizacione odvode.<\/p>\n<p>Dostupan u pakovanjima od 6L i 10L<\/p>\n<p>Proizvo\u0111a\u010d: Tolsa, S.A.<br \/>\nCountry of origin: EU<\/p>\n\n    <div class=\"xs_social_share_widget xs_share_url after_content \t\tmain_content  wslu-style-1 wslu-share-box-shaped wslu-fill-colored wslu-none wslu-share-horizontal wslu-theme-font-no wslu-main_content\">\n\n\t\t\n        <ul>\n\t\t\t        <\/ul>\n    <\/div>","protected":false},"excerpt":{"rendered":"<p>Sanicat Posip Za Ma\u010dke Active White Lotus je fini posip sa bentonitom sa aktivnim kiseonikom i mirisom cveta lotusa<\/p>","protected":false},"featured_media":23025,"comment_status":"open","ping_status":"closed","template":"","meta":{"_acf_changed":false},"pwb-brand":[873],"product_cat":[388,23,765,770,80],"product_tag":[],"class_list":{"0":"post-23016","1":"product","2":"type-product","3":"status-publish","4":"has-post-thumbnail","6":"pwb-brand-sanicat","7":"product_cat-higijenski-proizvodi","8":"product_cat-macke","9":"product_cat-oprema-za-macke","10":"product_cat-higijena-macaka","11":"product_cat-higijena-nega-macaka","13":"first","14":"instock","15":"taxable","16":"shipping-taxable","17":"purchasable","18":"product-type-variable","19":"has-default-attributes"},"acf":[],"brands":[{"id":873,"name":"Sanicat","slug":"sanicat"}],"_links":{"self":[{"href":"https:\/\/pawz.rs\/en\/wp-json\/wp\/v2\/product\/23016","targetHints":{"allow":["GET"]}}],"collection":[{"href":"https:\/\/pawz.rs\/en\/wp-json\/wp\/v2\/product"}],"about":[{"href":"https:\/\/pawz.rs\/en\/wp-json\/wp\/v2\/types\/product"}],"replies":[{"embeddable":true,"href":"https:\/\/pawz.rs\/en\/wp-json\/wp\/v2\/comments?post=23016"}],"wp:featuredmedia":[{"embeddable":true,"href":"https:\/\/pawz.rs\/en\/wp-json\/wp\/v2\/media\/23025"}],"wp:attachment":[{"href":"https:\/\/pawz.rs\/en\/wp-json\/wp\/v2\/media?parent=23016"}],"wp:term":[{"taxonomy":"pwb-brand","embeddable":true,"href":"https:\/\/pawz.rs\/en\/wp-json\/wp\/v2\/pwb-brand?post=23016"},{"taxonomy":"product_cat","embeddable":true,"href":"https:\/\/pawz.rs\/en\/wp-json\/wp\/v2\/product_cat?post=23016"},{"taxonomy":"product_tag","embeddable":true,"href":"https:\/\/pawz.rs\/en\/wp-json\/wp\/v2\/product_tag?post=23016"}],"curies":[{"name":"wp","href":"https:\/\/api.w.org\/{rel}","templated":true}]}}