{"id":23040,"date":"2024-04-20T15:46:06","date_gmt":"2024-04-20T13:46:06","guid":{"rendered":"https:\/\/pawz.rs\/?post_type=product&#038;p=23040"},"modified":"2026-02-01T13:28:31","modified_gmt":"2026-02-01T12:28:31","slug":"sanicat-negrudvajuci-posip-za-macke-kitten-5-l","status":"publish","type":"product","link":"https:\/\/pawz.rs\/en\/sanicat-negrudvajuci-posip-za-macke-kitten-5-l\/","title":{"rendered":"Sanicat Negrudvaju\u0107i Posip Za Ma\u010dke Kitten 5 L"},"content":{"rendered":"<p><strong>Sanicat Negrudvaju\u0107i Posip Za Ma\u010dke Kitten 5 L<\/strong><\/p>\n<p>Ovaj negrudvaju\u0107i i super upijaju\u0107i posip je idealan za u\u010denje ma\u010di\u0107a gde treba da obavljaju nu\u017edu.<\/p>\n<p>Sad\u017ei u sebi sitne granule valerijane.<\/p>\n<p>Nije toksi\u010dan te ne\u0107e na\u0161koditi ma\u010detu ukoliko slu\u010dajno pojede granulice posipa.<\/p>\n<p>Ne\u017ean je prema \u0161apama malih ma\u010di\u0107a.<\/p>\n<p>Odli\u010dna kontrola neprijatnih mirisa.<\/p>\n<p><strong>Uputstvo za upotrebu:<br \/>\n<\/strong><\/p>\n<p>Namenjen ma\u010di\u0107ima ve\u0107 od tre\u0107e nedelje starosti.<\/p>\n<p>Sipati posip u lako dostupnu, malu i plitku posudu ( idealno dimenzija 30x40cm ) na mirno i provetreno mesto.<\/p>\n<p>Sipati oko 3 cm posipa u posudu.<\/p>\n<p>Zameniti posip novim kada po\u010dnu da se ose\u0107aju neprijatni mirisi.<\/p>\n<p>Pre zamene posipa posudu temeljno oprati sapunom i toplom vodom<\/p>\n<p>NE BACATI posip u WC \u0161olju!<\/p>\n<p>Ukoliko ma\u010de obavi nu\u017edu van posude za posip hitno o\u010distiti i dezinfikovati to mesto.<\/p>\n<p>Proizvo\u0111a\u010d: Tolsa, S.A.<br \/>\nCountry of origin: EU<\/p>\n\n    <div class=\"xs_social_share_widget xs_share_url after_content \t\tmain_content  wslu-style-1 wslu-share-box-shaped wslu-fill-colored wslu-none wslu-share-horizontal wslu-theme-font-no wslu-main_content\">\n\n\t\t\n        <ul>\n\t\t\t        <\/ul>\n    <\/div>","protected":false},"excerpt":{"rendered":"<p>Sanicat Kitten je negrudvaju\u0107i posip napravljen od Sepiolita namenjen ma\u010di\u0107ima<\/p>","protected":false},"featured_media":23041,"comment_status":"open","ping_status":"closed","template":"","meta":{"_acf_changed":false},"pwb-brand":[873],"product_cat":[388,23,765,770,80],"product_tag":[],"class_list":{"0":"post-23040","1":"product","2":"type-product","3":"status-publish","4":"has-post-thumbnail","6":"pwb-brand-sanicat","7":"product_cat-higijenski-proizvodi","8":"product_cat-macke","9":"product_cat-oprema-za-macke","10":"product_cat-higijena-macaka","11":"product_cat-higijena-nega-macaka","13":"first","14":"instock","15":"taxable","16":"shipping-taxable","17":"purchasable","18":"product-type-simple"},"acf":[],"brands":[{"id":873,"name":"Sanicat","slug":"sanicat"}],"_links":{"self":[{"href":"https:\/\/pawz.rs\/en\/wp-json\/wp\/v2\/product\/23040","targetHints":{"allow":["GET"]}}],"collection":[{"href":"https:\/\/pawz.rs\/en\/wp-json\/wp\/v2\/product"}],"about":[{"href":"https:\/\/pawz.rs\/en\/wp-json\/wp\/v2\/types\/product"}],"replies":[{"embeddable":true,"href":"https:\/\/pawz.rs\/en\/wp-json\/wp\/v2\/comments?post=23040"}],"wp:featuredmedia":[{"embeddable":true,"href":"https:\/\/pawz.rs\/en\/wp-json\/wp\/v2\/media\/23041"}],"wp:attachment":[{"href":"https:\/\/pawz.rs\/en\/wp-json\/wp\/v2\/media?parent=23040"}],"wp:term":[{"taxonomy":"pwb-brand","embeddable":true,"href":"https:\/\/pawz.rs\/en\/wp-json\/wp\/v2\/pwb-brand?post=23040"},{"taxonomy":"product_cat","embeddable":true,"href":"https:\/\/pawz.rs\/en\/wp-json\/wp\/v2\/product_cat?post=23040"},{"taxonomy":"product_tag","embeddable":true,"href":"https:\/\/pawz.rs\/en\/wp-json\/wp\/v2\/product_tag?post=23040"}],"curies":[{"name":"wp","href":"https:\/\/api.w.org\/{rel}","templated":true}]}}