{"id":23044,"date":"2024-04-20T15:46:04","date_gmt":"2024-04-20T13:46:04","guid":{"rendered":"https:\/\/pawz.rs\/?post_type=product&#038;p=23044"},"modified":"2026-02-01T13:28:31","modified_gmt":"2026-02-01T12:28:31","slug":"sanicat-posip-za-macke-advanced-hygene-5-l","status":"publish","type":"product","link":"https:\/\/pawz.rs\/en\/sanicat-posip-za-macke-advanced-hygene-5-l\/","title":{"rendered":"Sanicat Posip Za Ma\u010dke Advanced Hygene 5 L"},"content":{"rendered":"<p><strong>Sanicat Posip Za Ma\u010dke Advanced Hygene 5 L<\/strong><\/p>\n<p>Upijaju\u0107i posip vrhunskog kvaliteta<\/p>\n<p>Napravljen od 100% Diatomita<\/p>\n<p>Zarobljava neprijatne mirise i do 30 dana zahvaljuju\u0107i mo\u0107i aktivnog kiseonika<\/p>\n<p>Bez pra\u0161ine i fleka<\/p>\n<p>Prija \u0161apama Va\u0161e ma\u010dke<\/p>\n<p>Diatomit je ultra lagani mineral<\/p>\n<p><strong>Uputstvo za upotrebu:<br \/>\n<\/strong>Obezbedite dovoljno veliku posudu za posip kako bi Va\u0161oj ma\u010dki bilo udobno.<\/p>\n<p>Sipajte 2 do 3 cm posipa u posudu.<\/p>\n<p>Svakoga dana pomo\u0107u lopatice izbacujte uprljane delove posipa.<\/p>\n<p>Povremeno protresite posudu kako bi sve\u017ee granule posipa isplivale na povr\u0161inu.<\/p>\n<p>Po potrebi ispraznite posudu i operite je blagim deterd\u017eentom.<\/p>\n<p>Temeljno osu\u0161ite posudu pre dosipanja novog posipa<\/p>\n<p>Proizvo\u0111a\u010d: Tolsa, S.A.<br \/>\nCountry of origin: EU<\/p>\n\n    <div class=\"xs_social_share_widget xs_share_url after_content \t\tmain_content  wslu-style-1 wslu-share-box-shaped wslu-fill-colored wslu-none wslu-share-horizontal wslu-theme-font-no wslu-main_content\">\n\n\t\t\n        <ul>\n\t\t\t        <\/ul>\n    <\/div>","protected":false},"excerpt":{"rendered":"<p>Sanicat Posip Za Ma\u010dke Advanced Hygene je upijaju\u0107i posip, sa aktivnim kiseonikom, bez mirisa<\/p>","protected":false},"featured_media":23045,"comment_status":"open","ping_status":"closed","template":"","meta":{"_acf_changed":false},"pwb-brand":[873],"product_cat":[388,23,765,770,80],"product_tag":[],"class_list":{"0":"post-23044","1":"product","2":"type-product","3":"status-publish","4":"has-post-thumbnail","6":"pwb-brand-sanicat","7":"product_cat-higijenski-proizvodi","8":"product_cat-macke","9":"product_cat-oprema-za-macke","10":"product_cat-higijena-macaka","11":"product_cat-higijena-nega-macaka","13":"first","14":"outofstock","15":"taxable","16":"shipping-taxable","17":"purchasable","18":"product-type-simple"},"acf":[],"brands":[{"id":873,"name":"Sanicat","slug":"sanicat"}],"_links":{"self":[{"href":"https:\/\/pawz.rs\/en\/wp-json\/wp\/v2\/product\/23044","targetHints":{"allow":["GET"]}}],"collection":[{"href":"https:\/\/pawz.rs\/en\/wp-json\/wp\/v2\/product"}],"about":[{"href":"https:\/\/pawz.rs\/en\/wp-json\/wp\/v2\/types\/product"}],"replies":[{"embeddable":true,"href":"https:\/\/pawz.rs\/en\/wp-json\/wp\/v2\/comments?post=23044"}],"wp:featuredmedia":[{"embeddable":true,"href":"https:\/\/pawz.rs\/en\/wp-json\/wp\/v2\/media\/23045"}],"wp:attachment":[{"href":"https:\/\/pawz.rs\/en\/wp-json\/wp\/v2\/media?parent=23044"}],"wp:term":[{"taxonomy":"pwb-brand","embeddable":true,"href":"https:\/\/pawz.rs\/en\/wp-json\/wp\/v2\/pwb-brand?post=23044"},{"taxonomy":"product_cat","embeddable":true,"href":"https:\/\/pawz.rs\/en\/wp-json\/wp\/v2\/product_cat?post=23044"},{"taxonomy":"product_tag","embeddable":true,"href":"https:\/\/pawz.rs\/en\/wp-json\/wp\/v2\/product_tag?post=23044"}],"curies":[{"name":"wp","href":"https:\/\/api.w.org\/{rel}","templated":true}]}}