{"id":23059,"date":"2024-04-20T15:46:01","date_gmt":"2024-04-20T13:46:01","guid":{"rendered":"https:\/\/pawz.rs\/?post_type=product&#038;p=23059"},"modified":"2026-02-01T13:28:31","modified_gmt":"2026-02-01T12:28:31","slug":"sanicat-recycled-corn-cob-6-l","status":"publish","type":"product","link":"https:\/\/pawz.rs\/en\/sanicat-recycled-corn-cob-6-l\/","title":{"rendered":"Sanicat Recycled Corn Cob 6 L"},"content":{"rendered":"<p><strong>Sanicat Recycled Corn Cob 6 L<\/strong><\/p>\n<p>Prirodni grudvaju\u0107i posip koji je ne\u017ean kako prema \u0161apama ma\u010daka tako i prema prirodnoj sredini.<\/p>\n<p>Napravljen je od 100% recikliranih poljoprivrednih materija.<\/p>\n<p><strong>Sastav:<br \/>\n<\/strong>97% ljuske kukuruznog klipa, 3% prirodni beli skrob<\/p>\n<p><strong>Uputstvo za upotrebu:<br \/>\n<\/strong>Napuniti posudu sa 4-5cm posipa.<\/p>\n<p>Redovno ukljanjati grudvice i ostalu prljav\u0161tinu.<\/p>\n<p>Dopunjavati posip kako bi se izbeglo da se grudvice zalepe za dno posude.<\/p>\n<p>Zameniti posip onda kada po\u010dnu da se osete neprijatni mirisi i kada izgubi higijensku svrhu.<\/p>\n<p>Posudu za posip oprati temeljno sapunom i toplom vodom.<\/p>\n<p>NE BACATI posip u WC \u0161olju!<\/p>\n<p>Proizvo\u0111a\u010d: Tolsa, S.A.<br \/>\nCountry of origin: EU<\/p>\n\n    <div class=\"xs_social_share_widget xs_share_url after_content \t\tmain_content  wslu-style-1 wslu-share-box-shaped wslu-fill-colored wslu-none wslu-share-horizontal wslu-theme-font-no wslu-main_content\">\n\n\t\t\n        <ul>\n\t\t\t        <\/ul>\n    <\/div>","protected":false},"excerpt":{"rendered":"<p>Sanicat Recycled Corn Cob je prirodni grudvaju\u0107i posip napravljen od recikliranih ljusaka kukuruznog klipa<\/p>","protected":false},"featured_media":23060,"comment_status":"open","ping_status":"closed","template":"","meta":{"_acf_changed":false},"pwb-brand":[873],"product_cat":[388,23,765,770,80],"product_tag":[],"class_list":{"0":"post-23059","1":"product","2":"type-product","3":"status-publish","4":"has-post-thumbnail","6":"pwb-brand-sanicat","7":"product_cat-higijenski-proizvodi","8":"product_cat-macke","9":"product_cat-oprema-za-macke","10":"product_cat-higijena-macaka","11":"product_cat-higijena-nega-macaka","13":"first","14":"outofstock","15":"taxable","16":"shipping-taxable","17":"purchasable","18":"product-type-simple"},"acf":[],"brands":[{"id":873,"name":"Sanicat","slug":"sanicat"}],"_links":{"self":[{"href":"https:\/\/pawz.rs\/en\/wp-json\/wp\/v2\/product\/23059","targetHints":{"allow":["GET"]}}],"collection":[{"href":"https:\/\/pawz.rs\/en\/wp-json\/wp\/v2\/product"}],"about":[{"href":"https:\/\/pawz.rs\/en\/wp-json\/wp\/v2\/types\/product"}],"replies":[{"embeddable":true,"href":"https:\/\/pawz.rs\/en\/wp-json\/wp\/v2\/comments?post=23059"}],"wp:featuredmedia":[{"embeddable":true,"href":"https:\/\/pawz.rs\/en\/wp-json\/wp\/v2\/media\/23060"}],"wp:attachment":[{"href":"https:\/\/pawz.rs\/en\/wp-json\/wp\/v2\/media?parent=23059"}],"wp:term":[{"taxonomy":"pwb-brand","embeddable":true,"href":"https:\/\/pawz.rs\/en\/wp-json\/wp\/v2\/pwb-brand?post=23059"},{"taxonomy":"product_cat","embeddable":true,"href":"https:\/\/pawz.rs\/en\/wp-json\/wp\/v2\/product_cat?post=23059"},{"taxonomy":"product_tag","embeddable":true,"href":"https:\/\/pawz.rs\/en\/wp-json\/wp\/v2\/product_tag?post=23059"}],"curies":[{"name":"wp","href":"https:\/\/api.w.org\/{rel}","templated":true}]}}