{"id":23061,"date":"2024-04-20T15:46:00","date_gmt":"2024-04-20T13:46:00","guid":{"rendered":"https:\/\/pawz.rs\/?post_type=product&#038;p=23061"},"modified":"2026-02-01T13:28:31","modified_gmt":"2026-02-01T12:28:31","slug":"sanicat-natura-activa-2-5-kg","status":"publish","type":"product","link":"https:\/\/pawz.rs\/en\/sanicat-natura-activa-2-5-kg\/","title":{"rendered":"Sanicat Natura Activa 2.5 kg"},"content":{"rendered":"<p><strong>Sanicat Natura Activa 2.5 kg<\/strong><\/p>\n<p>Prirodni grudvaju\u0107i posip koji je ne\u017ean kako prema \u0161apama ma\u010daka tako i prema prirodnoj sredini.<\/p>\n<p>Napravljen je od 100% recikliranih biljaka.<\/p>\n<p><strong>Uputstvo za upotrebu:<br \/>\n<\/strong>Napuniti posudu sa 4-5cm posipa.<\/p>\n<p>Redovno ukljanjati grudvice i ostalu prljav\u0161tinu.<\/p>\n<p>Dopunjavati posip kako bi se izbeglo da se grudvice zalepe za dno posude.<\/p>\n<p>Zameniti posip onda kada po\u010dnu da se osete neprijatni mirisi i kada izgubi higijensku svrhu.<\/p>\n<p>Posudu za posip oprati temeljno sapunom i toplom vodom.<\/p>\n<p>NE BACATI posip u WC \u0161olju!<\/p>\n<p>Proizvo\u0111a\u010d: Tolsa, S.A.<br \/>\nCountry of origin: EU<\/p>\n\n    <div class=\"xs_social_share_widget xs_share_url after_content \t\tmain_content  wslu-style-1 wslu-share-box-shaped wslu-fill-colored wslu-none wslu-share-horizontal wslu-theme-font-no wslu-main_content\">\n\n\t\t\n        <ul>\n\t\t\t        <\/ul>\n    <\/div>","protected":false},"excerpt":{"rendered":"<p>Sanicat Natura Activa je prirodni grudvaju\u0107i posip napravljen od recikliranih biljaka<\/p>","protected":false},"featured_media":23062,"comment_status":"open","ping_status":"closed","template":"","meta":{"_acf_changed":false},"pwb-brand":[873],"product_cat":[23,765,770,80,388],"product_tag":[],"class_list":{"0":"post-23061","1":"product","2":"type-product","3":"status-publish","4":"has-post-thumbnail","6":"pwb-brand-sanicat","7":"product_cat-macke","8":"product_cat-oprema-za-macke","9":"product_cat-higijena-macaka","10":"product_cat-higijena-nega-macaka","11":"product_cat-higijenski-proizvodi","13":"first","14":"instock","15":"taxable","16":"shipping-taxable","17":"purchasable","18":"product-type-simple"},"acf":[],"brands":[{"id":873,"name":"Sanicat","slug":"sanicat"}],"_links":{"self":[{"href":"https:\/\/pawz.rs\/en\/wp-json\/wp\/v2\/product\/23061","targetHints":{"allow":["GET"]}}],"collection":[{"href":"https:\/\/pawz.rs\/en\/wp-json\/wp\/v2\/product"}],"about":[{"href":"https:\/\/pawz.rs\/en\/wp-json\/wp\/v2\/types\/product"}],"replies":[{"embeddable":true,"href":"https:\/\/pawz.rs\/en\/wp-json\/wp\/v2\/comments?post=23061"}],"wp:featuredmedia":[{"embeddable":true,"href":"https:\/\/pawz.rs\/en\/wp-json\/wp\/v2\/media\/23062"}],"wp:attachment":[{"href":"https:\/\/pawz.rs\/en\/wp-json\/wp\/v2\/media?parent=23061"}],"wp:term":[{"taxonomy":"pwb-brand","embeddable":true,"href":"https:\/\/pawz.rs\/en\/wp-json\/wp\/v2\/pwb-brand?post=23061"},{"taxonomy":"product_cat","embeddable":true,"href":"https:\/\/pawz.rs\/en\/wp-json\/wp\/v2\/product_cat?post=23061"},{"taxonomy":"product_tag","embeddable":true,"href":"https:\/\/pawz.rs\/en\/wp-json\/wp\/v2\/product_tag?post=23061"}],"curies":[{"name":"wp","href":"https:\/\/api.w.org\/{rel}","templated":true}]}}